{"id":734375,"date":"2025-08-27T22:26:55","date_gmt":"2025-08-27T19:26:55","guid":{"rendered":"https:\/\/roveyayinevi.com.tr\/index.php\/urun\/gorunmez-kalp\/"},"modified":"2026-04-16T02:42:06","modified_gmt":"2026-04-15T23:42:06","slug":"gorunmez-kalp","status":"publish","type":"product","link":"https:\/\/roveyayinevi.com.tr\/index.php\/urun\/gorunmez-kalp\/","title":{"rendered":"G\u00f6r\u00fcnmez Kalp"},"content":{"rendered":"<p>\u201cAdam\u0131n biri \u00f6lm\u00fc\u015f,\u201d dedi Sam, \u201cve kendisini d\u00fcnyan\u0131n en g\u00fczel alabal\u0131k nehrinin kenar\u0131nda bulmu\u015f. G\u00f6ky\u00fcz\u00fc masmaviymi\u015f ve adam\u0131n elinde en kalitelisinden bir de olta duruyormu\u015f. \u00d6n\u00fcnde bir nehir uzan\u0131yormu\u015f, m\u00fckemmel bir alabal\u0131k \u0131rma\u011f\u0131, kimi yerde h\u0131zl\u0131, kimi yerde yava\u015f akan bir su k\u00fctlesi. Adam b\u00fct\u00fcn \u00f6mr\u00fc boyunca \u2018ah bal\u0131k tutacak biraz vaktim olsa,\u2019 der dururmu\u015f me\u011fer. Cennet\u2019te oldu\u011funu d\u00fc\u015f\u00fcnm\u00fc\u015f. Nehre bir bakm\u0131\u015f, d\u00f6nen bir yer var, bir bal\u0131k b\u00f6cek i\u00e7in s\u0131\u00e7ram\u0131\u015f. Tam olmas\u0131 gereken yere oltay\u0131 atm\u0131\u015f, an\u0131nda su dalgalanm\u0131\u015f, kocaman bir bal\u0131k suyun y\u00fcz\u00fcne \u00e7\u0131km\u0131\u015f. S\u0131\u00e7rad\u0131k\u00e7a etraf\u0131nda sular dalgalan\u0131yormu\u015f. Bal\u0131\u011f\u0131n kuvveti ve rengarenk g\u00f6r\u00fcnt\u00fcs\u00fc adam\u0131 korkuyla kar\u0131\u015f\u0131k bir hayranl\u0131\u011fa s\u00fcr\u00fcklemi\u015f. Biraz m\u00fccadeleden sonra bal\u0131\u011f\u0131 yakalam\u0131\u015f ve yere uzatm\u0131\u015f. Herhalde 5-6 kg. varm\u0131\u015f! Renkleri de ne kadar canl\u0131ym\u0131\u015f. Bal\u0131\u011f\u0131 orada b\u0131rak\u0131p yeniden nehre d\u00f6nm\u00fc\u015f. Yine bal\u0131\u011f\u0131n biri, bir b\u00f6cek i\u00e7in havaya s\u0131\u00e7ram\u0131\u015f. Adam yine tam isabetli bir olta atm\u0131\u015f. Yine \u00e7ok g\u00fczel ba\u015fka bir bal\u0131k yakalam\u0131\u015f. Bu bir mucizeden ba\u015fka bir \u015fey de\u011filmi\u015f. Adam Allah\u2019a \u015f\u00fckretmek i\u00e7in dizleri \u00fczerine \u00e7\u00f6km\u00fc\u015f. L\u00e2kin g\u00fcn ilerleyip de adam her giri\u015fiminin sonunda bal\u0131k \u00fcst\u00fcne bal\u0131k destelemeye ba\u015flay\u0131nca, bilincinin k\u0131y\u0131c\u0131\u011f\u0131ndan bir d\u00fc\u015f\u00fcnce kendini hissettirmeye ba\u015flam\u0131\u015f. Bir defa da bilerek k\u00f6t\u00fc bir olta sallamaya karar vermi\u015f. Ayn\u0131 \u015fekilde yine bir bal\u0131k s\u0131\u00e7ram\u0131\u015f ve adam\u0131n oltas\u0131na yakalanm\u0131\u015f. Adam bal\u0131\u011f\u0131 korkutmak i\u00e7in ba\u015flam\u0131\u015f ba\u011f\u0131rmaya ve \u00fcst\u00fcne su atmaya. Hi\u00e7bir \u015fey fark etmemi\u015f, her olta at\u0131\u015f\u0131 garanti bir bal\u0131k getiriyormu\u015f. O anda anlam\u0131\u015f ki, oras\u0131 Cennet falan de\u011fil.\u201d <\/p>\n","protected":false},"excerpt":{"rendered":"<p>\u201cAdam\u0131n biri \u00f6lm\u00fc\u015f,\u201d dedi Sam, \u201cve kendisini d\u00fcnyan\u0131n en g\u00fczel alabal\u0131k nehrinin kenar\u0131nda bulmu\u015f. G\u00f6ky\u00fcz\u00fc masmaviymi\u015f ve adam\u0131n elinde en kalitelisinden bir de olta duruyormu\u015f. \u00d6n\u00fcnde<span class=\"excerpt-hellip\"> [\u2026]<\/span><\/p>\n","protected":false},"featured_media":0,"template":"","meta":{"_monsterinsights_skip_tracking":false,"_monsterinsights_sitenote_active":false,"_monsterinsights_sitenote_note":"","_monsterinsights_sitenote_category":0},"product_brand":[],"product_cat":[12291,12711],"product_tag":[],"class_list":{"0":"post-734375","1":"product","2":"type-product","3":"status-publish","5":"product_cat-edebiyat","6":"product_cat-roman-oyku","7":"pa_cilt-ciltsiz","8":"pa_tur-kitap","9":"pa_yayinevi-serbest-akademi","10":"pa_yazar-russell-d-roberts","12":"first","13":"instock","14":"sale","15":"shipping-taxable","16":"purchasable","17":"product-type-simple"},"_links":{"self":[{"href":"https:\/\/roveyayinevi.com.tr\/index.php\/wp-json\/wp\/v2\/product\/734375","targetHints":{"allow":["GET"]}}],"collection":[{"href":"https:\/\/roveyayinevi.com.tr\/index.php\/wp-json\/wp\/v2\/product"}],"about":[{"href":"https:\/\/roveyayinevi.com.tr\/index.php\/wp-json\/wp\/v2\/types\/product"}],"wp:attachment":[{"href":"https:\/\/roveyayinevi.com.tr\/index.php\/wp-json\/wp\/v2\/media?parent=734375"}],"wp:term":[{"taxonomy":"product_brand","embeddable":true,"href":"https:\/\/roveyayinevi.com.tr\/index.php\/wp-json\/wp\/v2\/product_brand?post=734375"},{"taxonomy":"product_cat","embeddable":true,"href":"https:\/\/roveyayinevi.com.tr\/index.php\/wp-json\/wp\/v2\/product_cat?post=734375"},{"taxonomy":"product_tag","embeddable":true,"href":"https:\/\/roveyayinevi.com.tr\/index.php\/wp-json\/wp\/v2\/product_tag?post=734375"}],"curies":[{"name":"wp","href":"https:\/\/api.w.org\/{rel}","templated":true}]}}