{"id":734374,"date":"2025-08-27T22:26:54","date_gmt":"2025-08-27T19:26:54","guid":{"rendered":"https:\/\/roveyayinevi.com.tr\/index.php\/urun\/felsefeye-giris-7\/"},"modified":"2026-04-16T02:42:06","modified_gmt":"2026-04-15T23:42:06","slug":"felsefeye-giris-7","status":"publish","type":"product","link":"https:\/\/roveyayinevi.com.tr\/index.php\/urun\/felsefeye-giris-7\/","title":{"rendered":"Felsefeye Giri\u015f"},"content":{"rendered":"<p>Ciddi olan her eser, \u00fczerine d\u00fc\u015f\u00fcn\u00fclmeyi gerekli k\u0131lar. Hele ki bu eser felsefi gelene\u011fin geni\u015f k\u00fclliyat\u0131n\u0131 tan\u0131tmak ve felsefi d\u00fc\u015f\u00fcnmenin yollar\u0131n\u0131 \u00f6\u011fretmek amac\u0131ndaysa, bu, ba\u015fl\u0131 ba\u015f\u0131na zor bir i\u015ftir. Columbia \u00dcniversitesi felsefe profes\u00f6rleri olan John-Herman Randall, Jr. ve Justus Buchler taraf\u0131ndan yaz\u0131lm\u0131\u015f olan bu eser, bu zor i\u015fi hakk\u0131yla ba\u015faran \u00f6nemli bir felsefeye giri\u015f kitab\u0131d\u0131r.  \u0130lk kez 1982 y\u0131l\u0131nda Ahmet Arslan\u2019\u0131n titiz \u00e7evirisi ile T\u00fcrk\u00e7e\u2019ye kazand\u0131r\u0131lm\u0131\u015f olan kitap, aradan ge\u00e7en 32 senenin ard\u0131ndan ak\u0131c\u0131l\u0131\u011f\u0131ndan ve a\u00e7\u0131klay\u0131c\u0131l\u0131\u011f\u0131ndan hi\u00e7bir \u015fey kaybetmeden yeniden okuyucusunun kar\u015f\u0131s\u0131na \u00e7\u0131kmaktad\u0131r.   Kitap \u00fc\u00e7 b\u00f6l\u00fcmden olu\u015fmaktad\u0131r: \u201cFelsefi D\u00fc\u015f\u00fcncenin \u0130nsan Hayat\u0131ndaki Rol\u00fc\u201d, \u201cFelsefenin Analitik \u0130\u015flevi\u201d ve \u201cFelsefenin Kurgusal \u0130\u015flevi.\u201d Ahmet Arslan\u2019\u0131n da belirtti\u011fi gibi: \u201cHer b\u00f6l\u00fcmde ele al\u0131nan belli ba\u015fl\u0131 g\u00f6r\u00fc\u015f veya kuramlar\u0131n, hemen arkas\u0131ndan gelen Ele\u015ftirel D\u00fc\u015f\u00fcnceler k\u0131sm\u0131 ilgili g\u00f6r\u00fc\u015f veya kuram\u0131n ba\u015far\u0131 veya eksiklerinin daha iyi kavranmas\u0131nda \u00e7ok yard\u0131m edici niteliktedir. Gereken yerlerde filozoflar\u0131n kendi yap\u0131tlar\u0131ndan yap\u0131lan al\u0131nt\u0131lar ak\u0131ll\u0131ca se\u00e7ilmi\u015f olup, \u00f6l\u00e7\u00fcl\u00fc ve ayd\u0131nlat\u0131c\u0131 niteliktedir. Belki b\u00fct\u00fcn bunlardan daha da \u00f6nemli olmak \u00fczere yazarlar kendi g\u00f6r\u00fc\u015f ve tercihlerinin nereye gitti\u011fini a\u00e7\u0131k\u00e7a belirtmekten ka\u00e7\u0131nmamakla birlikte, ele ald\u0131klar\u0131 her kuram veya g\u00f6r\u00fc\u015fe ayn\u0131 ciddilik, \u00f6l\u00e7\u00fcl\u00fcl\u00fck ve hakkaniyetle yakla\u015fma erdemini g\u00f6stermekten geri kalmamaktad\u0131rlar.\u201d <\/p>\n","protected":false},"excerpt":{"rendered":"<p>Ciddi olan her eser, \u00fczerine d\u00fc\u015f\u00fcn\u00fclmeyi gerekli k\u0131lar. Hele ki bu eser felsefi gelene\u011fin geni\u015f k\u00fclliyat\u0131n\u0131 tan\u0131tmak ve felsefi d\u00fc\u015f\u00fcnmenin yollar\u0131n\u0131 \u00f6\u011fretmek amac\u0131ndaysa, bu, ba\u015fl\u0131 ba\u015f\u0131na<span class=\"excerpt-hellip\"> [\u2026]<\/span><\/p>\n","protected":false},"featured_media":0,"template":"","meta":{"_monsterinsights_skip_tracking":false,"_monsterinsights_sitenote_active":false,"_monsterinsights_sitenote_note":"","_monsterinsights_sitenote_category":0},"product_brand":[],"product_cat":[12388,13555],"product_tag":[],"class_list":{"0":"post-734374","1":"product","2":"type-product","3":"status-publish","5":"product_cat-felsefe","6":"product_cat-genel-felsefe","7":"pa_cilt-ciltsiz","8":"pa_tur-kitap","9":"pa_yayinevi-serbest-akademi","10":"pa_yazar-john-herman-randall-justus-buchler","12":"first","13":"instock","14":"sale","15":"shipping-taxable","16":"purchasable","17":"product-type-simple"},"_links":{"self":[{"href":"https:\/\/roveyayinevi.com.tr\/index.php\/wp-json\/wp\/v2\/product\/734374","targetHints":{"allow":["GET"]}}],"collection":[{"href":"https:\/\/roveyayinevi.com.tr\/index.php\/wp-json\/wp\/v2\/product"}],"about":[{"href":"https:\/\/roveyayinevi.com.tr\/index.php\/wp-json\/wp\/v2\/types\/product"}],"wp:attachment":[{"href":"https:\/\/roveyayinevi.com.tr\/index.php\/wp-json\/wp\/v2\/media?parent=734374"}],"wp:term":[{"taxonomy":"product_brand","embeddable":true,"href":"https:\/\/roveyayinevi.com.tr\/index.php\/wp-json\/wp\/v2\/product_brand?post=734374"},{"taxonomy":"product_cat","embeddable":true,"href":"https:\/\/roveyayinevi.com.tr\/index.php\/wp-json\/wp\/v2\/product_cat?post=734374"},{"taxonomy":"product_tag","embeddable":true,"href":"https:\/\/roveyayinevi.com.tr\/index.php\/wp-json\/wp\/v2\/product_tag?post=734374"}],"curies":[{"name":"wp","href":"https:\/\/api.w.org\/{rel}","templated":true}]}}