{"id":734370,"date":"2025-08-27T22:26:51","date_gmt":"2025-08-27T19:26:51","guid":{"rendered":"https:\/\/roveyayinevi.com.tr\/index.php\/urun\/dogu-bati-dusunce-dergisi-sayi-74-sinema-tutkusu-3\/"},"modified":"2026-04-16T02:42:06","modified_gmt":"2026-04-15T23:42:06","slug":"dogu-bati-dusunce-dergisi-sayi-74-sinema-tutkusu-3","status":"publish","type":"product","link":"https:\/\/roveyayinevi.com.tr\/index.php\/urun\/dogu-bati-dusunce-dergisi-sayi-74-sinema-tutkusu-3\/","title":{"rendered":"Do\u011fu Bat\u0131 D\u00fc\u015f\u00fcnce Dergisi Say\u0131 74 &#8211; Sinema Tutkusu 3"},"content":{"rendered":"<p>-B\u00fclent Diken K\u0131\u015f Uykusu- Sosyal Bir Topoloji Olarak Yokolu\u015f -Tun\u00e7 Y\u0131ld\u0131r\u0131m T\u00fcrk Sinema Tarihyaz\u0131m\u0131 ve T\u00fcrler: Ye\u015fil\u00e7am&#8217;\u0131n Stand T\u00fcrlerine Giri\u015f Melodramlar &#8211; K\u00f6y Filmleri (1948-1959) -Zehra Cerraho\u011flu Z\u0131raman 1990 Sonras\u0131 T\u00fcrkiye Sinemas\u0131 ve Reha Erdem Filmleri -P\u0131nar Ferry Kanun Nam\u0131na&#8217;dan E\u015fk\u0131ya&#8217;ya T\u00fcrk Sinemas\u0131&#8217;nda Adalet Sava\u015f\u00e7\u0131s\u0131 -Yasin Sofuo\u011flu Bir Yal\u0131nl\u0131k Olarak Varolu\u015f, Bir Duygulan\u0131m Olarak Sinema -Alkan Avc\u0131o\u011flu G\u00f6rsel Haz Politikas\u0131 \u00dczerinde Oyunlar: Su\u00e7 Objesi Olarak Kad\u0131nlar -Eren Y\u00fcksel Kad\u0131n Y\u00f6netmenlerin Filmlerinde Erkeklik Temsilleri ve \u015eiddet -Esin Berkta\u015f Yunan Yeni Dalga Sinemas\u0131: Avranas&#8217;\u0131n \u015eiddet G\u00fczeli Filminde Aile \u0130\u00e7i Cinsel \u0130stismar\u0131n Temsili -\u00d6zge Yal\u00e7\u0131n \u0130talya&#8217;da Bir Don Ki\u015fot Esintisi: \u0130talyan Yeni Ger\u00e7ek\u00e7ili\u011fi -Yunus Namaz Afrika Sinemas\u0131n\u0131n S\u00f6m\u00fcrgecilikle \u0130mtihan\u0131: Senegal&#8217;de Sinema ve Senegalli \u0130lk Y\u00f6netmenlere -Yusuf Ziya G\u00f6k\u00e7ek Kolonyal Haf\u0131za&#8217;dan Dekolonizasyon \u00d6forisi&#8217;ne: Afrika Sinemas\u0131n\u0131 Hik\u00e2yele\u015ftirmek <\/p>\n","protected":false},"excerpt":{"rendered":"<p>-B\u00fclent Diken K\u0131\u015f Uykusu- Sosyal Bir Topoloji Olarak Yokolu\u015f -Tun\u00e7 Y\u0131ld\u0131r\u0131m T\u00fcrk Sinema Tarihyaz\u0131m\u0131 ve T\u00fcrler: Ye\u015fil\u00e7am&#8217;\u0131n Stand T\u00fcrlerine Giri\u015f Melodramlar &#8211; K\u00f6y Filmleri (1948-1959) -Zehra<span class=\"excerpt-hellip\"> [\u2026]<\/span><\/p>\n","protected":false},"featured_media":0,"template":"","meta":{"_monsterinsights_skip_tracking":false,"_monsterinsights_sitenote_active":false,"_monsterinsights_sitenote_note":"","_monsterinsights_sitenote_category":0},"product_brand":[],"product_cat":[13527],"product_tag":[],"class_list":{"0":"post-734370","1":"product","2":"type-product","3":"status-publish","5":"product_cat-sureli-yayinlar","6":"pa_cilt-ciltsiz","7":"pa_tur-kitap","8":"pa_yayinevi-dogu-bati-dergileri","9":"pa_yazar-dogu-bati-kolektif","11":"first","12":"instock","13":"sale","14":"shipping-taxable","15":"purchasable","16":"product-type-simple"},"_links":{"self":[{"href":"https:\/\/roveyayinevi.com.tr\/index.php\/wp-json\/wp\/v2\/product\/734370","targetHints":{"allow":["GET"]}}],"collection":[{"href":"https:\/\/roveyayinevi.com.tr\/index.php\/wp-json\/wp\/v2\/product"}],"about":[{"href":"https:\/\/roveyayinevi.com.tr\/index.php\/wp-json\/wp\/v2\/types\/product"}],"wp:attachment":[{"href":"https:\/\/roveyayinevi.com.tr\/index.php\/wp-json\/wp\/v2\/media?parent=734370"}],"wp:term":[{"taxonomy":"product_brand","embeddable":true,"href":"https:\/\/roveyayinevi.com.tr\/index.php\/wp-json\/wp\/v2\/product_brand?post=734370"},{"taxonomy":"product_cat","embeddable":true,"href":"https:\/\/roveyayinevi.com.tr\/index.php\/wp-json\/wp\/v2\/product_cat?post=734370"},{"taxonomy":"product_tag","embeddable":true,"href":"https:\/\/roveyayinevi.com.tr\/index.php\/wp-json\/wp\/v2\/product_tag?post=734370"}],"curies":[{"name":"wp","href":"https:\/\/api.w.org\/{rel}","templated":true}]}}