{"id":734369,"date":"2025-08-27T22:26:51","date_gmt":"2025-08-27T19:26:51","guid":{"rendered":"https:\/\/roveyayinevi.com.tr\/index.php\/urun\/dogu-bati-dusunce-dergisi-sayi-73-sinema-tutkusu-2\/"},"modified":"2026-04-16T02:42:06","modified_gmt":"2026-04-15T23:42:06","slug":"dogu-bati-dusunce-dergisi-sayi-73-sinema-tutkusu-2","status":"publish","type":"product","link":"https:\/\/roveyayinevi.com.tr\/index.php\/urun\/dogu-bati-dusunce-dergisi-sayi-73-sinema-tutkusu-2\/","title":{"rendered":"Do\u011fu Bat\u0131 D\u00fc\u015f\u00fcnce Dergisi Say\u0131 73 &#8211; Sinema Tutkusu 2"},"content":{"rendered":"<p>\u00d6zlem O\u011fuzhan Bilimkurgu Sinemas\u0131 ve \u0130lerleme \u0130deali: &#8220;Di Lampedusa Stratejisi&#8221;ni Yeniden D\u00fc\u015f\u00fcnmek Orhun Yak\u0131n G\u00fcnah, Kefaret, Kurtulu\u015f ya da Cehennem: Abel Ferrara&#8217;dan Bad Lieutenant Hatice Karaku\u015f Sineman\u0131n Sessiz \u00c7ocu\u011fu: Kim Ki Duk O\u011fuz Adan\u0131r D\u00fcnyan\u0131n En \u0130yi Sinemas\u0131 ve En G\u00fczel Filmleri (1950-1980) Aylin \u00d6zman &amp; \u0130mge Tu\u011f\u00e7e Ba\u011f\u0131r \u0130talyan Yeni Ger\u00e7ek\u00e7ili\u011fi ve Francesco Rosi&#8217;nin Politik Sinemas\u0131 Cristo Si \u00e8 Fermato A Eboli \u00dczerine Notlar Merve Ertene Sonsuzlu\u011fun Olumsuzlanmas\u0131: Berlin \u00dczerindeki G\u00f6ky\u00fcz\u00fc \u00dczerine Bir \u0130nceleme Erdem \u00c7olak Das Weisse Band \u00dczerine Fragmanlar Bar\u0131\u015f K\u0131l\u0131n\u00e7 Haneke ile Modern Uygarl\u0131\u011f\u0131 Tart\u0131\u015f\u0131rken\u2026 Asuman Susam Demirkubuz Sinemas\u0131: K\u00f6t\u00fcl\u00fck \u00dczerine \u00c7e\u015fitlemeler Tun\u00e7 Y\u0131ld\u0131r\u0131m T\u00fcrk Sinema Tarihyaz\u0131m\u0131 ve T\u00fcrler: Ye\u015fil\u00e7am&#8217;\u0131n Standart T\u00fcrlerine Giri\u015f Tarihi Filmler &#8211; Komediler &#8211; Polisiyeler (1948-1959) (Tan\u0131t\u0131m B\u00fclteninden) <\/p>\n","protected":false},"excerpt":{"rendered":"<p>\u00d6zlem O\u011fuzhan Bilimkurgu Sinemas\u0131 ve \u0130lerleme \u0130deali: &#8220;Di Lampedusa Stratejisi&#8221;ni Yeniden D\u00fc\u015f\u00fcnmek Orhun Yak\u0131n G\u00fcnah, Kefaret, Kurtulu\u015f ya da Cehennem: Abel Ferrara&#8217;dan Bad Lieutenant Hatice Karaku\u015f<span class=\"excerpt-hellip\"> [\u2026]<\/span><\/p>\n","protected":false},"featured_media":0,"template":"","meta":{"_monsterinsights_skip_tracking":false,"_monsterinsights_sitenote_active":false,"_monsterinsights_sitenote_note":"","_monsterinsights_sitenote_category":0},"product_brand":[],"product_cat":[13527],"product_tag":[],"class_list":{"0":"post-734369","1":"product","2":"type-product","3":"status-publish","5":"product_cat-sureli-yayinlar","6":"pa_cilt-ciltsiz","7":"pa_tur-kitap","8":"pa_yayinevi-dogu-bati-dergileri","9":"pa_yazar-dogu-bati-kolektif","11":"first","12":"instock","13":"sale","14":"shipping-taxable","15":"purchasable","16":"product-type-simple"},"_links":{"self":[{"href":"https:\/\/roveyayinevi.com.tr\/index.php\/wp-json\/wp\/v2\/product\/734369","targetHints":{"allow":["GET"]}}],"collection":[{"href":"https:\/\/roveyayinevi.com.tr\/index.php\/wp-json\/wp\/v2\/product"}],"about":[{"href":"https:\/\/roveyayinevi.com.tr\/index.php\/wp-json\/wp\/v2\/types\/product"}],"wp:attachment":[{"href":"https:\/\/roveyayinevi.com.tr\/index.php\/wp-json\/wp\/v2\/media?parent=734369"}],"wp:term":[{"taxonomy":"product_brand","embeddable":true,"href":"https:\/\/roveyayinevi.com.tr\/index.php\/wp-json\/wp\/v2\/product_brand?post=734369"},{"taxonomy":"product_cat","embeddable":true,"href":"https:\/\/roveyayinevi.com.tr\/index.php\/wp-json\/wp\/v2\/product_cat?post=734369"},{"taxonomy":"product_tag","embeddable":true,"href":"https:\/\/roveyayinevi.com.tr\/index.php\/wp-json\/wp\/v2\/product_tag?post=734369"}],"curies":[{"name":"wp","href":"https:\/\/api.w.org\/{rel}","templated":true}]}}