{"id":734366,"date":"2025-08-27T22:26:48","date_gmt":"2025-08-27T19:26:48","guid":{"rendered":"https:\/\/roveyayinevi.com.tr\/index.php\/urun\/prens-burnubuyuk\/"},"modified":"2026-04-16T02:42:06","modified_gmt":"2026-04-15T23:42:06","slug":"prens-burnubuyuk","status":"publish","type":"product","link":"https:\/\/roveyayinevi.com.tr\/index.php\/urun\/prens-burnubuyuk\/","title":{"rendered":"Prens Burnub\u00fcy\u00fck"},"content":{"rendered":"<p>Bu kitab\u0131 okuyanlar\u0131n notu 10 \u00fczerinden 10!\u00c7ocuklar\u0131n d\u00fcnyaya \u201coyunbaz\u201d bir mercekten bakmalar\u0131n\u0131 sa\u011flayan evrensel \u00f6yk\u00fcleriyle tan\u0131nan Eva Furnari&#8217;nin imzas\u0131n\u0131 ta\u015f\u0131yan Prens Burnub\u00fcy\u00fck, okurunu zamanda ve mek\u00e2nda u\u00e7ar\u0131 bir yolculu\u011fa \u00e7\u0131karan, hem komik hem de d\u00fc\u015f\u00fcnd\u00fcren bir kitap.Yaratt\u0131\u011f\u0131 nevi \u015fahs\u0131na m\u00fcnhas\u0131r prens karakteri \u00fczerinden toplumdaki yayg\u0131n d\u00fc\u015f\u00fcnsel yan\u0131lg\u0131lara temas eden sanat\u00e7\u0131, g\u00fcnl\u00fck hayatta s\u0131k\u00e7a kar\u015f\u0131la\u015f\u0131lan \u00f6nyarg\u0131l\u0131 fikirler ile buna ba\u011fl\u0131 olarak kendili\u011finden geli\u015fen ayr\u0131mc\u0131l\u0131\u011fa da vurgu yap\u0131yor.\u201cUzun boylu, zay\u0131f, sar\u0131\u015f\u0131n, iyi giyimli, g\u00fczel kokulu ama k\u00fclt\u00fcrs\u00fcz, okumam\u0131\u015f. Notu be\u015f.\u201d Bilmi\u015fya Krall\u0131\u011f\u0131&#8217;n\u0131n biricik prensi Burnub\u00fcy\u00fck, t\u00fcrl\u00fc tuhafl\u0131klar\u0131yla yedi d\u00fcvele nam salm\u0131\u015f. Ba\u015fkalar\u0131n\u0131n kusurlar\u0131n\u0131 saymak ve \u00fcst\u00fcne bir de onlara not vermekle g\u00fcnlerini ge\u00e7iren ekselanslar\u0131n\u0131n tek bir arkada\u015f\u0131 bile yokmu\u015f. \u0130\u00e7i bombo\u015f, kocaman \u015fatosunda can\u0131 s\u0131k\u0131ld\u0131k\u00e7a s\u0131k\u0131lm\u0131\u015f. Ta ki yine yaln\u0131zl\u0131ktan bunald\u0131\u011f\u0131 bir g\u00fcn, art\u0131k yeni bir arkada\u015f edinme vakti geldi\u011fine karar verene dek. Peki, koskoca krall\u0131kta m\u00fc\u015fk\u00fclpesent prensin k\u0131staslar\u0131na uyacak ve ondan ge\u00e7er not almay\u0131 ba\u015faracak bir talihli bulunabilmi\u015f mi dersiniz?..Okurlar\u0131n\u0131, d\u00fcnyan\u0131n en tuhaf prensiyle tan\u0131\u015ft\u0131ran bu renkli \u00f6yk\u00fc, insanlar\u0131 d\u0131\u015f g\u00f6r\u00fcn\u00fc\u015flerine g\u00f6re yarg\u0131laman\u0131n ve belli kal\u0131plara koyarak s\u0131n\u0131fland\u0131rman\u0131n yaratt\u0131\u011f\u0131 olumsuz sonu\u00e7lara de\u011finiyor.\u00d6nyarg\u0131 ve kibirle \u00f6r\u00fclen g\u00f6r\u00fcnmez duvarlar\u0131 mizah\u0131n g\u00fcc\u00fcyle yerle bir eden Eva Furnari, yaln\u0131zl\u0131\u011f\u0131n hi\u00e7 kimseye uygun olmad\u0131\u011f\u0131n\u0131 ve hayat\u0131n arkada\u015flarla g\u00fczelle\u015fti\u011fini hat\u0131rlat\u0131yor.<\/p>\n","protected":false},"excerpt":{"rendered":"<p>Bu kitab\u0131 okuyanlar\u0131n notu 10 \u00fczerinden 10!\u00c7ocuklar\u0131n d\u00fcnyaya \u201coyunbaz\u201d bir mercekten bakmalar\u0131n\u0131 sa\u011flayan evrensel \u00f6yk\u00fcleriyle tan\u0131nan Eva Furnari&#8217;nin imzas\u0131n\u0131 ta\u015f\u0131yan Prens Burnub\u00fcy\u00fck, okurunu zamanda ve mek\u00e2nda<span class=\"excerpt-hellip\"> [\u2026]<\/span><\/p>\n","protected":false},"featured_media":0,"template":"","meta":{"_monsterinsights_skip_tracking":false,"_monsterinsights_sitenote_active":false,"_monsterinsights_sitenote_note":"","_monsterinsights_sitenote_category":0},"product_brand":[],"product_cat":[12275,12274],"product_tag":[],"class_list":{"0":"post-734366","1":"product","2":"type-product","3":"status-publish","5":"product_cat-6-12-yas-kitaplari","6":"product_cat-cocuk-ve-genclik-kitaplari","7":"pa_cilt-ciltsiz","8":"pa_tur-kitap","9":"pa_yayinevi-tudem-yayinlari","10":"pa_yazar-eva-furnari","12":"first","13":"instock","14":"sale","15":"shipping-taxable","16":"purchasable","17":"product-type-simple"},"_links":{"self":[{"href":"https:\/\/roveyayinevi.com.tr\/index.php\/wp-json\/wp\/v2\/product\/734366","targetHints":{"allow":["GET"]}}],"collection":[{"href":"https:\/\/roveyayinevi.com.tr\/index.php\/wp-json\/wp\/v2\/product"}],"about":[{"href":"https:\/\/roveyayinevi.com.tr\/index.php\/wp-json\/wp\/v2\/types\/product"}],"wp:attachment":[{"href":"https:\/\/roveyayinevi.com.tr\/index.php\/wp-json\/wp\/v2\/media?parent=734366"}],"wp:term":[{"taxonomy":"product_brand","embeddable":true,"href":"https:\/\/roveyayinevi.com.tr\/index.php\/wp-json\/wp\/v2\/product_brand?post=734366"},{"taxonomy":"product_cat","embeddable":true,"href":"https:\/\/roveyayinevi.com.tr\/index.php\/wp-json\/wp\/v2\/product_cat?post=734366"},{"taxonomy":"product_tag","embeddable":true,"href":"https:\/\/roveyayinevi.com.tr\/index.php\/wp-json\/wp\/v2\/product_tag?post=734366"}],"curies":[{"name":"wp","href":"https:\/\/api.w.org\/{rel}","templated":true}]}}