{"id":734365,"date":"2025-08-27T22:26:47","date_gmt":"2025-08-27T19:26:47","guid":{"rendered":"https:\/\/roveyayinevi.com.tr\/index.php\/urun\/minikler-diyari-koca-bir-tur\/"},"modified":"2026-04-16T02:42:06","modified_gmt":"2026-04-15T23:42:06","slug":"minikler-diyari-koca-bir-tur","status":"publish","type":"product","link":"https:\/\/roveyayinevi.com.tr\/index.php\/urun\/minikler-diyari-koca-bir-tur\/","title":{"rendered":"Minikler Diyar\u0131 &#8211; Koca Bir Tur"},"content":{"rendered":"<p>Minikler bu kez muhte\u015fem bir maceraya at\u0131l\u0131yorlar! Neler mi yapacaklar? Yeni yerler ke\u015ffedecek, ilgin\u00e7 hayvanlar g\u00f6zlemleyecek, farkl\u0131 lezzetlerin tad\u0131na varacaklar. Haydi, sen de onlar\u0131n aras\u0131na kat\u0131l ve d\u00fcnyay\u0131 ke\u015ffet! Okul \u00f6ncesi \u00e7ocuklar i\u00e7in \u00f6zel olarak tasarlanm\u0131\u015f harika bir ilk kelimeler kitab\u0131<\/p>\n","protected":false},"excerpt":{"rendered":"<p>Minikler bu kez muhte\u015fem bir maceraya at\u0131l\u0131yorlar! Neler mi yapacaklar? Yeni yerler ke\u015ffedecek, ilgin\u00e7 hayvanlar g\u00f6zlemleyecek, farkl\u0131 lezzetlerin tad\u0131na varacaklar. Haydi, sen de onlar\u0131n aras\u0131na kat\u0131l<span class=\"excerpt-hellip\"> [\u2026]<\/span><\/p>\n","protected":false},"featured_media":0,"template":"","meta":{"_monsterinsights_skip_tracking":false,"_monsterinsights_sitenote_active":false,"_monsterinsights_sitenote_note":"","_monsterinsights_sitenote_category":0},"product_brand":[],"product_cat":[12274,12518],"product_tag":[],"class_list":{"0":"post-734365","1":"product","2":"type-product","3":"status-publish","5":"product_cat-cocuk-ve-genclik-kitaplari","6":"product_cat-okul-oncesi-kitaplar","7":"pa_cilt-ciltsiz","8":"pa_tur-kitap","9":"pa_yayinevi-altin-kitaplar-boyama-ve-cocuk-kitaplari","10":"pa_yazar-marion-billet","12":"first","13":"instock","14":"sale","15":"shipping-taxable","16":"purchasable","17":"product-type-simple"},"_links":{"self":[{"href":"https:\/\/roveyayinevi.com.tr\/index.php\/wp-json\/wp\/v2\/product\/734365","targetHints":{"allow":["GET"]}}],"collection":[{"href":"https:\/\/roveyayinevi.com.tr\/index.php\/wp-json\/wp\/v2\/product"}],"about":[{"href":"https:\/\/roveyayinevi.com.tr\/index.php\/wp-json\/wp\/v2\/types\/product"}],"wp:attachment":[{"href":"https:\/\/roveyayinevi.com.tr\/index.php\/wp-json\/wp\/v2\/media?parent=734365"}],"wp:term":[{"taxonomy":"product_brand","embeddable":true,"href":"https:\/\/roveyayinevi.com.tr\/index.php\/wp-json\/wp\/v2\/product_brand?post=734365"},{"taxonomy":"product_cat","embeddable":true,"href":"https:\/\/roveyayinevi.com.tr\/index.php\/wp-json\/wp\/v2\/product_cat?post=734365"},{"taxonomy":"product_tag","embeddable":true,"href":"https:\/\/roveyayinevi.com.tr\/index.php\/wp-json\/wp\/v2\/product_tag?post=734365"}],"curies":[{"name":"wp","href":"https:\/\/api.w.org\/{rel}","templated":true}]}}