{"id":734361,"date":"2025-08-27T22:26:43","date_gmt":"2025-08-27T19:26:43","guid":{"rendered":"https:\/\/roveyayinevi.com.tr\/index.php\/urun\/iki-hemsehri\/"},"modified":"2026-04-16T02:42:06","modified_gmt":"2026-04-15T23:42:06","slug":"iki-hemsehri","status":"publish","type":"product","link":"https:\/\/roveyayinevi.com.tr\/index.php\/urun\/iki-hemsehri\/","title":{"rendered":"\u0130ki Hem\u015fehri"},"content":{"rendered":"<p>\u201cEmekli \u00f6\u011fretmen oldu\u011fumu s\u00f6ylemi\u015ftim. Her t\u00fcrl\u00fc inan\u00e7 ya da inan\u00e7s\u0131zl\u0131\u011f\u0131,hayat\u0131m boyunca ne sorun ettim ne de bunu sorgulad\u0131m. Rahat olabilirsin,\u201d  dedim. Kalk\u0131p, oltay\u0131 kontrol etti. Geri gelip, oturdu. Bana olan ya da olabilecek  \u2018g\u00fcven\u2019 sorunu, s\u0131k\u0131nt\u0131s\u0131 y\u00fcz\u00fcnden bir ikilemde kald\u0131\u011f\u0131n\u0131 anlad\u0131m. \u00c7\u00fcnk\u00fc a\u011fz\u0131 dolu dolu olmu\u015ftu. \u2019S\u00f6ylesem patlar\u0131m, s\u00f6ylemesem \u00e7atlar\u0131m,\u2019 gibi bir git-gel ya\u015fad\u0131\u011f\u0131n\u0131 hissediyordum. Sigaras\u0131n\u0131 yak\u0131p bir nefes ald\u0131ktan sonra \u201cHem\u015ferim,  vicdan\u0131m bana yeter diyerek, dinimi de, inan\u00e7lar\u0131m\u0131 da tahliye oldu\u011fum g\u00fcn,  cezaevinde b\u0131rakt\u0131m.\u201d \u00c7ok k\u00f6t\u00fc g\u00fcnler, ay, y\u0131l ya da y\u0131llar ge\u00e7irdi\u011fini, hatta dini anlamda var olan inan\u00e7lar\u0131n\u0131 yitirecek, bunlar\u0131 red edecek kadar etkilendi\u011fini anlad\u0131m. Bir anda \u2018Cezaevi ve Din\u2019 ili\u015fki ya da \u00e7eli\u015fkisi kafamda \u015fim\u015fek gibi \u00e7akt\u0131.  E\u011fer anlat\u0131rsa, \u00e7ok \u015fey var bu Nuri\u2019de dedim, kendi kendime. <\/p>\n","protected":false},"excerpt":{"rendered":"<p>\u201cEmekli \u00f6\u011fretmen oldu\u011fumu s\u00f6ylemi\u015ftim. Her t\u00fcrl\u00fc inan\u00e7 ya da inan\u00e7s\u0131zl\u0131\u011f\u0131,hayat\u0131m boyunca ne sorun ettim ne de bunu sorgulad\u0131m. Rahat olabilirsin,\u201d dedim. Kalk\u0131p, oltay\u0131 kontrol etti. Geri<span class=\"excerpt-hellip\"> [\u2026]<\/span><\/p>\n","protected":false},"featured_media":0,"template":"","meta":{"_monsterinsights_skip_tracking":false,"_monsterinsights_sitenote_active":false,"_monsterinsights_sitenote_note":"","_monsterinsights_sitenote_category":0},"product_brand":[],"product_cat":[12291,12711],"product_tag":[],"class_list":{"0":"post-734361","1":"product","2":"type-product","3":"status-publish","5":"product_cat-edebiyat","6":"product_cat-roman-oyku","7":"pa_cilt-ciltsiz","8":"pa_tur-kitap","9":"pa_yayinevi-gulnar-yayinlari","10":"pa_yazar-seyfettin-dilekci","12":"first","13":"instock","14":"sale","15":"shipping-taxable","16":"purchasable","17":"product-type-simple"},"_links":{"self":[{"href":"https:\/\/roveyayinevi.com.tr\/index.php\/wp-json\/wp\/v2\/product\/734361","targetHints":{"allow":["GET"]}}],"collection":[{"href":"https:\/\/roveyayinevi.com.tr\/index.php\/wp-json\/wp\/v2\/product"}],"about":[{"href":"https:\/\/roveyayinevi.com.tr\/index.php\/wp-json\/wp\/v2\/types\/product"}],"wp:attachment":[{"href":"https:\/\/roveyayinevi.com.tr\/index.php\/wp-json\/wp\/v2\/media?parent=734361"}],"wp:term":[{"taxonomy":"product_brand","embeddable":true,"href":"https:\/\/roveyayinevi.com.tr\/index.php\/wp-json\/wp\/v2\/product_brand?post=734361"},{"taxonomy":"product_cat","embeddable":true,"href":"https:\/\/roveyayinevi.com.tr\/index.php\/wp-json\/wp\/v2\/product_cat?post=734361"},{"taxonomy":"product_tag","embeddable":true,"href":"https:\/\/roveyayinevi.com.tr\/index.php\/wp-json\/wp\/v2\/product_tag?post=734361"}],"curies":[{"name":"wp","href":"https:\/\/api.w.org\/{rel}","templated":true}]}}