{"id":734360,"date":"2025-08-27T22:26:42","date_gmt":"2025-08-27T19:26:42","guid":{"rendered":"https:\/\/roveyayinevi.com.tr\/index.php\/urun\/devrim-cocuklari\/"},"modified":"2026-03-12T02:52:50","modified_gmt":"2026-03-11T23:52:50","slug":"devrim-cocuklari","status":"publish","type":"product","link":"https:\/\/roveyayinevi.com.tr\/index.php\/urun\/devrim-cocuklari\/","title":{"rendered":"Devrim \u00c7ocuklar\u0131"},"content":{"rendered":"<p>\u201cEymen, yirmi \u00fc\u00e7 ya\u015f\u0131nda cezaevine girmi\u015f, yirmi dokuz ya\u015f\u0131nda \u00e7\u0131km\u0131\u015ft\u0131. Ailesi ile I\u011fd\u0131r da ya\u015f\u0131yordu. D\u00f6rt ay sonra s\u00fcrg\u00fcn cezas\u0131 \u00e7\u0131km\u0131\u015f, her g\u00fcn karakola imza veriyordu. O\u011fullar\u0131 Umut, ilkokul birinci s\u0131n\u0131fta okuyordu. S\u00fcrg\u00fcn cezas\u0131 kald\u0131r\u0131ld\u0131. Bir y\u0131l sonra d\u00fcnya g\u00fczeli k\u0131zlar\u0131 G\u00fcne\u015f do\u011fmu\u015ftu Giresun hastanesinde. Evde bir bayram havas\u0131 vard\u0131. Biricik torunlar\u0131 do\u011fmu\u015ftu \u00e7ok mutluydular. Eymen kendini i\u00e7kiye vermi\u015f, gece g\u00fcnd\u00fcz i\u00e7iyordu. \u00d6\u011fretmenlik hakk\u0131 elinden al\u0131nm\u0131\u015f, uzun s\u00fcre i\u015fsiz kalm\u0131\u015ft\u0131. \u0130\u00e7erde birlikte olduklar\u0131 eski yolda\u015flar\u0131, ondan ge\u00e7 al\u0131nd\u0131klar\u0131 i\u00e7in yeni \u00e7\u0131km\u0131\u015flard\u0131 cezaevinden. Ancak eski diyaloglar\u0131 yoktu. D\u0131\u015far\u0131da uzun zamand\u0131r onlara ters bir hayat vard\u0131. De\u011ferlerin yerini para alm\u0131\u015ft\u0131. H\u0131zla t\u00fcketiliyordu her \u015fey. D\u0131\u015far\u0131da kalanlar maddi \u00e7\u0131karlar pe\u015finde savruluyordu.\u201d Devrim \u00c7ocuklar\u0131; bir ku\u015fa\u011f\u0131n harcan\u0131\u015f\u0131n\u0131, parampar\u00e7a olan hayalleri ve hayat\u0131 ya\u015fayanlar\u0131n roman\u0131d\u0131r.  12 Eyl\u00fcl bir u\u00e7urumdu. O u\u00e7urumu dibine kadar yuvarlananlar ya\u015fad\u0131 en \u00e7ok. \u015eimdilerde tarih \u00f6ncesiymi\u015f gibi anlat\u0131lmak istenilen, lakin bu \u00fclkenin nadide beyinlerini, saf insanlar\u0131n\u0131 ve en g\u00fczel a\u015fklar\u0131n\u0131 yutmu\u015f bir karadelikti \u0130htilal. Ve o karanl\u0131\u011f\u0131 b\u00fct\u00fcn \u00e7\u0131plakl\u0131\u011f\u0131yla anlatm\u0131\u015f bir ya\u015fanm\u0131\u015fl\u0131k eseridir elinizde ki! <\/p>\n","protected":false},"excerpt":{"rendered":"<p>\u201cEymen, yirmi \u00fc\u00e7 ya\u015f\u0131nda cezaevine girmi\u015f, yirmi dokuz ya\u015f\u0131nda \u00e7\u0131km\u0131\u015ft\u0131. Ailesi ile I\u011fd\u0131r da ya\u015f\u0131yordu. D\u00f6rt ay sonra s\u00fcrg\u00fcn cezas\u0131 \u00e7\u0131km\u0131\u015f, her g\u00fcn karakola imza veriyordu.<span class=\"excerpt-hellip\"> [\u2026]<\/span><\/p>\n","protected":false},"featured_media":0,"template":"","meta":{"_monsterinsights_skip_tracking":false,"_monsterinsights_sitenote_active":false,"_monsterinsights_sitenote_note":"","_monsterinsights_sitenote_category":0},"product_brand":[],"product_cat":[12291,18202],"product_tag":[],"class_list":{"0":"post-734360","1":"product","2":"type-product","3":"status-publish","5":"product_cat-edebiyat","6":"product_cat-hikaye","7":"pa_cilt-ciltsiz","8":"pa_tur-kitap","9":"pa_yayinevi-kirmizi-cati-yayinlari","10":"pa_yazar-muserref-kaya","12":"first","13":"instock","14":"sale","15":"shipping-taxable","16":"purchasable","17":"product-type-simple"},"_links":{"self":[{"href":"https:\/\/roveyayinevi.com.tr\/index.php\/wp-json\/wp\/v2\/product\/734360","targetHints":{"allow":["GET"]}}],"collection":[{"href":"https:\/\/roveyayinevi.com.tr\/index.php\/wp-json\/wp\/v2\/product"}],"about":[{"href":"https:\/\/roveyayinevi.com.tr\/index.php\/wp-json\/wp\/v2\/types\/product"}],"wp:attachment":[{"href":"https:\/\/roveyayinevi.com.tr\/index.php\/wp-json\/wp\/v2\/media?parent=734360"}],"wp:term":[{"taxonomy":"product_brand","embeddable":true,"href":"https:\/\/roveyayinevi.com.tr\/index.php\/wp-json\/wp\/v2\/product_brand?post=734360"},{"taxonomy":"product_cat","embeddable":true,"href":"https:\/\/roveyayinevi.com.tr\/index.php\/wp-json\/wp\/v2\/product_cat?post=734360"},{"taxonomy":"product_tag","embeddable":true,"href":"https:\/\/roveyayinevi.com.tr\/index.php\/wp-json\/wp\/v2\/product_tag?post=734360"}],"curies":[{"name":"wp","href":"https:\/\/api.w.org\/{rel}","templated":true}]}}