{"id":734358,"date":"2025-08-27T22:26:40","date_gmt":"2025-08-27T19:26:40","guid":{"rendered":"https:\/\/roveyayinevi.com.tr\/index.php\/urun\/ekoloji-gezegen-icin-40-aktivist\/"},"modified":"2026-04-16T02:42:05","modified_gmt":"2026-04-15T23:42:05","slug":"ekoloji-gezegen-icin-40-aktivist","status":"publish","type":"product","link":"https:\/\/roveyayinevi.com.tr\/index.php\/urun\/ekoloji-gezegen-icin-40-aktivist\/","title":{"rendered":"Ekoloji &#8211; Gezegen \u0130\u00e7in 40 Aktivist"},"content":{"rendered":"<p>Her bir aktivist, yazar, bilim insan\u0131 veya \u00e7ift\u00e7inin kendi yolu ve mu\u0308cadele etme \u015fekli! Elisabeth CombresIs\u00e8re\u2019e yerle\u015fmeden \u00f6nceki on y\u0131l\u0131 a\u015fk\u0131n s\u00fcrede Angers, Paris, Grenoble, Toulose ve Peru\u2019nun Lima \u015fehrinde ya\u015fad\u0131. \u00d6nce ba\u011f\u0131ms\u0131z bir gazeteci olarak Fransa\u2019da, Latin Amerika\u2019da ve Afrika\u2019da s\u00f6yle\u015filer ger\u00e7ekle\u015ftirdi. Buna ek olarak Humanity &amp; Inclusion (Sivil Toplum \u00d6rg\u00fct\u00fc) i\u00e7in 1990 &#8211; 2004 y\u0131llar\u0131 aras\u0131nda Magreb\u2019de soru\u015fturmalara kat\u0131ld\u0131. Ayn\u0131 zamanda Milan Presse\u2019in 9-14 ya\u015f grubuna hitap eden dergilerinden Mikado\u2019nun ba\u015f edit\u00f6rl\u00fc\u011f\u00fcn\u00fc \u00fcstlendi. Florence Thinard ile birlikte sava\u015f ve bilgi \u00fczerine birden \u00e7ok eser yazd\u0131. Bug\u00fcnlerde kendini gen\u00e7ler i\u00e7in sava\u015f ve bilgi \u00fczerine kitaplar yazmaya adayan yazar\u0131n Ruanda soyk\u0131r\u0131m\u0131ndan hayatta kalan \u00e7ocuklar \u00fczerine yazd\u0131\u011f\u0131 La M\u00e9moire Trou\u00e9e (Sorunlu Bellek) adl\u0131 bir roman\u0131 bulunuyor.<\/p>\n","protected":false},"excerpt":{"rendered":"<p>Her bir aktivist, yazar, bilim insan\u0131 veya \u00e7ift\u00e7inin kendi yolu ve mu\u0308cadele etme \u015fekli! Elisabeth CombresIs\u00e8re\u2019e yerle\u015fmeden \u00f6nceki on y\u0131l\u0131 a\u015fk\u0131n s\u00fcrede Angers, Paris, Grenoble, Toulose<span class=\"excerpt-hellip\"> [\u2026]<\/span><\/p>\n","protected":false},"featured_media":0,"template":"","meta":{"_monsterinsights_skip_tracking":false,"_monsterinsights_sitenote_active":false,"_monsterinsights_sitenote_note":"","_monsterinsights_sitenote_category":0},"product_brand":[],"product_cat":[23323,12364],"product_tag":[],"class_list":{"0":"post-734358","1":"product","2":"type-product","3":"status-publish","5":"product_cat-ekoloji","6":"product_cat-genel-konular","7":"pa_cilt-ciltsiz","8":"pa_tur-kitap","9":"pa_yayinevi-dinozor-cocuk","10":"pa_yazar-elisabeth-combres","12":"first","13":"instock","14":"sale","15":"shipping-taxable","16":"purchasable","17":"product-type-simple"},"_links":{"self":[{"href":"https:\/\/roveyayinevi.com.tr\/index.php\/wp-json\/wp\/v2\/product\/734358","targetHints":{"allow":["GET"]}}],"collection":[{"href":"https:\/\/roveyayinevi.com.tr\/index.php\/wp-json\/wp\/v2\/product"}],"about":[{"href":"https:\/\/roveyayinevi.com.tr\/index.php\/wp-json\/wp\/v2\/types\/product"}],"wp:attachment":[{"href":"https:\/\/roveyayinevi.com.tr\/index.php\/wp-json\/wp\/v2\/media?parent=734358"}],"wp:term":[{"taxonomy":"product_brand","embeddable":true,"href":"https:\/\/roveyayinevi.com.tr\/index.php\/wp-json\/wp\/v2\/product_brand?post=734358"},{"taxonomy":"product_cat","embeddable":true,"href":"https:\/\/roveyayinevi.com.tr\/index.php\/wp-json\/wp\/v2\/product_cat?post=734358"},{"taxonomy":"product_tag","embeddable":true,"href":"https:\/\/roveyayinevi.com.tr\/index.php\/wp-json\/wp\/v2\/product_tag?post=734358"}],"curies":[{"name":"wp","href":"https:\/\/api.w.org\/{rel}","templated":true}]}}