{"id":734357,"date":"2025-08-27T22:26:39","date_gmt":"2025-08-27T19:26:39","guid":{"rendered":"https:\/\/roveyayinevi.com.tr\/index.php\/urun\/neset-ertas\/"},"modified":"2026-04-16T02:42:05","modified_gmt":"2026-04-15T23:42:05","slug":"neset-ertas","status":"publish","type":"product","link":"https:\/\/roveyayinevi.com.tr\/index.php\/urun\/neset-ertas\/","title":{"rendered":"Ne\u015fet Erta\u015f"},"content":{"rendered":"<p>\u0130mk\u00e2n\u0131m olsayd\u0131, ben ilk \u00e2\u015f\u0131k oldu\u011fum k\u0131z ile evlenirdim, verselerdi ama bize vermediler. Vermezler, bize Abdal derler, Bekta\u015fi derler, \u015fu derler, bu derler. Vermediler, ben de ba\u015f\u0131m\u0131 ald\u0131m gittim.\u201d Ne\u015fet Erta\u015f Gazeteci Yunus \u00dclger, 1990\u2019dan 2000\u2019lerin ba\u015flar\u0131na kadar \u00fcnl\u00fc halk ozan\u0131 Ne\u015fet Erta\u015f ile Almanya\u2019da s\u00f6yle\u015filer yapt\u0131. Daha \u00f6nce gazetelerde yay\u0131mlanm\u0131\u015f ve ilk kez bu kitapta okuyaca\u011f\u0131n\u0131z s\u00f6yle\u015fileri bir araya getirdi. Yunus \u00dclger, ozan\u0131n sanat anlay\u0131\u015f\u0131n\u0131 betimleyen ve tart\u0131\u015fan denemeleriyle kitaba ele\u015ftirel bir nitelik de kazand\u0131rd\u0131. Evrensel d\u00fcnya g\u00f6r\u00fc\u015f\u00fc, sevgi dolu y\u00fcre\u011fi ve zorluklarla ge\u00e7en \u00f6mr\u00fc ile Ne\u015fet Erta\u015f\u2019\u0131 art\u0131k \u00e7ok daha yak\u0131ndan tan\u0131yaca\u011f\u0131z. <\/p>\n","protected":false},"excerpt":{"rendered":"<p>\u0130mk\u00e2n\u0131m olsayd\u0131, ben ilk \u00e2\u015f\u0131k oldu\u011fum k\u0131z ile evlenirdim, verselerdi ama bize vermediler. Vermezler, bize Abdal derler, Bekta\u015fi derler, \u015fu derler, bu derler. Vermediler, ben de<span class=\"excerpt-hellip\"> [\u2026]<\/span><\/p>\n","protected":false},"featured_media":0,"template":"","meta":{"_monsterinsights_skip_tracking":false,"_monsterinsights_sitenote_active":false,"_monsterinsights_sitenote_note":"","_monsterinsights_sitenote_category":0},"product_brand":[],"product_cat":[14009,12291],"product_tag":[],"class_list":{"0":"post-734357","1":"product","2":"type-product","3":"status-publish","5":"product_cat-biyografi-otobiyografi-edebiyat","6":"product_cat-edebiyat","7":"pa_cilt-ciltsiz","8":"pa_tur-kitap","9":"pa_yayinevi-ani-yayincilik","10":"pa_yazar-yunus-ulger","12":"first","13":"instock","14":"sale","15":"shipping-taxable","16":"purchasable","17":"product-type-simple"},"_links":{"self":[{"href":"https:\/\/roveyayinevi.com.tr\/index.php\/wp-json\/wp\/v2\/product\/734357","targetHints":{"allow":["GET"]}}],"collection":[{"href":"https:\/\/roveyayinevi.com.tr\/index.php\/wp-json\/wp\/v2\/product"}],"about":[{"href":"https:\/\/roveyayinevi.com.tr\/index.php\/wp-json\/wp\/v2\/types\/product"}],"wp:attachment":[{"href":"https:\/\/roveyayinevi.com.tr\/index.php\/wp-json\/wp\/v2\/media?parent=734357"}],"wp:term":[{"taxonomy":"product_brand","embeddable":true,"href":"https:\/\/roveyayinevi.com.tr\/index.php\/wp-json\/wp\/v2\/product_brand?post=734357"},{"taxonomy":"product_cat","embeddable":true,"href":"https:\/\/roveyayinevi.com.tr\/index.php\/wp-json\/wp\/v2\/product_cat?post=734357"},{"taxonomy":"product_tag","embeddable":true,"href":"https:\/\/roveyayinevi.com.tr\/index.php\/wp-json\/wp\/v2\/product_tag?post=734357"}],"curies":[{"name":"wp","href":"https:\/\/api.w.org\/{rel}","templated":true}]}}