{"id":734355,"date":"2025-08-27T22:26:37","date_gmt":"2025-08-27T19:26:37","guid":{"rendered":"https:\/\/roveyayinevi.com.tr\/index.php\/urun\/dunya-doner-renkler-kalir\/"},"modified":"2026-04-12T02:49:25","modified_gmt":"2026-04-11T23:49:25","slug":"dunya-doner-renkler-kalir","status":"publish","type":"product","link":"https:\/\/roveyayinevi.com.tr\/index.php\/urun\/dunya-doner-renkler-kalir\/","title":{"rendered":"D\u00fcnya D\u00f6ner Renkler Kal\u0131r"},"content":{"rendered":"<p>D\u00fc\u015flerini ve renklerini kaybetmeyenlere&#8230;   \u0130nsan\u0131n d\u00fc\u015flerini yitirmesinin kederi hi\u00e7bir \u015feye benzemez.   \u00c7anakkale\u2019ye k\u00f6pr\u00fc yap\u0131laca\u011f\u0131 s\u00f6ylentisiyle birlikte arsa simsarlar\u0131 ortal\u0131kta fink atmaya ba\u015flay\u0131p da orada ya\u015fayanlar\u0131n bile varl\u0131\u011f\u0131ndan haberdar olmad\u0131\u011f\u0131 b\u00fcy\u00fck dedelerden ve ninelerden kalan araziler ortaya \u00e7\u0131kmaya ba\u015flad\u0131\u011f\u0131nda bir ailenin de kaderi yeniden yaz\u0131lacakt\u0131r&#8230; D\u00dcNYA D\u00d6NER RENKLER KALIR, aileyi, dostlu\u011fu, insanl\u0131\u011f\u0131, a\u015fk\u0131 sorgularken, bir yandan bir avu\u00e7 insan\u0131n do\u011fan\u0131n katline kar\u015f\u0131 verdi\u011fi m\u00fccadelenin, bir yandan da ge\u00e7mi\u015ften gelen ac\u0131lar ve s\u0131rlarla nas\u0131l ba\u015f etmeye \u00e7al\u0131\u015ft\u0131klar\u0131n\u0131n hik\u00e2yesidir. *** \u201cHerkes de\u011fi\u015fir, her \u015fey de\u011fi\u015fir, geriye renkler kal\u0131r. A\u015fk\u0131n her girdi\u011fi ruhta farkl\u0131 bir \u015fekle b\u00fcr\u00fcnd\u00fc\u011f\u00fcn\u00fc anlars\u0131n art\u0131k. Kendinden ka\u00e7mak isterken yolunu kaybedersin sonunda. Her \u015fey ama her \u015fey de\u011fi\u015fir, geriye sadece renkler kal\u0131r. Bu renkler bazen y\u0131llardan beri \u00e7i\u00e7ek a\u00e7maya devam eden bir s\u00fcmb\u00fcl ya da lale, bazen atadan kalan topra\u011f\u0131n \u00fczerindeki a\u011fa\u00e7lar, bazen eksik kalm\u0131\u015f bir a\u015fk, bazen tutku, bazen sevgidir. D\u00fcnya d\u00f6ner renkler kal\u0131r. Her rengin kendine \u00f6zg\u00fc bir anlam\u0131 vard\u0131r. \u00d6nemli olan bizden geriye hangi rengin kalaca\u011f\u0131d\u0131r&#8230;\u201d <\/p>\n","protected":false},"excerpt":{"rendered":"<p>D\u00fc\u015flerini ve renklerini kaybetmeyenlere&#8230; \u0130nsan\u0131n d\u00fc\u015flerini yitirmesinin kederi hi\u00e7bir \u015feye benzemez. \u00c7anakkale\u2019ye k\u00f6pr\u00fc yap\u0131laca\u011f\u0131 s\u00f6ylentisiyle birlikte arsa simsarlar\u0131 ortal\u0131kta fink atmaya ba\u015flay\u0131p da orada ya\u015fayanlar\u0131n bile<span class=\"excerpt-hellip\"> [\u2026]<\/span><\/p>\n","protected":false},"featured_media":0,"template":"","meta":{"_monsterinsights_skip_tracking":false,"_monsterinsights_sitenote_active":false,"_monsterinsights_sitenote_note":"","_monsterinsights_sitenote_category":0},"product_brand":[],"product_cat":[12291,12711],"product_tag":[],"class_list":{"0":"post-734355","1":"product","2":"type-product","3":"status-publish","5":"product_cat-edebiyat","6":"product_cat-roman-oyku","7":"pa_cilt-ciltsiz","8":"pa_tur-kitap","9":"pa_yayinevi-destek-yayinlari","10":"pa_yazar-belgin-biyikoglu","12":"first","13":"instock","14":"sale","15":"shipping-taxable","16":"purchasable","17":"product-type-simple"},"_links":{"self":[{"href":"https:\/\/roveyayinevi.com.tr\/index.php\/wp-json\/wp\/v2\/product\/734355","targetHints":{"allow":["GET"]}}],"collection":[{"href":"https:\/\/roveyayinevi.com.tr\/index.php\/wp-json\/wp\/v2\/product"}],"about":[{"href":"https:\/\/roveyayinevi.com.tr\/index.php\/wp-json\/wp\/v2\/types\/product"}],"wp:attachment":[{"href":"https:\/\/roveyayinevi.com.tr\/index.php\/wp-json\/wp\/v2\/media?parent=734355"}],"wp:term":[{"taxonomy":"product_brand","embeddable":true,"href":"https:\/\/roveyayinevi.com.tr\/index.php\/wp-json\/wp\/v2\/product_brand?post=734355"},{"taxonomy":"product_cat","embeddable":true,"href":"https:\/\/roveyayinevi.com.tr\/index.php\/wp-json\/wp\/v2\/product_cat?post=734355"},{"taxonomy":"product_tag","embeddable":true,"href":"https:\/\/roveyayinevi.com.tr\/index.php\/wp-json\/wp\/v2\/product_tag?post=734355"}],"curies":[{"name":"wp","href":"https:\/\/api.w.org\/{rel}","templated":true}]}}