{"id":734354,"date":"2025-08-27T22:26:36","date_gmt":"2025-08-27T19:26:36","guid":{"rendered":"https:\/\/roveyayinevi.com.tr\/index.php\/urun\/ezoterik-astroloji\/"},"modified":"2026-04-16T02:42:05","modified_gmt":"2026-04-15T23:42:05","slug":"ezoterik-astroloji","status":"publish","type":"product","link":"https:\/\/roveyayinevi.com.tr\/index.php\/urun\/ezoterik-astroloji\/","title":{"rendered":"Ezoterik Astroloji"},"content":{"rendered":"<p>ASTROLOJ\u0130, \u0130NSANLI\u011eIN KAD\u0130M B\u0130LG\u0130S\u0130N\u0130N B\u0130R PAR\u00c7ASIDIR.   Astrolojiye kar\u015f\u0131 duyulan merak g\u00fcn ge\u00e7tik\u00e7e daha da art\u0131yor. Astroloji art\u0131k internet s\u00fctunlar\u0131n\u0131n ya da g\u00f6rsel medyan\u0131n bir e\u011flence unsuru olmaktan \u00e7\u0131karak b\u00fcy\u00fck kitleler taraf\u0131ndan ciddi bir \u201cbilim\u201d dal\u0131 olarak ele al\u0131n\u0131p inceleniyor. Yak\u0131n zamana kadar \u201cfal\u201d k\u00fc\u00e7\u00fcmsemesiyle \u00f6telenen astroloji art\u0131k se\u00e7kin bir disiplin olarak kabul ediliyor. K\u00f6kenine olan ilgi de giderek b\u00fcy\u00fcyor. Astrolojinin k\u00f6kenine bakt\u0131\u011f\u0131m\u0131zda b\u00fct\u00fcn g\u00f6zlem ve hesaplamalar\u0131n d\u0131\u015f\u0131nda b\u00fcy\u00fck bir ezoterik bilgi ile kar\u015f\u0131la\u015f\u0131yoruz. Astroloji hakk\u0131nda az da olsa bilgisi olanlar\u0131n, ezoterik astrolojiye kolay bir giri\u015f yapmalar\u0131 ve temel prensipleri \u00f6\u011frenmeleri amac\u0131yla yaz\u0131lan bu kitapta O\u011fuzhan Ceyhan sizi bilgi dolu bir geziye \u00e7\u0131kart\u0131yor.<\/p>\n","protected":false},"excerpt":{"rendered":"<p>ASTROLOJ\u0130, \u0130NSANLI\u011eIN KAD\u0130M B\u0130LG\u0130S\u0130N\u0130N B\u0130R PAR\u00c7ASIDIR. Astrolojiye kar\u015f\u0131 duyulan merak g\u00fcn ge\u00e7tik\u00e7e daha da art\u0131yor. Astroloji art\u0131k internet s\u00fctunlar\u0131n\u0131n ya da g\u00f6rsel medyan\u0131n bir e\u011flence unsuru<span class=\"excerpt-hellip\"> [\u2026]<\/span><\/p>\n","protected":false},"featured_media":0,"template":"","meta":{"_monsterinsights_skip_tracking":false,"_monsterinsights_sitenote_active":false,"_monsterinsights_sitenote_note":"","_monsterinsights_sitenote_category":0},"product_brand":[],"product_cat":[18082,15563],"product_tag":[],"class_list":{"0":"post-734354","1":"product","2":"type-product","3":"status-publish","5":"product_cat-astroloji-fal-ruya","6":"product_cat-hobi","7":"pa_cilt-ciltsiz","8":"pa_tur-kitap","9":"pa_yayinevi-destek-yayinlari","10":"pa_yazar-oguzhan-ceyhan","12":"first","13":"instock","14":"sale","15":"shipping-taxable","16":"purchasable","17":"product-type-simple"},"_links":{"self":[{"href":"https:\/\/roveyayinevi.com.tr\/index.php\/wp-json\/wp\/v2\/product\/734354","targetHints":{"allow":["GET"]}}],"collection":[{"href":"https:\/\/roveyayinevi.com.tr\/index.php\/wp-json\/wp\/v2\/product"}],"about":[{"href":"https:\/\/roveyayinevi.com.tr\/index.php\/wp-json\/wp\/v2\/types\/product"}],"wp:attachment":[{"href":"https:\/\/roveyayinevi.com.tr\/index.php\/wp-json\/wp\/v2\/media?parent=734354"}],"wp:term":[{"taxonomy":"product_brand","embeddable":true,"href":"https:\/\/roveyayinevi.com.tr\/index.php\/wp-json\/wp\/v2\/product_brand?post=734354"},{"taxonomy":"product_cat","embeddable":true,"href":"https:\/\/roveyayinevi.com.tr\/index.php\/wp-json\/wp\/v2\/product_cat?post=734354"},{"taxonomy":"product_tag","embeddable":true,"href":"https:\/\/roveyayinevi.com.tr\/index.php\/wp-json\/wp\/v2\/product_tag?post=734354"}],"curies":[{"name":"wp","href":"https:\/\/api.w.org\/{rel}","templated":true}]}}