{"id":734352,"date":"2025-08-27T22:26:34","date_gmt":"2025-08-27T19:26:34","guid":{"rendered":"https:\/\/roveyayinevi.com.tr\/index.php\/urun\/gicikgiller-apartmani-1-ciltli\/"},"modified":"2026-04-16T02:42:05","modified_gmt":"2026-04-15T23:42:05","slug":"gicikgiller-apartmani-1-ciltli","status":"publish","type":"product","link":"https:\/\/roveyayinevi.com.tr\/index.php\/urun\/gicikgiller-apartmani-1-ciltli\/","title":{"rendered":"G\u0131c\u0131kgiller Apartman\u0131 1 (Ciltli)"},"content":{"rendered":"<p>Benim ad\u0131m Yusuf Emre. \u015eu an \u00e7ok b\u00fcy\u00fck, \u00e7ok gizli ve \u00e7ok \u00f6nemli bir g\u00f6revim var. Kelimeleri kurtarmak. \u0130lk olarak \u0130NSANLIK kelimesinden ba\u015flayaca\u011f\u0131m. \u00c7\u00fcnk\u00fc ger\u00e7ekten, insanl\u0131k \u00e7ok zor bir durumda. Birbirine g\u00fcl\u00fcmsemeyen, sayg\u0131 duymayan, selam vermeyen, yard\u0131m etmeyen insanlar\u0131n say\u0131s\u0131 gittik\u00e7e art\u0131yor. Merhametli kahramanlara ihtiyac\u0131 var d\u00fcnyan\u0131n. Bu kahraman, bence sen olabilirsin. Elinde tuttu\u011fun bu kitap seni hem g\u00fclmekten bay\u0131ltacak hem de d\u00fc\u015f\u00fcnd\u00fcrecek. Bana kat\u0131lmak ister misin? <\/p>\n","protected":false},"excerpt":{"rendered":"<p>Benim ad\u0131m Yusuf Emre. \u015eu an \u00e7ok b\u00fcy\u00fck, \u00e7ok gizli ve \u00e7ok \u00f6nemli bir g\u00f6revim var. Kelimeleri kurtarmak. \u0130lk olarak \u0130NSANLIK kelimesinden ba\u015flayaca\u011f\u0131m. \u00c7\u00fcnk\u00fc ger\u00e7ekten, insanl\u0131k<span class=\"excerpt-hellip\"> [\u2026]<\/span><\/p>\n","protected":false},"featured_media":0,"template":"","meta":{"_monsterinsights_skip_tracking":false,"_monsterinsights_sitenote_active":false,"_monsterinsights_sitenote_note":"","_monsterinsights_sitenote_category":0},"product_brand":[],"product_cat":[12275,12274],"product_tag":[],"class_list":{"0":"post-734352","1":"product","2":"type-product","3":"status-publish","5":"product_cat-6-12-yas-kitaplari","6":"product_cat-cocuk-ve-genclik-kitaplari","7":"pa_cilt-ciltli","8":"pa_tur-kitap","9":"pa_yayinevi-nesil-genc","10":"pa_yazar-yusuf-asal","12":"first","13":"instock","14":"sale","15":"shipping-taxable","16":"purchasable","17":"product-type-simple"},"_links":{"self":[{"href":"https:\/\/roveyayinevi.com.tr\/index.php\/wp-json\/wp\/v2\/product\/734352","targetHints":{"allow":["GET"]}}],"collection":[{"href":"https:\/\/roveyayinevi.com.tr\/index.php\/wp-json\/wp\/v2\/product"}],"about":[{"href":"https:\/\/roveyayinevi.com.tr\/index.php\/wp-json\/wp\/v2\/types\/product"}],"wp:attachment":[{"href":"https:\/\/roveyayinevi.com.tr\/index.php\/wp-json\/wp\/v2\/media?parent=734352"}],"wp:term":[{"taxonomy":"product_brand","embeddable":true,"href":"https:\/\/roveyayinevi.com.tr\/index.php\/wp-json\/wp\/v2\/product_brand?post=734352"},{"taxonomy":"product_cat","embeddable":true,"href":"https:\/\/roveyayinevi.com.tr\/index.php\/wp-json\/wp\/v2\/product_cat?post=734352"},{"taxonomy":"product_tag","embeddable":true,"href":"https:\/\/roveyayinevi.com.tr\/index.php\/wp-json\/wp\/v2\/product_tag?post=734352"}],"curies":[{"name":"wp","href":"https:\/\/api.w.org\/{rel}","templated":true}]}}