{"id":734349,"date":"2025-08-27T22:26:31","date_gmt":"2025-08-27T19:26:31","guid":{"rendered":"https:\/\/roveyayinevi.com.tr\/index.php\/urun\/manset-turkiye-konusuyor\/"},"modified":"2026-04-16T02:42:05","modified_gmt":"2026-04-15T23:42:05","slug":"manset-turkiye-konusuyor","status":"publish","type":"product","link":"https:\/\/roveyayinevi.com.tr\/index.php\/urun\/manset-turkiye-konusuyor\/","title":{"rendered":"Man\u015fet &#8211; T\u00fcrkiye Konu\u015fuyor"},"content":{"rendered":"<p>Baz\u0131 m\u00fclakatlar zaman ve ko\u015fullar ne kadar de\u011fi\u015fse de, kal\u0131c\u0131 metinler olarak belleklerde, literat\u00fcrde, ar\u015fivlerde yerini al\u0131r. Bu gruptaki m\u00fclakatlar daha sonra yap\u0131ld\u0131klar\u0131 d\u00f6nemleri anlamak a\u00e7\u0131s\u0131ndan tarih\u00e7iler, ara\u015ft\u0131rmac\u0131lar, toplumbilimciler a\u00e7\u0131s\u0131ndan \u00f6nemli referans metinler olu\u015ftururlar. \u0130pek \u00d6zbey\u2019in m\u00fclakatlar\u0131n\u0131 bu grupta de\u011ferlendirmemiz gerekir. Sedat Ergin &#8211; Eski H\u00fcrriyet Gazetesi Genel Yay\u0131n Y\u00f6netmeni   \u0130pek \u00d6zbey\u2019in bir\u00e7ok r\u00f6portajc\u0131dan fark\u0131 hayat\u0131n\u0131 gazetecili\u011fe vermi\u015f olmas\u0131d\u0131r. Bu kitab\u0131 okurken kar\u015f\u0131n\u0131zda mesle\u011fin her mecras\u0131nda uzmanla\u015fm\u0131\u015f, \u00e7ilesini \u00e7ekmi\u015f, fedak\u00e2r ve usta bir ismin oldu\u011funu hat\u0131rlay\u0131n. T\u00fcr\u00fc t\u00fckenmekte olan ger\u00e7ek bir gazetecinin\u2026 \u00c7\u0131nar Oskay &#8211; Eski H\u00fcrriyet Yan Yay\u0131nlar Y\u00f6netmeni   \u0130pek \u00d6zbey, H\u00fcrriyet\u2019te birlikte \u00e7al\u0131\u015ft\u0131\u011f\u0131m\u0131z d\u00f6nemde her hafta \u00f6nceden iyi \u00e7al\u0131\u015f\u0131lm\u0131\u015f 2-3 farkl\u0131 \u00f6neri ortaya koydu. O hafta i\u00e7in karar verdi\u011fi ki\u015fi ve konuda en do\u011fru sorularla r\u00f6portaj\u0131n\u0131 yapt\u0131. R\u00f6portajlar\u0131 s\u0131kl\u0131kla H\u00fcrriyet\u2019te man\u015fette yer ald\u0131. Vahap Munyar &#8211; Eski H\u00fcrriyet Gazetesi Genel Yay\u0131n Y\u00f6netmeni   Neredeyse her sabah Cumhuriyet\u2019in kap\u0131s\u0131ndan ilk giren isimdir \u0130pek \u00d6zbey. T\u00fcrkiye\u2019nin g\u00fcndemini de\u011fi\u015ftiren sorular\u0131n alt\u0131nda g\u00fcnler \u00f6ncesinden ba\u015flayan haz\u0131rl\u0131k, \u00e7al\u0131\u015fma ve emek gizlidir. Man\u015fet\u2019te de\u011ferli bir bas\u0131n emek\u00e7isinin b\u00fcy\u00fck al\u0131nteri var. Aykut K\u00fc\u00e7\u00fckkaya &#8211; Cumhuriyet Gazetesi Genel Yay\u0131n Y\u00f6netmeni <\/p>\n","protected":false},"excerpt":{"rendered":"<p>Baz\u0131 m\u00fclakatlar zaman ve ko\u015fullar ne kadar de\u011fi\u015fse de, kal\u0131c\u0131 metinler olarak belleklerde, literat\u00fcrde, ar\u015fivlerde yerini al\u0131r. Bu gruptaki m\u00fclakatlar daha sonra yap\u0131ld\u0131klar\u0131 d\u00f6nemleri anlamak a\u00e7\u0131s\u0131ndan<span class=\"excerpt-hellip\"> [\u2026]<\/span><\/p>\n","protected":false},"featured_media":0,"template":"","meta":{"_monsterinsights_skip_tracking":false,"_monsterinsights_sitenote_active":false,"_monsterinsights_sitenote_note":"","_monsterinsights_sitenote_category":0},"product_brand":[],"product_cat":[12337,14543],"product_tag":[],"class_list":{"0":"post-734349","1":"product","2":"type-product","3":"status-publish","5":"product_cat-politika-siyaset","6":"product_cat-turkiye-siyaseti-ve-politikasi","7":"pa_cilt-ciltsiz","8":"pa_tur-kitap","9":"pa_yayinevi-kirmizi-kedi-yayinevi","10":"pa_yazar-ipek-ozbey","12":"first","13":"instock","14":"sale","15":"shipping-taxable","16":"purchasable","17":"product-type-simple"},"_links":{"self":[{"href":"https:\/\/roveyayinevi.com.tr\/index.php\/wp-json\/wp\/v2\/product\/734349","targetHints":{"allow":["GET"]}}],"collection":[{"href":"https:\/\/roveyayinevi.com.tr\/index.php\/wp-json\/wp\/v2\/product"}],"about":[{"href":"https:\/\/roveyayinevi.com.tr\/index.php\/wp-json\/wp\/v2\/types\/product"}],"wp:attachment":[{"href":"https:\/\/roveyayinevi.com.tr\/index.php\/wp-json\/wp\/v2\/media?parent=734349"}],"wp:term":[{"taxonomy":"product_brand","embeddable":true,"href":"https:\/\/roveyayinevi.com.tr\/index.php\/wp-json\/wp\/v2\/product_brand?post=734349"},{"taxonomy":"product_cat","embeddable":true,"href":"https:\/\/roveyayinevi.com.tr\/index.php\/wp-json\/wp\/v2\/product_cat?post=734349"},{"taxonomy":"product_tag","embeddable":true,"href":"https:\/\/roveyayinevi.com.tr\/index.php\/wp-json\/wp\/v2\/product_tag?post=734349"}],"curies":[{"name":"wp","href":"https:\/\/api.w.org\/{rel}","templated":true}]}}