{"id":734348,"date":"2025-08-27T22:26:31","date_gmt":"2025-08-27T19:26:31","guid":{"rendered":"https:\/\/roveyayinevi.com.tr\/index.php\/urun\/bizans-toplumunu-gorunur-kilmak-ciltli\/"},"modified":"2026-04-16T02:42:05","modified_gmt":"2026-04-15T23:42:05","slug":"bizans-toplumunu-gorunur-kilmak-ciltli","status":"publish","type":"product","link":"https:\/\/roveyayinevi.com.tr\/index.php\/urun\/bizans-toplumunu-gorunur-kilmak-ciltli\/","title":{"rendered":"Bizans Toplumunu G\u00f6r\u00fcn\u00fcr K\u0131lmak (Ciltli)"},"content":{"rendered":"<p>Akademik ya\u015fam\u0131 boyunca uzun y\u0131llar\u0131n\u0131 T\u00fcrkiye&#8217;de Bizans sanat\u0131 konusunda ara\u015ft\u0131rmalarla ge\u00e7irmi\u015f olan Profes\u00f6r Robert Ousterhout, yirmi be\u015f y\u0131l\u0131 a\u015fk\u0131n s\u00fcredir Kapadokya b\u00f6lgesinde \u00e7al\u0131\u015fmaktad\u0131r. Bu b\u00f6lgedeki \u00e7al\u0131\u015fmalar\u0131, 1994-1998 y\u0131llar\u0131 aras\u0131nda \u00c7anl\u0131 Kilise ve \u00e7evresinde ger\u00e7ekle\u015ftirdi\u011fi kaz\u0131 ve y\u00fczey ara\u015ft\u0131rmalar\u0131 ile ilk meyvesini vermi\u015f, A Byzantine Settlement in Cappadocia ba\u015fl\u0131kl\u0131 kitab\u0131 2005 y\u0131l\u0131nda yay\u0131nlanm\u0131\u015ft\u0131r. Profes\u00f6r Ousterhout, Ko\u00e7 \u00dcniversitesi&#8217;nin sponsorlu\u011funda 2011 y\u0131l\u0131ndan bu yana ger\u00e7ekle\u015ftirdi\u011fi &#8220;Cappadocia in Context&#8221; ba\u015fl\u0131kl\u0131 uluslararas\u0131 yaz at\u00f6lyeleri ile, \u00f6zellikle son y\u0131llarda b\u00f6lgede \u00e7al\u0131\u015fmalar\u0131n\u0131 yo\u011funla\u015ft\u0131rm\u0131\u015f, kendi deyi\u015fiyle bu \u00e7al\u0131\u015fmalara kat\u0131lan akademisyen ve \u00f6\u011frenciler ile do\u011frudan alanda d\u00fc\u015f\u00fcnce payla\u015f\u0131m\u0131 imk\u00e2n\u0131n\u0131 bulmu\u015ftur. Elinizde T\u00fcrk\u00e7e \u00e7evirisi bulunan Visualizing Communities: Art, Material Culture, and Settlements in Byzantine Cappadocia kitab\u0131 ise, b\u00fct\u00fcn bu uzun \u00e7al\u0131\u015fmalar\u0131n\u0131n bir \u00fcr\u00fcn\u00fc olarak 2017 y\u0131l\u0131nda yay\u0131nlanm\u0131\u015ft\u0131r. Profes\u00f6r Ousterhout bu kitab\u0131nda, \u00e7o\u011funlukla tekil yap\u0131lar, duvar resimleri ve izole yerle\u015fmeler olarak ele al\u0131nm\u0131\u015f olan Kapadokya b\u00f6lgesini, topluluklar\u0131n maddi k\u00fclt\u00fcr yarat\u0131lar\u0131na odaklanarak, tarihsel, \u00e7evresel ve iklimsel s\u00fcre\u00e7leri, inan\u00e7 sistemlerini ve g\u00fcndelik ya\u015fant\u0131lar\u0131 da g\u00f6z \u00f6n\u00fcnde bulundurarak b\u00fct\u00fcnc\u00fcl bir yakla\u015f\u0131mla incelemekte, b\u00f6lgede ya\u015fayan topluluklar\u0131 bir bak\u0131ma &#8220;g\u00f6zle g\u00f6r\u00fclebilir&#8221; k\u0131lmaktad\u0131r. <\/p>\n","protected":false},"excerpt":{"rendered":"<p>Akademik ya\u015fam\u0131 boyunca uzun y\u0131llar\u0131n\u0131 T\u00fcrkiye&#8217;de Bizans sanat\u0131 konusunda ara\u015ft\u0131rmalarla ge\u00e7irmi\u015f olan Profes\u00f6r Robert Ousterhout, yirmi be\u015f y\u0131l\u0131 a\u015fk\u0131n s\u00fcredir Kapadokya b\u00f6lgesinde \u00e7al\u0131\u015fmaktad\u0131r. Bu b\u00f6lgedeki \u00e7al\u0131\u015fmalar\u0131,<span class=\"excerpt-hellip\"> [\u2026]<\/span><\/p>\n","protected":false},"featured_media":0,"template":"","meta":{"_monsterinsights_skip_tracking":false,"_monsterinsights_sitenote_active":false,"_monsterinsights_sitenote_note":"","_monsterinsights_sitenote_category":0},"product_brand":[],"product_cat":[12408,14197],"product_tag":[],"class_list":{"0":"post-734348","1":"product","2":"type-product","3":"status-publish","5":"product_cat-sanat","6":"product_cat-sanat-tarihi","7":"pa_cilt-ciltli","8":"pa_tur-kitap","9":"pa_yayinevi-koc-universitesi-yayinlari","10":"pa_yazar-robert-ousterhout","12":"first","13":"instock","14":"sale","15":"shipping-taxable","16":"purchasable","17":"product-type-simple"},"_links":{"self":[{"href":"https:\/\/roveyayinevi.com.tr\/index.php\/wp-json\/wp\/v2\/product\/734348","targetHints":{"allow":["GET"]}}],"collection":[{"href":"https:\/\/roveyayinevi.com.tr\/index.php\/wp-json\/wp\/v2\/product"}],"about":[{"href":"https:\/\/roveyayinevi.com.tr\/index.php\/wp-json\/wp\/v2\/types\/product"}],"wp:attachment":[{"href":"https:\/\/roveyayinevi.com.tr\/index.php\/wp-json\/wp\/v2\/media?parent=734348"}],"wp:term":[{"taxonomy":"product_brand","embeddable":true,"href":"https:\/\/roveyayinevi.com.tr\/index.php\/wp-json\/wp\/v2\/product_brand?post=734348"},{"taxonomy":"product_cat","embeddable":true,"href":"https:\/\/roveyayinevi.com.tr\/index.php\/wp-json\/wp\/v2\/product_cat?post=734348"},{"taxonomy":"product_tag","embeddable":true,"href":"https:\/\/roveyayinevi.com.tr\/index.php\/wp-json\/wp\/v2\/product_tag?post=734348"}],"curies":[{"name":"wp","href":"https:\/\/api.w.org\/{rel}","templated":true}]}}