{"id":734346,"date":"2025-08-27T22:26:29","date_gmt":"2025-08-27T19:26:29","guid":{"rendered":"https:\/\/roveyayinevi.com.tr\/index.php\/urun\/yildiz-hikayeleri\/"},"modified":"2026-04-16T02:42:05","modified_gmt":"2026-04-15T23:42:05","slug":"yildiz-hikayeleri","status":"publish","type":"product","link":"https:\/\/roveyayinevi.com.tr\/index.php\/urun\/yildiz-hikayeleri\/","title":{"rendered":"Y\u0131ld\u0131z Hikayeleri"},"content":{"rendered":"<p>\u201cAk\u0131ll\u0131 telefonlardan \u00f6nce kitaplar vard\u0131. Kitaplardan \u00f6nce ise ma\u011fara duvarlar\u0131na veya kutsal tap\u0131naklara yap\u0131lm\u0131\u015f resimler vard\u0131 ve bu resimlerin iletmek istedi\u011fi mesaj, g\u00fcn\u00fcm\u00fcze ula\u015fmayan s\u00f6zl\u00fc kelimelerle peki\u015ftiriliyordu. G\u00f6ky\u00fcz\u00fc de ya\u015fam\u0131n anlam\u0131 hakk\u0131nda hik\u00e2yeler anlatmak i\u00e7in \u00f6teden beri bir tuval vazifesi g\u00f6rm\u00fc\u015ft\u00fcr. Erken d\u00f6nemlerde insanlar g\u00f6ky\u00fcz\u00fc ile yery\u00fcz\u00fc aras\u0131nda gizli benzerlikler aram\u0131\u015f, yaratt\u0131klar\u0131 g\u00f6ksel imgeler yoluyla da yukar\u0131daki bilinmezi a\u015fa\u011f\u0131daki g\u00fcnl\u00fck ya\u015famlar\u0131yla birle\u015ftirme umudu ta\u015f\u0131m\u0131\u015flard\u0131r. G\u00f6ky\u00fcz\u00fcyle temas\u0131m\u0131z bizi insanla\u015ft\u0131rm\u0131\u015f, kim oldu\u011fumuza dair hik\u00e2yeler anlatmak i\u00e7in hayal g\u00fcc\u00fcm\u00fcz\u00fc kullanmaya te\u015fvik etmi\u015ftir.\u201d   G\u00f6ky\u00fcz\u00fcn\u00fcn farkl\u0131 \u00e7a\u011flarda ve farkl\u0131 k\u00fclt\u00fcrlerde hayat\u0131n anlam\u0131, kader ve gelecekle ilgili hik\u00e2yelerle birlikte an\u0131lmas\u0131 insanlar\u0131n ilgisini \u00e7ekmeyi hep ba\u015farm\u0131\u015ft\u0131r: Yunan ve Roma mitlerinden \u00c7in mitolojisine, kadim k\u00e2hinlerden modern falc\u0131lara var\u0131ncaya dek, bilinmezi bilmenin ba\u015frol\u00fc olmu\u015ftur g\u00f6ky\u00fcz\u00fc ve y\u0131ld\u0131zlar. Kozmoloji \u00fczerine k\u00fclt\u00fcrel \u00e7al\u0131\u015fmalar\u0131yla tan\u0131nan Anthony Aveni, nesillerden beri sevilerek anlat\u0131lan hik\u00e2yeleri bir araya getirerek y\u0131ld\u0131zlarla dolu g\u00f6ky\u00fcz\u00fcn\u00fcn s\u0131ra d\u0131\u015f\u0131 bir haritas\u0131n\u0131 \u00e7\u0131kar\u0131yor: Orion, Pleiadlar, Samanyolu\u2019nun karanl\u0131k bulut tak\u0131my\u0131ld\u0131zlar\u0131, Kutup tak\u0131my\u0131ld\u0131zlar\u0131 vb. Y\u0131ld\u0131z Hik\u00e2yeleri hayat kar\u015f\u0131s\u0131nda ya\u015fad\u0131\u011f\u0131m\u0131z deneyimlerin g\u00f6ky\u00fcz\u00fcndeki yans\u0131mas\u0131 \u00fczerine ola\u011fan\u00fcst\u00fc bir \u00e7al\u0131\u015fma. <\/p>\n","protected":false},"excerpt":{"rendered":"<p>\u201cAk\u0131ll\u0131 telefonlardan \u00f6nce kitaplar vard\u0131. Kitaplardan \u00f6nce ise ma\u011fara duvarlar\u0131na veya kutsal tap\u0131naklara yap\u0131lm\u0131\u015f resimler vard\u0131 ve bu resimlerin iletmek istedi\u011fi mesaj, g\u00fcn\u00fcm\u00fcze ula\u015fmayan s\u00f6zl\u00fc kelimelerle<span class=\"excerpt-hellip\"> [\u2026]<\/span><\/p>\n","protected":false},"featured_media":0,"template":"","meta":{"_monsterinsights_skip_tracking":false,"_monsterinsights_sitenote_active":false,"_monsterinsights_sitenote_note":"","_monsterinsights_sitenote_category":0},"product_brand":[],"product_cat":[12305,12304],"product_tag":[],"class_list":{"0":"post-734346","1":"product","2":"type-product","3":"status-publish","5":"product_cat-dunya-tarihi","6":"product_cat-tarih","7":"pa_cilt-ciltsiz","8":"pa_tur-kitap","9":"pa_yayinevi-yapi-kredi-yayinlari","10":"pa_yazar-anthony-aveni","12":"first","13":"instock","14":"sale","15":"shipping-taxable","16":"purchasable","17":"product-type-simple"},"_links":{"self":[{"href":"https:\/\/roveyayinevi.com.tr\/index.php\/wp-json\/wp\/v2\/product\/734346","targetHints":{"allow":["GET"]}}],"collection":[{"href":"https:\/\/roveyayinevi.com.tr\/index.php\/wp-json\/wp\/v2\/product"}],"about":[{"href":"https:\/\/roveyayinevi.com.tr\/index.php\/wp-json\/wp\/v2\/types\/product"}],"wp:attachment":[{"href":"https:\/\/roveyayinevi.com.tr\/index.php\/wp-json\/wp\/v2\/media?parent=734346"}],"wp:term":[{"taxonomy":"product_brand","embeddable":true,"href":"https:\/\/roveyayinevi.com.tr\/index.php\/wp-json\/wp\/v2\/product_brand?post=734346"},{"taxonomy":"product_cat","embeddable":true,"href":"https:\/\/roveyayinevi.com.tr\/index.php\/wp-json\/wp\/v2\/product_cat?post=734346"},{"taxonomy":"product_tag","embeddable":true,"href":"https:\/\/roveyayinevi.com.tr\/index.php\/wp-json\/wp\/v2\/product_tag?post=734346"}],"curies":[{"name":"wp","href":"https:\/\/api.w.org\/{rel}","templated":true}]}}