{"id":734345,"date":"2025-08-27T22:26:28","date_gmt":"2025-08-27T19:26:28","guid":{"rendered":"https:\/\/roveyayinevi.com.tr\/index.php\/urun\/kara-kitap-tartismalari\/"},"modified":"2026-04-16T02:42:05","modified_gmt":"2026-04-15T23:42:05","slug":"kara-kitap-tartismalari","status":"publish","type":"product","link":"https:\/\/roveyayinevi.com.tr\/index.php\/urun\/kara-kitap-tartismalari\/","title":{"rendered":"Kara Kitap Tart\u0131\u015fmalar\u0131"},"content":{"rendered":"<p>Bug\u00fcn modern T\u00fcrk roman\u0131n\u0131n klasiklerinden say\u0131lan Kara Kitap, 1990\u2019da yay\u0131mland\u0131\u011f\u0131nda yad\u0131rganm\u0131\u015f, \u015fiddetli edebi tart\u0131\u015fmalar\u0131n, polemiklerin ve sald\u0131r\u0131lar\u0131n konusu olmu\u015ftu. Bu benzersiz, yenilik\u00e7i ve \u201cesrarl\u0131\u201d roman\u0131n bi\u00e7imi, dili ve edebiyat anlay\u0131\u015f\u0131 g\u00fcn\u00fcn \u00f6nde gelen ele\u015ftirmenleri taraf\u0131ndan sert bir \u015fekilde ele\u015ftirilmi\u015f, ba\u015fka yazar ve ele\u015ftirmenler de bu yaz\u0131lara cevap verip roman\u0131n modern ya da postmodern yanlar\u0131n\u0131 savunmu\u015flard\u0131.   Orhan Pamuk\u2019a Nobel \u00f6d\u00fcl\u00fcn\u00fc kazand\u0131ran eserlerin en \u00f6nemlilerinden Kara Kitap\u2019\u0131n edebiyat\u0131m\u0131z\u0131n ba\u015fyap\u0131tlar\u0131ndan biri olarak kabul edilmesi s\u00fcreci bu ilk tart\u0131\u015fmalarla ba\u015flad\u0131. Hem Kara Kitap\u2019\u0131n d\u00fcnyas\u0131n\u0131, dayand\u0131\u011f\u0131 di\u011fer kitap ve metinleri ortaya koyan hem de kitab\u0131n kalbinde yatan \u201cmana\u201dya y\u00f6nelik bu tart\u0131\u015fmalar ayn\u0131 zamanda Pamuk\u2019un \u00e7ok katmanl\u0131 edebi d\u00fcnyas\u0131na bir giri\u015f niteli\u011finde.   \u0130lk bas\u0131mlar\u0131nda ad\u0131 Kara Kitap \u00dczerine Yaz\u0131lar olan bu kitap i\u00e7in N\u00fcket Esen yeni bir d\u00fczenleme yapt\u0131. Orhan Pamuk ise roman\u0131n yaz\u0131l\u0131\u015f\u0131 ve sert tart\u0131\u015fmalar s\u0131ras\u0131nda \u00e7ok yak\u0131n\u0131nda olan dostu Ahmet I\u015f\u0131k\u00e7\u0131 ile tart\u0131\u015fmalar konusunda samimi bir s\u00f6yle\u015fi yap\u0131p merakl\u0131 okura kitab\u0131n baz\u0131 s\u0131rlar\u0131n\u0131 a\u00e7\u0131klad\u0131. <\/p>\n","protected":false},"excerpt":{"rendered":"<p>Bug\u00fcn modern T\u00fcrk roman\u0131n\u0131n klasiklerinden say\u0131lan Kara Kitap, 1990\u2019da yay\u0131mland\u0131\u011f\u0131nda yad\u0131rganm\u0131\u015f, \u015fiddetli edebi tart\u0131\u015fmalar\u0131n, polemiklerin ve sald\u0131r\u0131lar\u0131n konusu olmu\u015ftu. Bu benzersiz, yenilik\u00e7i ve \u201cesrarl\u0131\u201d roman\u0131n bi\u00e7imi,<span class=\"excerpt-hellip\"> [\u2026]<\/span><\/p>\n","protected":false},"featured_media":0,"template":"","meta":{"_monsterinsights_skip_tracking":false,"_monsterinsights_sitenote_active":false,"_monsterinsights_sitenote_note":"","_monsterinsights_sitenote_category":0},"product_brand":[],"product_cat":[12291,30969],"product_tag":[],"class_list":{"0":"post-734345","1":"product","2":"type-product","3":"status-publish","5":"product_cat-edebiyat","6":"product_cat-soylesi-edebiyat","7":"pa_cilt-ciltsiz","8":"pa_tur-kitap","9":"pa_yayinevi-yapi-kredi-yayinlari","10":"pa_yazar-nuket-esen","12":"first","13":"instock","14":"sale","15":"shipping-taxable","16":"purchasable","17":"product-type-simple"},"_links":{"self":[{"href":"https:\/\/roveyayinevi.com.tr\/index.php\/wp-json\/wp\/v2\/product\/734345","targetHints":{"allow":["GET"]}}],"collection":[{"href":"https:\/\/roveyayinevi.com.tr\/index.php\/wp-json\/wp\/v2\/product"}],"about":[{"href":"https:\/\/roveyayinevi.com.tr\/index.php\/wp-json\/wp\/v2\/types\/product"}],"wp:attachment":[{"href":"https:\/\/roveyayinevi.com.tr\/index.php\/wp-json\/wp\/v2\/media?parent=734345"}],"wp:term":[{"taxonomy":"product_brand","embeddable":true,"href":"https:\/\/roveyayinevi.com.tr\/index.php\/wp-json\/wp\/v2\/product_brand?post=734345"},{"taxonomy":"product_cat","embeddable":true,"href":"https:\/\/roveyayinevi.com.tr\/index.php\/wp-json\/wp\/v2\/product_cat?post=734345"},{"taxonomy":"product_tag","embeddable":true,"href":"https:\/\/roveyayinevi.com.tr\/index.php\/wp-json\/wp\/v2\/product_tag?post=734345"}],"curies":[{"name":"wp","href":"https:\/\/api.w.org\/{rel}","templated":true}]}}