{"id":734341,"date":"2025-08-27T22:26:25","date_gmt":"2025-08-27T19:26:25","guid":{"rendered":"https:\/\/roveyayinevi.com.tr\/index.php\/urun\/sportif-organizasyonlar-sponsorlugu\/"},"modified":"2026-04-16T02:42:05","modified_gmt":"2026-04-15T23:42:05","slug":"sportif-organizasyonlar-sponsorlugu","status":"publish","type":"product","link":"https:\/\/roveyayinevi.com.tr\/index.php\/urun\/sportif-organizasyonlar-sponsorlugu\/","title":{"rendered":"Sportif Organizasyonlar Sponsorlu\u011fu"},"content":{"rendered":"<p>1.      \u00d6ZET 2.      SUMMARY 3.      G\u0130R\u0130\u015e VE AMA\u00c7 4.      GENEL B\u0130LG\u0130LER 4.1.   Sponsorluk 4.2.   Basketbol 4.3.   Basketbol Ligleri 5.      GERE\u00c7 VE Y\u00d6NTEM 6.      BULGULAR 7. TARTI\u015eMA VE SONU\u00c7<\/p>\n","protected":false},"excerpt":{"rendered":"<p>1. \u00d6ZET 2. SUMMARY 3. G\u0130R\u0130\u015e VE AMA\u00c7 4. GENEL B\u0130LG\u0130LER 4.1. Sponsorluk 4.2. Basketbol 4.3. Basketbol Ligleri 5. GERE\u00c7 VE Y\u00d6NTEM 6. BULGULAR 7. TARTI\u015eMA<span class=\"excerpt-hellip\"> [\u2026]<\/span><\/p>\n","protected":false},"featured_media":0,"template":"","meta":{"_monsterinsights_skip_tracking":false,"_monsterinsights_sitenote_active":false,"_monsterinsights_sitenote_note":"","_monsterinsights_sitenote_category":0},"product_brand":[],"product_cat":[15563,15564],"product_tag":[],"class_list":{"0":"post-734341","1":"product","2":"type-product","3":"status-publish","5":"product_cat-hobi","6":"product_cat-spor","7":"pa_cilt-ciltsiz","8":"pa_tur-kitap","9":"pa_yayinevi-gazi-kitabevi","10":"pa_yazar-emre-turegun","12":"first","13":"instock","14":"sale","15":"shipping-taxable","16":"purchasable","17":"product-type-simple"},"_links":{"self":[{"href":"https:\/\/roveyayinevi.com.tr\/index.php\/wp-json\/wp\/v2\/product\/734341","targetHints":{"allow":["GET"]}}],"collection":[{"href":"https:\/\/roveyayinevi.com.tr\/index.php\/wp-json\/wp\/v2\/product"}],"about":[{"href":"https:\/\/roveyayinevi.com.tr\/index.php\/wp-json\/wp\/v2\/types\/product"}],"wp:attachment":[{"href":"https:\/\/roveyayinevi.com.tr\/index.php\/wp-json\/wp\/v2\/media?parent=734341"}],"wp:term":[{"taxonomy":"product_brand","embeddable":true,"href":"https:\/\/roveyayinevi.com.tr\/index.php\/wp-json\/wp\/v2\/product_brand?post=734341"},{"taxonomy":"product_cat","embeddable":true,"href":"https:\/\/roveyayinevi.com.tr\/index.php\/wp-json\/wp\/v2\/product_cat?post=734341"},{"taxonomy":"product_tag","embeddable":true,"href":"https:\/\/roveyayinevi.com.tr\/index.php\/wp-json\/wp\/v2\/product_tag?post=734341"}],"curies":[{"name":"wp","href":"https:\/\/api.w.org\/{rel}","templated":true}]}}