{"id":734340,"date":"2025-08-27T22:26:24","date_gmt":"2025-08-27T19:26:24","guid":{"rendered":"https:\/\/roveyayinevi.com.tr\/index.php\/urun\/kurumsal-degisimde-kamu-maliyesinin-rolu\/"},"modified":"2026-04-16T02:42:05","modified_gmt":"2026-04-15T23:42:05","slug":"kurumsal-degisimde-kamu-maliyesinin-rolu","status":"publish","type":"product","link":"https:\/\/roveyayinevi.com.tr\/index.php\/urun\/kurumsal-degisimde-kamu-maliyesinin-rolu\/","title":{"rendered":"Kurumsal De\u011fi\u015fimde Kamu Maliyesinin Rol\u00fc"},"content":{"rendered":"<p>1.      \u0130KT\u0130SAD\u0130 ANLAMDA KURUM KAVRAMI 1.1.   Kurumsal \u0130ktisad\u0131n Ortaya \u00c7\u0131k\u0131\u015f\u0131 ve Tarihsel Geli\u015fimi 1.2.   Kurumsal Yap\u0131n\u0131n Olu\u015fumunda ve De\u011fi\u015fiminde Ekonomik, Hukuki, Politik ve Toplumsal Etkenler 2.      KAMU EKONOM\u0130 POL\u0130T\u0130KALARI, MAKROEKONOM\u0130K PERFORMANS VE KURUMLAR 2.1.   Kurumsal Yap\u0131n\u0131n Kamu Politikalar\u0131 \u0130le \u0130li\u015fkisi 2.2.   Makroekonomik Performans 2.3.   Ekonomik B\u00fcy\u00fcme ve Kurumsal Yap\u0131 2.4.   Kamu Ekonomi Politikalar\u0131 \u0130le \u0130li\u015fkili Makroekonomik G\u00f6stergeler ve Kurumsal Yap\u0131 3.      KAMU MAL\u0130YES\u0130 VE KURUMSAL YAPI ARASINDAK\u0130 \u0130L\u0130\u015eK\u0130N\u0130N AMP\u0130R\u0130K Y\u00d6NTEMLER \u0130LE ANAL\u0130Z\u0130 3.1.   Veri ve Y\u00f6ntem 3.2.   Sistem Gmm 3.3.   Panel Hata D\u00fczeltme Modelleri 3.4.   Ampirik Analizlerin Bulgular\u0131 \u00dczerine <\/p>\n","protected":false},"excerpt":{"rendered":"<p>1. \u0130KT\u0130SAD\u0130 ANLAMDA KURUM KAVRAMI 1.1. Kurumsal \u0130ktisad\u0131n Ortaya \u00c7\u0131k\u0131\u015f\u0131 ve Tarihsel Geli\u015fimi 1.2. Kurumsal Yap\u0131n\u0131n Olu\u015fumunda ve De\u011fi\u015fiminde Ekonomik, Hukuki, Politik ve Toplumsal Etkenler 2.<span class=\"excerpt-hellip\"> [\u2026]<\/span><\/p>\n","protected":false},"featured_media":0,"template":"","meta":{"_monsterinsights_skip_tracking":false,"_monsterinsights_sitenote_active":false,"_monsterinsights_sitenote_note":"","_monsterinsights_sitenote_category":0},"product_brand":[],"product_cat":[13043,14381],"product_tag":[],"class_list":{"0":"post-734340","1":"product","2":"type-product","3":"status-publish","5":"product_cat-ekonomi","6":"product_cat-isletme-muhasebe-maliye","7":"pa_cilt-ciltsiz","8":"pa_tur-kitap","9":"pa_yayinevi-gazi-kitabevi","10":"pa_yazar-onur-ozdemir-semra-boga","12":"first","13":"instock","14":"sale","15":"shipping-taxable","16":"purchasable","17":"product-type-simple"},"_links":{"self":[{"href":"https:\/\/roveyayinevi.com.tr\/index.php\/wp-json\/wp\/v2\/product\/734340","targetHints":{"allow":["GET"]}}],"collection":[{"href":"https:\/\/roveyayinevi.com.tr\/index.php\/wp-json\/wp\/v2\/product"}],"about":[{"href":"https:\/\/roveyayinevi.com.tr\/index.php\/wp-json\/wp\/v2\/types\/product"}],"wp:attachment":[{"href":"https:\/\/roveyayinevi.com.tr\/index.php\/wp-json\/wp\/v2\/media?parent=734340"}],"wp:term":[{"taxonomy":"product_brand","embeddable":true,"href":"https:\/\/roveyayinevi.com.tr\/index.php\/wp-json\/wp\/v2\/product_brand?post=734340"},{"taxonomy":"product_cat","embeddable":true,"href":"https:\/\/roveyayinevi.com.tr\/index.php\/wp-json\/wp\/v2\/product_cat?post=734340"},{"taxonomy":"product_tag","embeddable":true,"href":"https:\/\/roveyayinevi.com.tr\/index.php\/wp-json\/wp\/v2\/product_tag?post=734340"}],"curies":[{"name":"wp","href":"https:\/\/api.w.org\/{rel}","templated":true}]}}