{"id":734339,"date":"2025-08-27T22:26:24","date_gmt":"2025-08-27T19:26:24","guid":{"rendered":"https:\/\/roveyayinevi.com.tr\/index.php\/urun\/finansal-olmayan-bilginin-raporlama-standartlari-ve-cerceveleri\/"},"modified":"2026-04-16T02:42:05","modified_gmt":"2026-04-15T23:42:05","slug":"finansal-olmayan-bilginin-raporlama-standartlari-ve-cerceveleri","status":"publish","type":"product","link":"https:\/\/roveyayinevi.com.tr\/index.php\/urun\/finansal-olmayan-bilginin-raporlama-standartlari-ve-cerceveleri\/","title":{"rendered":"Finansal Olmayan Bilginin Raporlama Standartlar\u0131 ve \u00c7er\u00e7eveleri"},"content":{"rendered":"<p>1.      KURUMSAL RAPORLAMA 1.1.   Finansal Raporlama 1.2.   Finansal Olmayan Raporlama 2.      KURUMSAL S\u00dcRD\u00dcR\u00dcLEB\u0130L\u0130RL\u0130K VE S\u00dcRD\u00dcR\u00dcLEB\u0130L\u0130RL\u0130K RAPORLAMASI 2.1.   S\u00fcrd\u00fcr\u00fclebilirlik ve S\u00fcrd\u00fcr\u00fclebilir Kalk\u0131nma 2.2.   Kurumsal S\u00fcrd\u00fcr\u00fclebilirlik 2.3.   S\u00fcrd\u00fcr\u00fclebilirlik Raporlamas\u0131 3.      K\u00dcRESEL S\u00dcRD\u00dcR\u00dcLEB\u0130L\u0130RL\u0130K RAPORLAMA STANDARTLARI VE \u00c7ER\u00c7EVELER\u0130 VE D\u00dcNYADA S\u00dcRD\u00dcR\u00dcLEB\u0130L\u0130RL\u0130K RAPORLAMASINDAK\u0130 YAKINSAMA \u00c7ALI\u015eMALARI 3.1.   K\u00fcresel S\u00fcrd\u00fcr\u00fclebilirlik Raporlama Standartlar\u0131 ve \u00c7er\u00e7eveleri 3.2.   S\u00fcrd\u00fcr\u00fclebilirlik Raporlama Standartlar\u0131n\u0131n Yak\u0131nsamas\u0131 4.      F\u0130NANSAL OLMAYAN RAPORLAMADA \u201c\u00d6NEML\u0130L\u0130K\u201d \u0130LKES\u0130N\u0130N GEREKL\u0130L\u0130\u011e\u0130 4.1.   Finansal Raporlamada \u00d6nemlilik 4.2.   Finansal Olmayan Raporlamada \u00d6nemlilik 4.3.   Finansal Olmayan Raporlamadaki Standartlar ve \u00c7er\u00e7eveler Kapsam\u0131nda \u201c\u00d6nemlilik\u201d Yakla\u015f\u0131m\u0131 ve Yak\u0131nsama \u00c7al\u0131\u015fmalar\u0131 5.      T\u00dcRK\u0130YE\u2019DE UYGULANAN F\u0130NANSAL OLMAYAN RAPORLAMA STANDARTLARI VE \u00c7ER\u00c7EVELER\u0130N\u0130N ANAL\u0130Z\u0130 VE DE\u011eERLEND\u0130RMES\u0130 5.1.   T\u00fcrkiye\u2019deki Finansal Olmayan Raporlama Kapsam\u0131nda Uygulanan Standartlar ve \u00c7er\u00e7eveler 5.2.   T\u00fcrkiye\u2019de GRI ve SASB\u2019nin Birlikte Uygulanmas\u0131 <\/p>\n","protected":false},"excerpt":{"rendered":"<p>1. KURUMSAL RAPORLAMA 1.1. Finansal Raporlama 1.2. Finansal Olmayan Raporlama 2. KURUMSAL S\u00dcRD\u00dcR\u00dcLEB\u0130L\u0130RL\u0130K VE S\u00dcRD\u00dcR\u00dcLEB\u0130L\u0130RL\u0130K RAPORLAMASI 2.1. S\u00fcrd\u00fcr\u00fclebilirlik ve S\u00fcrd\u00fcr\u00fclebilir Kalk\u0131nma 2.2. Kurumsal S\u00fcrd\u00fcr\u00fclebilirlik 2.3. S\u00fcrd\u00fcr\u00fclebilirlik<span class=\"excerpt-hellip\"> [\u2026]<\/span><\/p>\n","protected":false},"featured_media":0,"template":"","meta":{"_monsterinsights_skip_tracking":false,"_monsterinsights_sitenote_active":false,"_monsterinsights_sitenote_note":"","_monsterinsights_sitenote_category":0},"product_brand":[],"product_cat":[13043,14381],"product_tag":[],"class_list":{"0":"post-734339","1":"product","2":"type-product","3":"status-publish","5":"product_cat-ekonomi","6":"product_cat-isletme-muhasebe-maliye","7":"pa_cilt-ciltsiz","8":"pa_tur-kitap","9":"pa_yayinevi-gazi-kitabevi","10":"pa_yazar-banu-sultanoglu","12":"first","13":"instock","14":"sale","15":"shipping-taxable","16":"purchasable","17":"product-type-simple"},"_links":{"self":[{"href":"https:\/\/roveyayinevi.com.tr\/index.php\/wp-json\/wp\/v2\/product\/734339","targetHints":{"allow":["GET"]}}],"collection":[{"href":"https:\/\/roveyayinevi.com.tr\/index.php\/wp-json\/wp\/v2\/product"}],"about":[{"href":"https:\/\/roveyayinevi.com.tr\/index.php\/wp-json\/wp\/v2\/types\/product"}],"wp:attachment":[{"href":"https:\/\/roveyayinevi.com.tr\/index.php\/wp-json\/wp\/v2\/media?parent=734339"}],"wp:term":[{"taxonomy":"product_brand","embeddable":true,"href":"https:\/\/roveyayinevi.com.tr\/index.php\/wp-json\/wp\/v2\/product_brand?post=734339"},{"taxonomy":"product_cat","embeddable":true,"href":"https:\/\/roveyayinevi.com.tr\/index.php\/wp-json\/wp\/v2\/product_cat?post=734339"},{"taxonomy":"product_tag","embeddable":true,"href":"https:\/\/roveyayinevi.com.tr\/index.php\/wp-json\/wp\/v2\/product_tag?post=734339"}],"curies":[{"name":"wp","href":"https:\/\/api.w.org\/{rel}","templated":true}]}}