{"id":734338,"date":"2025-08-27T22:26:23","date_gmt":"2025-08-27T19:26:23","guid":{"rendered":"https:\/\/roveyayinevi.com.tr\/index.php\/urun\/yeni-milat-covid-19-iktisadi-finansal-ve-kurumsal-yonleriyle\/"},"modified":"2026-04-16T02:42:05","modified_gmt":"2026-04-15T23:42:05","slug":"yeni-milat-covid-19-iktisadi-finansal-ve-kurumsal-yonleriyle","status":"publish","type":"product","link":"https:\/\/roveyayinevi.com.tr\/index.php\/urun\/yeni-milat-covid-19-iktisadi-finansal-ve-kurumsal-yonleriyle\/","title":{"rendered":"Yeni Milat &#8211; Covid 19 \u0130ktisadi, Finansal ve Kurumsal Y\u00f6nleriyle"},"content":{"rendered":"<p>1.      Gelir Da\u011f\u0131l\u0131m\u0131 ve \u0120\u0122sizlik Temelinde COVID-19 Pandemisinin Makroekonomik Etkileri: Avrupa Birli\u011fi ve T\u00fcrkiye \u00d6zelinde Salg\u0131n\u0131n \u0120ktisadi Sonu\u00e7lar\u0131 2.      COVID-19\u2019un Uluslararas\u0131 Ticaret ve Di\u011fer Temel Makro G\u00f6stergeler \u00dczerindeki Etkileri: G-20 \u00dclkeleri Analizi 3.      COVID-19 Pandemi Krizinin Ekonomik ve Finansal Etkileri: G-7 ve K\u0131r\u0131lgan Be\u0122li \u00dclkelerinin Kar\u0122\u0131la\u0122t\u0131rmal\u0131 Analizi 4.      COVID-CDS-COVID (CCC) D\u00f6ng\u00fcs\u00fc: Kal\u0131nt\u0131larla Art\u0131r\u0131lm\u0131\u0122 (RALS) Koentegrasyon Testinden Kan\u0131tlar 5.      COVID-19 Pandemisinde \u00dclkelerin Ekonomik \u00d6zg\u00fcrl\u00fckler Performans\u0131 Etkilendi Mi? Heritage \u0120ndeksi \u00dczerinden Bir Kar\u0122\u0131la\u0122t\u0131rma Denemesi 6.      COVID-19 S\u00fcrecinin Denetim \u00dczerindeki Etkisi 7.      COVID-19 A\u0122\u0131 Geli\u0122tirme \u00c7al\u0131\u0122malar\u0131n\u0131n TMS, BOB\u0120 FRS ve K\u00dcM\u0120 FRS Tasla\u011f\u0131 \u00c7er\u00e7evesinde Muhasebele\u0122tirilmesi 8.      COVID-19 Pandemisi\u2019nin Bankalar\u0131n Finansal Performans\u0131na Etkisi: T\u00fcrkiye \u00dczerine Uygulamal\u0131 Bir Analiz 9.      Tarihsel Bak\u0131\u0122 A\u00e7\u0131s\u0131 ile COVID-19 Pandemisi S\u00fcrecinde Yat\u0131r\u0131m ve Kalk\u0131nma Bankac\u0131l\u0131\u011f\u0131n\u0131n Genel Durumu 10.  COVID-19 Salg\u0131n\u0131n\u0131n Demir-\u00c7elik Sekt\u00f6r\u00fcne Etkileri: Ere\u011fli Demir ve \u00c7elik Fabrikalar\u0131 T.A.\u0121. \u00dczerine Kar\u0122\u0131la\u0122t\u0131rmal\u0131 Mali Analiz \u00d6rne\u011fi 11.  COVID-19 S\u00fcrecinin Konya \u0120linde Faaliyet G\u00f6steren Halka A\u00e7\u0131k \u0121irketlerin Finansal Tablolar\u0131 \u00dczerindeki Etkilerinin \u0120ncelenmesi 12.  Salg\u0131n Kontrol\u00fcnde Sa\u011fl\u0131k Veri Kaynaklar\u0131, Verilerin Gizlili\u011fi ve G\u00fcvenli\u011fi: COVID-19 \u00d6rne\u011fi <\/p>\n","protected":false},"excerpt":{"rendered":"<p>1. Gelir Da\u011f\u0131l\u0131m\u0131 ve \u0120\u0122sizlik Temelinde COVID-19 Pandemisinin Makroekonomik Etkileri: Avrupa Birli\u011fi ve T\u00fcrkiye \u00d6zelinde Salg\u0131n\u0131n \u0120ktisadi Sonu\u00e7lar\u0131 2. COVID-19\u2019un Uluslararas\u0131 Ticaret ve Di\u011fer Temel Makro<span class=\"excerpt-hellip\"> [\u2026]<\/span><\/p>\n","protected":false},"featured_media":0,"template":"","meta":{"_monsterinsights_skip_tracking":false,"_monsterinsights_sitenote_active":false,"_monsterinsights_sitenote_note":"","_monsterinsights_sitenote_category":0},"product_brand":[],"product_cat":[17249,13043],"product_tag":[],"class_list":{"0":"post-734338","1":"product","2":"type-product","3":"status-publish","5":"product_cat-borsa-finans","6":"product_cat-ekonomi","7":"pa_cilt-ciltsiz","8":"pa_tur-kitap","9":"pa_yayinevi-gazi-kitabevi","10":"pa_yazar-onur-ozdemir-semra-boga","12":"first","13":"instock","14":"sale","15":"shipping-taxable","16":"purchasable","17":"product-type-simple"},"_links":{"self":[{"href":"https:\/\/roveyayinevi.com.tr\/index.php\/wp-json\/wp\/v2\/product\/734338","targetHints":{"allow":["GET"]}}],"collection":[{"href":"https:\/\/roveyayinevi.com.tr\/index.php\/wp-json\/wp\/v2\/product"}],"about":[{"href":"https:\/\/roveyayinevi.com.tr\/index.php\/wp-json\/wp\/v2\/types\/product"}],"wp:attachment":[{"href":"https:\/\/roveyayinevi.com.tr\/index.php\/wp-json\/wp\/v2\/media?parent=734338"}],"wp:term":[{"taxonomy":"product_brand","embeddable":true,"href":"https:\/\/roveyayinevi.com.tr\/index.php\/wp-json\/wp\/v2\/product_brand?post=734338"},{"taxonomy":"product_cat","embeddable":true,"href":"https:\/\/roveyayinevi.com.tr\/index.php\/wp-json\/wp\/v2\/product_cat?post=734338"},{"taxonomy":"product_tag","embeddable":true,"href":"https:\/\/roveyayinevi.com.tr\/index.php\/wp-json\/wp\/v2\/product_tag?post=734338"}],"curies":[{"name":"wp","href":"https:\/\/api.w.org\/{rel}","templated":true}]}}