{"id":734337,"date":"2025-08-27T22:26:22","date_gmt":"2025-08-27T19:26:22","guid":{"rendered":"https:\/\/roveyayinevi.com.tr\/index.php\/urun\/spor-federasyonlari-il-temsilcilerinin-yonetsel-ve-mali-sorunlarina-iliskin-gorusleri\/"},"modified":"2026-04-16T02:42:05","modified_gmt":"2026-04-15T23:42:05","slug":"spor-federasyonlari-il-temsilcilerinin-yonetsel-ve-mali-sorunlarina-iliskin-gorusleri","status":"publish","type":"product","link":"https:\/\/roveyayinevi.com.tr\/index.php\/urun\/spor-federasyonlari-il-temsilcilerinin-yonetsel-ve-mali-sorunlarina-iliskin-gorusleri\/","title":{"rendered":"Spor Federasyonlar\u0131 \u0130l Temsilcilerinin Y\u00f6netsel ve Mali Sorunlar\u0131na \u0130li\u015fkin G\u00f6r\u00fc\u015fleri"},"content":{"rendered":"<p>1.      G\u0130R\u0130\u015e 2.      GENEL B\u0130LG\u0130LER 2.1.   Kavramlar 2.2.   T\u00fcrk Spor \u00d6rg\u00fctlenmesi 2.3.   Spor Federasyonlar\u0131 2.4.   \u0130l Spor Temsilcisi 2.5.   Y\u00f6netsel Fonksiyonlar 2.6.   Y\u00f6netsel Sorunlar 3.      GERE\u00c7 VE Y\u00d6NTEM 3.1.   Ara\u015ft\u0131rman\u0131n Modeli 3.2.   \u00c7al\u0131\u015fma Grubu 3.3.   G\u00f6r\u00fc\u015fme Formunun Olu\u015fturulmas\u0131 3.4.   Veri Toplama Ara\u00e7lar\u0131 3.5.   Ge\u00e7erlilik G\u00fcvenirlik 3.6.   Verilerin Analizi 4.      BULGULAR 4.1.   Federasyon \u0130l Temsilcilerinin Kar\u015f\u0131la\u015ft\u0131\u011f\u0131 \u0130dari Sorunlar 4.2.   Federasyon \u0130l Temsilcilerinin Kar\u015f\u0131la\u015ft\u0131\u011f\u0131 \u0130dari Sorunlar 4.3.   Federasyon \u0130l Temsilcilerinin Kar\u015f\u0131la\u015ft\u0131\u011f\u0131 Mali Sorunlar 5.      TARTI\u015eMA 6.      SONU\u00c7 VE \u00d6NER\u0130LER <\/p>\n","protected":false},"excerpt":{"rendered":"<p>1. G\u0130R\u0130\u015e 2. GENEL B\u0130LG\u0130LER 2.1. Kavramlar 2.2. T\u00fcrk Spor \u00d6rg\u00fctlenmesi 2.3. Spor Federasyonlar\u0131 2.4. \u0130l Spor Temsilcisi 2.5. Y\u00f6netsel Fonksiyonlar 2.6. Y\u00f6netsel Sorunlar 3. GERE\u00c7<span class=\"excerpt-hellip\"> [\u2026]<\/span><\/p>\n","protected":false},"featured_media":0,"template":"","meta":{"_monsterinsights_skip_tracking":false,"_monsterinsights_sitenote_active":false,"_monsterinsights_sitenote_note":"","_monsterinsights_sitenote_category":0},"product_brand":[],"product_cat":[15563,15564],"product_tag":[],"class_list":{"0":"post-734337","1":"product","2":"type-product","3":"status-publish","5":"product_cat-hobi","6":"product_cat-spor","7":"pa_cilt-ciltsiz","8":"pa_tur-kitap","9":"pa_yayinevi-gazi-kitabevi","10":"pa_yazar-zeki-tas-zafer-cimen","12":"first","13":"instock","14":"sale","15":"shipping-taxable","16":"purchasable","17":"product-type-simple"},"_links":{"self":[{"href":"https:\/\/roveyayinevi.com.tr\/index.php\/wp-json\/wp\/v2\/product\/734337","targetHints":{"allow":["GET"]}}],"collection":[{"href":"https:\/\/roveyayinevi.com.tr\/index.php\/wp-json\/wp\/v2\/product"}],"about":[{"href":"https:\/\/roveyayinevi.com.tr\/index.php\/wp-json\/wp\/v2\/types\/product"}],"wp:attachment":[{"href":"https:\/\/roveyayinevi.com.tr\/index.php\/wp-json\/wp\/v2\/media?parent=734337"}],"wp:term":[{"taxonomy":"product_brand","embeddable":true,"href":"https:\/\/roveyayinevi.com.tr\/index.php\/wp-json\/wp\/v2\/product_brand?post=734337"},{"taxonomy":"product_cat","embeddable":true,"href":"https:\/\/roveyayinevi.com.tr\/index.php\/wp-json\/wp\/v2\/product_cat?post=734337"},{"taxonomy":"product_tag","embeddable":true,"href":"https:\/\/roveyayinevi.com.tr\/index.php\/wp-json\/wp\/v2\/product_tag?post=734337"}],"curies":[{"name":"wp","href":"https:\/\/api.w.org\/{rel}","templated":true}]}}