{"id":734335,"date":"2025-08-27T22:26:21","date_gmt":"2025-08-27T19:26:21","guid":{"rendered":"https:\/\/roveyayinevi.com.tr\/index.php\/urun\/sokratesten-rousseauya-politika-felsefesi-tarihi\/"},"modified":"2026-04-16T02:42:05","modified_gmt":"2026-04-15T23:42:05","slug":"sokratesten-rousseauya-politika-felsefesi-tarihi","status":"publish","type":"product","link":"https:\/\/roveyayinevi.com.tr\/index.php\/urun\/sokratesten-rousseauya-politika-felsefesi-tarihi\/","title":{"rendered":"Sokrates&#8217;ten Rousseau&#8217;ya Politika Felsefesi Tarihi"},"content":{"rendered":"<p>\u201cKlasiklerin \u2018zamans\u0131z\u2019 olduklar\u0131 s\u00f6ylenir, i\u015fte tam da bu y\u00fczden \u2018\u00e7ok zamanl\u0131\u2019d\u0131rlar. Bu kitab\u0131n yapmaya \u00e7al\u0131\u015ft\u0131\u011f\u0131 gibi,  siyasal d\u00fc\u015f\u00fcnce felsefesinin do\u011frudan bu \u00e7ok zamanl\u0131 yap\u0131tlara dayan\u0131larak anlat\u0131lmas\u0131 ger\u00e7ekten \u00e7ok \u00f6nemli.\u201d       Fatmag\u00fcl Berktay   Bu kitap politika felsefesinin ser\u00fcvenine \u2018klasikler\u2019 \u00fczerinden giri\u015f yapmaktad\u0131r. Klasik yap\u0131tlar bize temel sorular\u0131 sormay\u0131 \u00f6\u011fretir. D\u00fc\u015f\u00fcnce tarihindeki b\u00fct\u00fcn k\u0131r\u0131lmalar\u0131n bu \u2018yeni sorular\u0131 sorabilme\u2019 yetene\u011fiyle ortaya \u00e7\u0131kt\u0131\u011f\u0131n\u0131 hat\u0131rlad\u0131\u011f\u0131m\u0131zda, klasikleri okuman\u0131n \u00f6nemi bir kez daha ortaya \u00e7\u0131kar. Bu kitap, okuru, politika felsefesinin antik ve modern d\u00f6nem tarihinde bir yolculu\u011fa davet etmektedir. Sokrates ve Savunma\u2019s\u0131nda \u2018yasa\u2019 ve \u2018yurtta\u015f\u2019 fikrinden, Platon\u2019un Devlet\u2019inde \u2018do\u011fruluk\u2019 ve \u2018adalet\u2019in anlam\u0131na ve Aristoteles\u2019in Politikas\u0131\u2019na politik d\u00fc\u015f\u00fcncenin kurucu d\u00fc\u015f\u00fcn\u00fcrlerini basit bir \u00fcslupla ele almaktad\u0131r. Ayn\u0131 zamanda Makyavel\u2019in Prens\u2019i ve Hobbes\u2019un Leviathan\u2019\u0131na ad\u0131m ataca\u011f\u0131m\u0131z modern politika felsefesinin bu yolculu\u011fu, Spinoza\u2019n\u0131n Politik \u0130nceleme\u2019si ve Rousseau\u2019nun Toplum S\u00f6zle\u015fmesi ile son bulacakt\u0131r. Politik d\u00fc\u015f\u00fcnce tarihine giri\u015f yapmak isteyen ve okumalar\u0131n\u0131 derinle\u015ftirmek isteyen okur i\u00e7in bu kitap \u00f6nemli bir izlek sunmaktad\u0131r. <\/p>\n","protected":false},"excerpt":{"rendered":"<p>\u201cKlasiklerin \u2018zamans\u0131z\u2019 olduklar\u0131 s\u00f6ylenir, i\u015fte tam da bu y\u00fczden \u2018\u00e7ok zamanl\u0131\u2019d\u0131rlar. Bu kitab\u0131n yapmaya \u00e7al\u0131\u015ft\u0131\u011f\u0131 gibi, siyasal d\u00fc\u015f\u00fcnce felsefesinin do\u011frudan bu \u00e7ok zamanl\u0131 yap\u0131tlara dayan\u0131larak anlat\u0131lmas\u0131<span class=\"excerpt-hellip\"> [\u2026]<\/span><\/p>\n","protected":false},"featured_media":0,"template":"","meta":{"_monsterinsights_skip_tracking":false,"_monsterinsights_sitenote_active":false,"_monsterinsights_sitenote_note":"","_monsterinsights_sitenote_category":0},"product_brand":[],"product_cat":[12388,14717],"product_tag":[],"class_list":{"0":"post-734335","1":"product","2":"type-product","3":"status-publish","5":"product_cat-felsefe","6":"product_cat-felsefe-tarihi","7":"pa_cilt-ciltsiz","8":"pa_tur-kitap","9":"pa_yayinevi-fol-kitap","10":"pa_yazar-efe-basturk","12":"first","13":"instock","14":"sale","15":"shipping-taxable","16":"purchasable","17":"product-type-simple"},"_links":{"self":[{"href":"https:\/\/roveyayinevi.com.tr\/index.php\/wp-json\/wp\/v2\/product\/734335","targetHints":{"allow":["GET"]}}],"collection":[{"href":"https:\/\/roveyayinevi.com.tr\/index.php\/wp-json\/wp\/v2\/product"}],"about":[{"href":"https:\/\/roveyayinevi.com.tr\/index.php\/wp-json\/wp\/v2\/types\/product"}],"wp:attachment":[{"href":"https:\/\/roveyayinevi.com.tr\/index.php\/wp-json\/wp\/v2\/media?parent=734335"}],"wp:term":[{"taxonomy":"product_brand","embeddable":true,"href":"https:\/\/roveyayinevi.com.tr\/index.php\/wp-json\/wp\/v2\/product_brand?post=734335"},{"taxonomy":"product_cat","embeddable":true,"href":"https:\/\/roveyayinevi.com.tr\/index.php\/wp-json\/wp\/v2\/product_cat?post=734335"},{"taxonomy":"product_tag","embeddable":true,"href":"https:\/\/roveyayinevi.com.tr\/index.php\/wp-json\/wp\/v2\/product_tag?post=734335"}],"curies":[{"name":"wp","href":"https:\/\/api.w.org\/{rel}","templated":true}]}}