{"id":734334,"date":"2025-08-27T22:26:20","date_gmt":"2025-08-27T19:26:20","guid":{"rendered":"https:\/\/roveyayinevi.com.tr\/index.php\/urun\/dogmak-yeni-insanin-baslangici\/"},"modified":"2026-04-16T02:42:05","modified_gmt":"2026-04-15T23:42:05","slug":"dogmak-yeni-insanin-baslangici","status":"publish","type":"product","link":"https:\/\/roveyayinevi.com.tr\/index.php\/urun\/dogmak-yeni-insanin-baslangici\/","title":{"rendered":"Do\u011fmak -Yeni \u0130nsan\u0131n Ba\u015flang\u0131c\u0131-"},"content":{"rendered":"<p>Do\u011far, ya\u015far ve \u00f6l\u00fcr\u00fcz. \u00c7o\u011fu zaman ya\u015fama derdinden do\u011fmay\u0131 es ge\u00e7eriz. Oysa do\u011fum, derin bir a\u015fk\u0131nl\u0131k i\u00e7erir. Yanl\u0131\u015f do\u011fan insan ya\u015fam iradesini geli\u015ftirmeden \u00f6l\u00fcr. D\u0131\u015far\u0131dan dayat\u0131lan kurallar, insan\u0131 do\u011fal kimli\u011finden ve d\u00fcnyadaki ikametinden uzakla\u015ft\u0131r\u0131r. \u0130nsan do\u011fadan uzakla\u015ft\u0131k\u00e7a \u00fcretilmi\u015f bir nesneye d\u00f6n\u00fc\u015f\u00fcr. Oysa plasentan\u0131n yerini alan sosyok\u00fclt\u00fcrel temellerden ve aileden \u2018kendimiz\u2019 olarak \u00e7\u0131kabilmenin yolu, \u2018nefesimize ba\u015fvurmak\u2019t\u0131r. Bu kitapta filozof ve psikanalist Luce Irigaray, d\u00fcnyay\u0131, kad\u0131n ve erkek aras\u0131ndaki arzu ve sevgi ili\u015fkisinden yeniden in\u015fa etmeyi \u00f6neriyor. Bizleri, k\u00f6klerimize dair bir aray\u0131\u015fa davet ediyor. Ald\u0131\u011f\u0131m\u0131z ilk nefesten itibaren ya\u015fam\u0131 aktif bir fail olarak s\u00fcrd\u00fcrerek kendi do\u011fumumuzu ger\u00e7ekle\u015ftirmeye \u00e7a\u011f\u0131r\u0131yor.<\/p>\n","protected":false},"excerpt":{"rendered":"<p>Do\u011far, ya\u015far ve \u00f6l\u00fcr\u00fcz. \u00c7o\u011fu zaman ya\u015fama derdinden do\u011fmay\u0131 es ge\u00e7eriz. Oysa do\u011fum, derin bir a\u015fk\u0131nl\u0131k i\u00e7erir. Yanl\u0131\u015f do\u011fan insan ya\u015fam iradesini geli\u015ftirmeden \u00f6l\u00fcr. D\u0131\u015far\u0131dan dayat\u0131lan<span class=\"excerpt-hellip\"> [\u2026]<\/span><\/p>\n","protected":false},"featured_media":0,"template":"","meta":{"_monsterinsights_skip_tracking":false,"_monsterinsights_sitenote_active":false,"_monsterinsights_sitenote_note":"","_monsterinsights_sitenote_category":0},"product_brand":[],"product_cat":[20351,12388],"product_tag":[],"class_list":{"0":"post-734334","1":"product","2":"type-product","3":"status-publish","5":"product_cat-dusunce","6":"product_cat-felsefe","7":"pa_cilt-ciltsiz","8":"pa_tur-kitap","9":"pa_yayinevi-fol-kitap","10":"pa_yazar-luce-irigaray","12":"first","13":"instock","14":"sale","15":"shipping-taxable","16":"purchasable","17":"product-type-simple"},"_links":{"self":[{"href":"https:\/\/roveyayinevi.com.tr\/index.php\/wp-json\/wp\/v2\/product\/734334","targetHints":{"allow":["GET"]}}],"collection":[{"href":"https:\/\/roveyayinevi.com.tr\/index.php\/wp-json\/wp\/v2\/product"}],"about":[{"href":"https:\/\/roveyayinevi.com.tr\/index.php\/wp-json\/wp\/v2\/types\/product"}],"wp:attachment":[{"href":"https:\/\/roveyayinevi.com.tr\/index.php\/wp-json\/wp\/v2\/media?parent=734334"}],"wp:term":[{"taxonomy":"product_brand","embeddable":true,"href":"https:\/\/roveyayinevi.com.tr\/index.php\/wp-json\/wp\/v2\/product_brand?post=734334"},{"taxonomy":"product_cat","embeddable":true,"href":"https:\/\/roveyayinevi.com.tr\/index.php\/wp-json\/wp\/v2\/product_cat?post=734334"},{"taxonomy":"product_tag","embeddable":true,"href":"https:\/\/roveyayinevi.com.tr\/index.php\/wp-json\/wp\/v2\/product_tag?post=734334"}],"curies":[{"name":"wp","href":"https:\/\/api.w.org\/{rel}","templated":true}]}}