{"id":734332,"date":"2025-08-27T22:26:18","date_gmt":"2025-08-27T19:26:18","guid":{"rendered":"https:\/\/roveyayinevi.com.tr\/index.php\/urun\/genc-meslektasima-mektuplar\/"},"modified":"2026-04-16T02:42:05","modified_gmt":"2026-04-15T23:42:05","slug":"genc-meslektasima-mektuplar","status":"publish","type":"product","link":"https:\/\/roveyayinevi.com.tr\/index.php\/urun\/genc-meslektasima-mektuplar\/","title":{"rendered":"Gen\u00e7 Meslekta\u015f\u0131ma Mektuplar"},"content":{"rendered":"<p>Gen\u00e7 Meslekta\u015f\u0131ma Mektuplar, yazarak gitmek duygusundan yola \u00e7\u0131k\u0131larak bi\u00e7imlendi.Hayat\u0131n\u0131 yaz\u0131ya adayan birinin yazan\/yazmak isteyen birilerine ula\u015fan sesine b\u00fcr\u00fcnd\u00fc ad\u0131m ad\u0131m. Bu da, gene, okurken\/yazarken kendini var etti.Bu anlamda mektup, mektup yazma duygusu anlatabilmenin, ileti\u015fim kurabilmenin bir yolu olarak ne denli \u00f6nem ta\u015f\u0131d\u0131\u011f\u0131n\u0131 da g\u00f6sterdi bana.Yay\u0131mland\u0131\u011f\u0131 mecrada da kar\u015f\u0131l\u0131\u011f\u0131n\u0131 yo\u011funca bulan mektuplar yaln\u0131zca yaz\u0131ya \/ edebiyata de\u011fil hayata, sinemaya, m\u00fczi\u011fe, felsefeye, kentlere bizi ta\u015f\u0131yan birer yolculuk metnine d\u00f6n\u00fc\u015ft\u00fc.Yazmak u\u011fra\u015f\u0131nda yol alanlara \u00e7a\u011fr\u0131s\u0131 olan mektuplar\u0131n, sesinizi s\u00f6z\u00fcn\u00fcz\u00fc \u00e7o\u011faltabilece\u011fini d\u00fc\u015f\u00fcnerek, size yaz\u0131ld\u0131\u011f\u0131n\u0131 s\u00f6ylemek isterim.Ya\u015fam var olduk\u00e7a, insanl\u0131k yery\u00fcz\u00fcnde nefes ald\u0131k\u00e7a yaz\u0131n\u0131n da var olabilece\u011finin bir kan\u0131t\u0131 mektup. Mektup yaz\u0131n ki, mektupsuz kalmayas\u0131n\u0131z.- Ni\u00e7in yaz\u0131yoruz?- Nas\u0131l yazmal\u0131y\u0131z?- \u201c\u0130yi yazar\u201dlar iyi okurlar m\u0131d\u0131r?- Yaz\u0131 adas\u0131 kurabilmek.- Biriktirerek yazmak.- Dindirerek yazmak.- Kendi sesini yakalamak.<\/p>\n","protected":false},"excerpt":{"rendered":"<p>Gen\u00e7 Meslekta\u015f\u0131ma Mektuplar, yazarak gitmek duygusundan yola \u00e7\u0131k\u0131larak bi\u00e7imlendi.Hayat\u0131n\u0131 yaz\u0131ya adayan birinin yazan\/yazmak isteyen birilerine ula\u015fan sesine b\u00fcr\u00fcnd\u00fc ad\u0131m ad\u0131m. Bu da, gene, okurken\/yazarken kendini var<span class=\"excerpt-hellip\"> [\u2026]<\/span><\/p>\n","protected":false},"featured_media":0,"template":"","meta":{"_monsterinsights_skip_tracking":false,"_monsterinsights_sitenote_active":false,"_monsterinsights_sitenote_note":"","_monsterinsights_sitenote_category":0},"product_brand":[],"product_cat":[12777,12291],"product_tag":[],"class_list":{"0":"post-734332","1":"product","2":"type-product","3":"status-publish","5":"product_cat-deneme","6":"product_cat-edebiyat","7":"pa_cilt-ciltsiz","8":"pa_tur-kitap","9":"pa_yayinevi-eksik-parca-yayinlari","10":"pa_yazar-feridun-andac","12":"first","13":"instock","14":"sale","15":"shipping-taxable","16":"purchasable","17":"product-type-simple"},"_links":{"self":[{"href":"https:\/\/roveyayinevi.com.tr\/index.php\/wp-json\/wp\/v2\/product\/734332","targetHints":{"allow":["GET"]}}],"collection":[{"href":"https:\/\/roveyayinevi.com.tr\/index.php\/wp-json\/wp\/v2\/product"}],"about":[{"href":"https:\/\/roveyayinevi.com.tr\/index.php\/wp-json\/wp\/v2\/types\/product"}],"wp:attachment":[{"href":"https:\/\/roveyayinevi.com.tr\/index.php\/wp-json\/wp\/v2\/media?parent=734332"}],"wp:term":[{"taxonomy":"product_brand","embeddable":true,"href":"https:\/\/roveyayinevi.com.tr\/index.php\/wp-json\/wp\/v2\/product_brand?post=734332"},{"taxonomy":"product_cat","embeddable":true,"href":"https:\/\/roveyayinevi.com.tr\/index.php\/wp-json\/wp\/v2\/product_cat?post=734332"},{"taxonomy":"product_tag","embeddable":true,"href":"https:\/\/roveyayinevi.com.tr\/index.php\/wp-json\/wp\/v2\/product_tag?post=734332"}],"curies":[{"name":"wp","href":"https:\/\/api.w.org\/{rel}","templated":true}]}}