{"id":734331,"date":"2025-08-27T22:26:16","date_gmt":"2025-08-27T19:26:16","guid":{"rendered":"https:\/\/roveyayinevi.com.tr\/index.php\/urun\/azin-bereketi\/"},"modified":"2026-04-03T02:49:23","modified_gmt":"2026-04-02T23:49:23","slug":"azin-bereketi","status":"publish","type":"product","link":"https:\/\/roveyayinevi.com.tr\/index.php\/urun\/azin-bereketi\/","title":{"rendered":"Az\u0131n Bereketi"},"content":{"rendered":"<p>NAUTILUS K\u0130TAP \u00d6D\u00dcL\u00dc: YE\u015e\u0130L YA\u015eAM VE S\u00dcRD\u00dcR\u00dcLEB\u0130L\u0130RL\u0130K ALTIN \u00d6D\u00dcL\u00dc 2017 Az\u0131n Bereketi, kentsel Japonya&#8217;daki ana ak\u0131m ya\u015fam\u0131 do\u011fa, sanat, arkada\u015flar, lezzetli yemekler ve bol zaman gibi l\u00fckslerle \u00e7evrili bir ya\u015fam i\u00e7in terk eden on erkek ve kad\u0131n\u0131 anlat\u0131yor. Geleneksel Do\u011fu tinsel bilgeli\u011fi ve k\u00fclt\u00fcr\u00fcnden yararlanan bu \u00f6nc\u00fcler, modern ya\u015fam\u0131n stresinden, t\u00fcketiminden, me\u015fguliyetinden ve teknoloji ba\u011f\u0131ml\u0131l\u0131\u011f\u0131ndan kurtulurken ge\u00e7irdikleri derin ki\u015fisel d\u00f6n\u00fc\u015f\u00fcmleri anlat\u0131yor. Bu kitap, onlar\u0131n mutluluk ve ge\u00e7imlerini sa\u011flamakta kendilerine g\u00fcvenen sanat\u00e7\u0131lar, filozoflar ve \u00e7ift\u00e7iler olarak tatmin dolu hayatlar\u0131n\u0131 anlat\u0131yor. Andy Couturier, okuyucular\u0131 bu bireylerin g\u00fcnl\u00fck ya\u015famlar\u0131n\u0131n derinlerine girmeye davet ederek bizim de kendi ya\u015famlar\u0131m\u0131za nas\u0131l daha fazla anlam ve zenginlik getirebilece\u011fimizi g\u00f6steriyor. \u201cBu b\u00fcy\u00fcl\u00fc kitab\u0131 okumak, da\u011flar\u0131n derinliklerindeki taze bir p\u0131nardan su i\u00e7mek gibi; insan\u0131 yava\u015f yava\u015f ak\u0131l sa\u011fl\u0131\u011f\u0131na kavu\u015fturuyor.\u201d \u2013 David Abram, The Spell of the Sensuous&#8217;un yazar\u0131 \u201cFiziksel ve ruhsal olarak a\u015f\u0131r\u0131 \u0131s\u0131nm\u0131\u015f bir d\u00fcnyaday\u0131z. Bu d\u00fcnyadan uzaya seyahat ederek de\u011fil, ger\u00e7e\u011fe do\u011fru y\u00f6nelerek ka\u00e7may\u0131 ba\u015faran insanlar\u0131 okumak son derece g\u00fc\u00e7l\u00fc. Bu kitap olabilecek en iyi \u015fekilde alt\u00fcst edici.\u201d \u2013 Bill McKibben, Do\u011fan\u0131n Sonu&#8217;nun yazar\u0131, \u00e7evre aktivisti.<\/p>\n","protected":false},"excerpt":{"rendered":"<p>NAUTILUS K\u0130TAP \u00d6D\u00dcL\u00dc: YE\u015e\u0130L YA\u015eAM VE S\u00dcRD\u00dcR\u00dcLEB\u0130L\u0130RL\u0130K ALTIN \u00d6D\u00dcL\u00dc 2017 Az\u0131n Bereketi, kentsel Japonya&#8217;daki ana ak\u0131m ya\u015fam\u0131 do\u011fa, sanat, arkada\u015flar, lezzetli yemekler ve bol zaman gibi<span class=\"excerpt-hellip\"> [\u2026]<\/span><\/p>\n","protected":false},"featured_media":0,"template":"","meta":{"_monsterinsights_skip_tracking":false,"_monsterinsights_sitenote_active":false,"_monsterinsights_sitenote_note":"","_monsterinsights_sitenote_category":0},"product_brand":[],"product_cat":[12777,12291],"product_tag":[],"class_list":{"0":"post-734331","1":"product","2":"type-product","3":"status-publish","5":"product_cat-deneme","6":"product_cat-edebiyat","7":"pa_cilt-ciltsiz","8":"pa_tur-kitap","9":"pa_yayinevi-eksik-parca-yayinlari","10":"pa_yazar-andy-couturier","12":"first","13":"instock","14":"sale","15":"shipping-taxable","16":"purchasable","17":"product-type-simple"},"_links":{"self":[{"href":"https:\/\/roveyayinevi.com.tr\/index.php\/wp-json\/wp\/v2\/product\/734331","targetHints":{"allow":["GET"]}}],"collection":[{"href":"https:\/\/roveyayinevi.com.tr\/index.php\/wp-json\/wp\/v2\/product"}],"about":[{"href":"https:\/\/roveyayinevi.com.tr\/index.php\/wp-json\/wp\/v2\/types\/product"}],"wp:attachment":[{"href":"https:\/\/roveyayinevi.com.tr\/index.php\/wp-json\/wp\/v2\/media?parent=734331"}],"wp:term":[{"taxonomy":"product_brand","embeddable":true,"href":"https:\/\/roveyayinevi.com.tr\/index.php\/wp-json\/wp\/v2\/product_brand?post=734331"},{"taxonomy":"product_cat","embeddable":true,"href":"https:\/\/roveyayinevi.com.tr\/index.php\/wp-json\/wp\/v2\/product_cat?post=734331"},{"taxonomy":"product_tag","embeddable":true,"href":"https:\/\/roveyayinevi.com.tr\/index.php\/wp-json\/wp\/v2\/product_tag?post=734331"}],"curies":[{"name":"wp","href":"https:\/\/api.w.org\/{rel}","templated":true}]}}