{"id":734329,"date":"2025-08-27T22:26:13","date_gmt":"2025-08-27T19:26:13","guid":{"rendered":"https:\/\/roveyayinevi.com.tr\/index.php\/urun\/dag\/"},"modified":"2026-04-16T02:42:04","modified_gmt":"2026-04-15T23:42:04","slug":"dag","status":"publish","type":"product","link":"https:\/\/roveyayinevi.com.tr\/index.php\/urun\/dag\/","title":{"rendered":"Da\u011f"},"content":{"rendered":"<p>Daha \u00f6nce benzeri yap\u0131lmam\u0131\u015f bir kitap,Da\u011f.Do\u011fa y\u00fcr\u00fcy\u00fc\u015f\u00fcne \u00e7\u0131kan iki arkada\u015f, yanlar\u0131ndan ge\u00e7tikleri da\u011f\u0131n onlara seslenmesiyle \u015fa\u015f\u0131r\u0131rlar. Da\u011f onlarla sohbet etmeye ve nas\u0131l olu\u015ftu\u011funu anlatmaya ba\u015flar: Kafam\u0131z\u0131 kald\u0131r\u0131ncakocamana\u011fz\u0131n\u0131g\u00f6rd\u00fck.\u00d6ncekorktukokocaa\u011f\u0131zdan.Amasonrahat\u0131rlad\u0131k:Biz dedo\u011fan\u0131nbirpar\u00e7as\u0131y\u0131z.Onunlauyumluya\u015farsakdo\u011fadanbizezarargelmez.<\/p>\n","protected":false},"excerpt":{"rendered":"<p>Daha \u00f6nce benzeri yap\u0131lmam\u0131\u015f bir kitap,Da\u011f.Do\u011fa y\u00fcr\u00fcy\u00fc\u015f\u00fcne \u00e7\u0131kan iki arkada\u015f, yanlar\u0131ndan ge\u00e7tikleri da\u011f\u0131n onlara seslenmesiyle \u015fa\u015f\u0131r\u0131rlar. Da\u011f onlarla sohbet etmeye ve nas\u0131l olu\u015ftu\u011funu anlatmaya ba\u015flar: Kafam\u0131z\u0131<span class=\"excerpt-hellip\"> [\u2026]<\/span><\/p>\n","protected":false},"featured_media":0,"template":"","meta":{"_monsterinsights_skip_tracking":false,"_monsterinsights_sitenote_active":false,"_monsterinsights_sitenote_note":"","_monsterinsights_sitenote_category":0},"product_brand":[],"product_cat":[12275,12274],"product_tag":[],"class_list":{"0":"post-734329","1":"product","2":"type-product","3":"status-publish","5":"product_cat-6-12-yas-kitaplari","6":"product_cat-cocuk-ve-genclik-kitaplari","7":"pa_cilt-ciltsiz","8":"pa_tur-kitap","9":"pa_yayinevi-kok-yayinevi","10":"pa_yazar-asli-baysug","12":"first","13":"instock","14":"sale","15":"shipping-taxable","16":"purchasable","17":"product-type-simple"},"_links":{"self":[{"href":"https:\/\/roveyayinevi.com.tr\/index.php\/wp-json\/wp\/v2\/product\/734329","targetHints":{"allow":["GET"]}}],"collection":[{"href":"https:\/\/roveyayinevi.com.tr\/index.php\/wp-json\/wp\/v2\/product"}],"about":[{"href":"https:\/\/roveyayinevi.com.tr\/index.php\/wp-json\/wp\/v2\/types\/product"}],"wp:attachment":[{"href":"https:\/\/roveyayinevi.com.tr\/index.php\/wp-json\/wp\/v2\/media?parent=734329"}],"wp:term":[{"taxonomy":"product_brand","embeddable":true,"href":"https:\/\/roveyayinevi.com.tr\/index.php\/wp-json\/wp\/v2\/product_brand?post=734329"},{"taxonomy":"product_cat","embeddable":true,"href":"https:\/\/roveyayinevi.com.tr\/index.php\/wp-json\/wp\/v2\/product_cat?post=734329"},{"taxonomy":"product_tag","embeddable":true,"href":"https:\/\/roveyayinevi.com.tr\/index.php\/wp-json\/wp\/v2\/product_tag?post=734329"}],"curies":[{"name":"wp","href":"https:\/\/api.w.org\/{rel}","templated":true}]}}