{"id":734328,"date":"2025-08-27T22:26:12","date_gmt":"2025-08-27T19:26:12","guid":{"rendered":"https:\/\/roveyayinevi.com.tr\/index.php\/urun\/ama-o-zaman-elma-agaci-buyur-muydu\/"},"modified":"2026-04-16T02:42:04","modified_gmt":"2026-04-15T23:42:04","slug":"ama-o-zaman-elma-agaci-buyur-muydu","status":"publish","type":"product","link":"https:\/\/roveyayinevi.com.tr\/index.php\/urun\/ama-o-zaman-elma-agaci-buyur-muydu\/","title":{"rendered":"Ama O Zaman Elma A\u011fac\u0131 B\u00fcy\u00fcr M\u00fcyd\u00fc?"},"content":{"rendered":"<p>Bir zamanlar Bir babayla k\u0131z\u0131 varm\u0131\u015f Bir de fide varm\u0131\u015f Sonras\u0131nda\u2026 Onlara ne mi olmu\u015f? Ama O Zaman Elma A\u011fac\u0131 B\u00fcy\u00fcr m\u00fcyd\u00fc? \u00e7ocuklar\u0131n rengarenk resimler e\u015fli\u011finde \u00e7evrenin, insanlar\u0131n ve bir elma a\u011fac\u0131n\u0131n de\u011fi\u015fim hik\u00e2yelerine tan\u0131k oldu\u011fu bir sessiz kitap. K\u00fc\u00e7\u00fck bir k\u0131z\u0131n babas\u0131yla birlikte bir elma a\u011fac\u0131 yeti\u015ftirmesiyle ba\u015flayan hik\u00e2ye, b\u00fcy\u00fcyen elma a\u011fac\u0131n\u0131n yan\u0131nda insanlar\u0131n, ya\u015fam tarzlar\u0131n\u0131n, \u00e7evrenin ve kentin zaman i\u00e7inde nas\u0131l de\u011fi\u015fip d\u00f6n\u00fc\u015ft\u00fc\u011f\u00fcn\u00fc etkileyici g\u00f6r\u00fcnt\u00fclerle anlat\u0131yor. \u00c7ocuklar bu sessiz kitapta g\u00f6rselleri takip ederek y\u0131llar i\u00e7inde ger\u00e7ekle\u015fen de\u011fi\u015fimi ve bu de\u011fi\u015fim i\u00e7inde kendi yerlerini fark edebilme olana\u011f\u0131 buluyorlar. <\/p>\n","protected":false},"excerpt":{"rendered":"<p>Bir zamanlar Bir babayla k\u0131z\u0131 varm\u0131\u015f Bir de fide varm\u0131\u015f Sonras\u0131nda\u2026 Onlara ne mi olmu\u015f? Ama O Zaman Elma A\u011fac\u0131 B\u00fcy\u00fcr m\u00fcyd\u00fc? \u00e7ocuklar\u0131n rengarenk resimler e\u015fli\u011finde<span class=\"excerpt-hellip\"> [\u2026]<\/span><\/p>\n","protected":false},"featured_media":0,"template":"","meta":{"_monsterinsights_skip_tracking":false,"_monsterinsights_sitenote_active":false,"_monsterinsights_sitenote_note":"","_monsterinsights_sitenote_category":0},"product_brand":[],"product_cat":[12275,12274],"product_tag":[],"class_list":{"0":"post-734328","1":"product","2":"type-product","3":"status-publish","5":"product_cat-6-12-yas-kitaplari","6":"product_cat-cocuk-ve-genclik-kitaplari","7":"pa_cilt-ciltsiz","8":"pa_tur-kitap","9":"pa_yayinevi-bilgi-yayinevi-cocuk","10":"pa_yazar-ale-abreu-priscilla-kellen","12":"first","13":"instock","14":"sale","15":"shipping-taxable","16":"purchasable","17":"product-type-simple"},"_links":{"self":[{"href":"https:\/\/roveyayinevi.com.tr\/index.php\/wp-json\/wp\/v2\/product\/734328","targetHints":{"allow":["GET"]}}],"collection":[{"href":"https:\/\/roveyayinevi.com.tr\/index.php\/wp-json\/wp\/v2\/product"}],"about":[{"href":"https:\/\/roveyayinevi.com.tr\/index.php\/wp-json\/wp\/v2\/types\/product"}],"wp:attachment":[{"href":"https:\/\/roveyayinevi.com.tr\/index.php\/wp-json\/wp\/v2\/media?parent=734328"}],"wp:term":[{"taxonomy":"product_brand","embeddable":true,"href":"https:\/\/roveyayinevi.com.tr\/index.php\/wp-json\/wp\/v2\/product_brand?post=734328"},{"taxonomy":"product_cat","embeddable":true,"href":"https:\/\/roveyayinevi.com.tr\/index.php\/wp-json\/wp\/v2\/product_cat?post=734328"},{"taxonomy":"product_tag","embeddable":true,"href":"https:\/\/roveyayinevi.com.tr\/index.php\/wp-json\/wp\/v2\/product_tag?post=734328"}],"curies":[{"name":"wp","href":"https:\/\/api.w.org\/{rel}","templated":true}]}}