{"id":734316,"date":"2025-08-27T22:25:59","date_gmt":"2025-08-27T19:25:59","guid":{"rendered":"https:\/\/roveyayinevi.com.tr\/index.php\/urun\/istanbul-ankara-hatti\/"},"modified":"2026-03-12T02:52:48","modified_gmt":"2026-03-11T23:52:48","slug":"istanbul-ankara-hatti","status":"publish","type":"product","link":"https:\/\/roveyayinevi.com.tr\/index.php\/urun\/istanbul-ankara-hatti\/","title":{"rendered":"\u0130stanbul &#8211; Ankara Hatt\u0131"},"content":{"rendered":"<p>D\u00fcnya var oldu\u011funda iki cinsiyet yarat\u0131lm\u0131\u015ft\u0131, kad\u0131n ve erkek\u2026 Ve y\u00fczy\u0131llar boyu erkek, kad\u0131nlar \u00fczerinde egemenlik kurup her t\u00fcrl\u00fc eziyet ve i\u015fkenceyi kendine hak g\u00f6rm\u00fc\u015ft\u00fc. Bunlar\u0131n en \u00f6nemlisi kad\u0131n\u0131 istismar etmekti. Bu b\u00f6yle devam etmeyecekti. Bir g\u00fcn bunlar\u0131n hesab\u0131 sorulacakt\u0131. Kad\u0131n, eline ge\u00e7irdi\u011fi g\u00fcc\u00fc ac\u0131mas\u0131zca intikama d\u00f6n\u00fc\u015ft\u00fcrecekti. <\/p>\n","protected":false},"excerpt":{"rendered":"<p>D\u00fcnya var oldu\u011funda iki cinsiyet yarat\u0131lm\u0131\u015ft\u0131, kad\u0131n ve erkek\u2026 Ve y\u00fczy\u0131llar boyu erkek, kad\u0131nlar \u00fczerinde egemenlik kurup her t\u00fcrl\u00fc eziyet ve i\u015fkenceyi kendine hak g\u00f6rm\u00fc\u015ft\u00fc. Bunlar\u0131n<span class=\"excerpt-hellip\"> [\u2026]<\/span><\/p>\n","protected":false},"featured_media":0,"template":"","meta":{"_monsterinsights_skip_tracking":false,"_monsterinsights_sitenote_active":false,"_monsterinsights_sitenote_note":"","_monsterinsights_sitenote_category":0},"product_brand":[],"product_cat":[12291,12711],"product_tag":[],"class_list":{"0":"post-734316","1":"product","2":"type-product","3":"status-publish","5":"product_cat-edebiyat","6":"product_cat-roman-oyku","7":"pa_cilt-ciltsiz","8":"pa_tur-kitap","9":"pa_yayinevi-kirmizi-cati-yayinlari","10":"pa_yazar-melahat-kanoglu","12":"first","13":"instock","14":"sale","15":"shipping-taxable","16":"purchasable","17":"product-type-simple"},"_links":{"self":[{"href":"https:\/\/roveyayinevi.com.tr\/index.php\/wp-json\/wp\/v2\/product\/734316","targetHints":{"allow":["GET"]}}],"collection":[{"href":"https:\/\/roveyayinevi.com.tr\/index.php\/wp-json\/wp\/v2\/product"}],"about":[{"href":"https:\/\/roveyayinevi.com.tr\/index.php\/wp-json\/wp\/v2\/types\/product"}],"wp:attachment":[{"href":"https:\/\/roveyayinevi.com.tr\/index.php\/wp-json\/wp\/v2\/media?parent=734316"}],"wp:term":[{"taxonomy":"product_brand","embeddable":true,"href":"https:\/\/roveyayinevi.com.tr\/index.php\/wp-json\/wp\/v2\/product_brand?post=734316"},{"taxonomy":"product_cat","embeddable":true,"href":"https:\/\/roveyayinevi.com.tr\/index.php\/wp-json\/wp\/v2\/product_cat?post=734316"},{"taxonomy":"product_tag","embeddable":true,"href":"https:\/\/roveyayinevi.com.tr\/index.php\/wp-json\/wp\/v2\/product_tag?post=734316"}],"curies":[{"name":"wp","href":"https:\/\/api.w.org\/{rel}","templated":true}]}}