{"id":734315,"date":"2025-08-27T22:25:57","date_gmt":"2025-08-27T19:25:57","guid":{"rendered":"https:\/\/roveyayinevi.com.tr\/index.php\/urun\/ne-icin-varsan-onun-icin-yasa\/"},"modified":"2026-04-16T02:42:04","modified_gmt":"2026-04-15T23:42:04","slug":"ne-icin-varsan-onun-icin-yasa","status":"publish","type":"product","link":"https:\/\/roveyayinevi.com.tr\/index.php\/urun\/ne-icin-varsan-onun-icin-yasa\/","title":{"rendered":"Ne \u0130\u00e7in Varsan Onun \u0130\u00e7in Ya\u015fa"},"content":{"rendered":"<p>\u201cT\u00fcm muhte\u015fem hik\u00e2yeler iki \u015fekilde ba\u015flar. Ya bir insan bir yolculu\u011fa \u00e7\u0131kar ya da \u015fehre bir yabanc\u0131 gelir.\u201d -Tolstoy   Demirden keskin bir d\u00fcd\u00fck sesi y\u00fckseldi o s\u0131rada. Ayr\u0131l\u0131\u011f\u0131n ciddiyeti buz gibi sard\u0131 bedenimi. Kap\u0131lar kapand\u0131 sonra&#8230; \u00c7antam sa\u011f\u0131mda, yaln\u0131zl\u0131k kar\u015f\u0131mda&#8230;   Gidiyorum! Hay\u0131r bir saniye! Filmlerde b\u00f6yle olmazd\u0131 ki&#8230; Son anda muhakkak bir kalma sebebi yazard\u0131 senarist. Tam hareket etmek \u00fczereyken trenden atlay\u0131verirdi esas adam. Oysa \u015fimdi raylar\u0131n \u00fczerinde kaymaya ba\u015flam\u0131\u015ft\u0131 bile tren&#8230; Ayr\u0131l\u0131\u011f\u0131n g\u00f6\u011fs\u00fcme oturan a\u011f\u0131rl\u0131\u011f\u0131yla camdan d\u0131\u015far\u0131 bak\u0131p el sallayan insanlarla dolu peronu izledim. Beni u\u011furlamaya gelmeyen herkese te\u015fekk\u00fcr eder gibi bir damla g\u00f6zya\u015f\u0131 b\u0131rakt\u0131m oraya. <\/p>\n","protected":false},"excerpt":{"rendered":"<p>\u201cT\u00fcm muhte\u015fem hik\u00e2yeler iki \u015fekilde ba\u015flar. Ya bir insan bir yolculu\u011fa \u00e7\u0131kar ya da \u015fehre bir yabanc\u0131 gelir.\u201d -Tolstoy Demirden keskin bir d\u00fcd\u00fck sesi y\u00fckseldi o<span class=\"excerpt-hellip\"> [\u2026]<\/span><\/p>\n","protected":false},"featured_media":0,"template":"","meta":{"_monsterinsights_skip_tracking":false,"_monsterinsights_sitenote_active":false,"_monsterinsights_sitenote_note":"","_monsterinsights_sitenote_category":0},"product_brand":[],"product_cat":[12291,12711],"product_tag":[],"class_list":{"0":"post-734315","1":"product","2":"type-product","3":"status-publish","5":"product_cat-edebiyat","6":"product_cat-roman-oyku","7":"pa_cilt-ciltsiz","8":"pa_tur-kitap","9":"pa_yayinevi-destek-yayinlari","10":"pa_yazar-hikmet-anil-oztekin","12":"first","13":"instock","14":"sale","15":"shipping-taxable","16":"purchasable","17":"product-type-simple"},"_links":{"self":[{"href":"https:\/\/roveyayinevi.com.tr\/index.php\/wp-json\/wp\/v2\/product\/734315","targetHints":{"allow":["GET"]}}],"collection":[{"href":"https:\/\/roveyayinevi.com.tr\/index.php\/wp-json\/wp\/v2\/product"}],"about":[{"href":"https:\/\/roveyayinevi.com.tr\/index.php\/wp-json\/wp\/v2\/types\/product"}],"wp:attachment":[{"href":"https:\/\/roveyayinevi.com.tr\/index.php\/wp-json\/wp\/v2\/media?parent=734315"}],"wp:term":[{"taxonomy":"product_brand","embeddable":true,"href":"https:\/\/roveyayinevi.com.tr\/index.php\/wp-json\/wp\/v2\/product_brand?post=734315"},{"taxonomy":"product_cat","embeddable":true,"href":"https:\/\/roveyayinevi.com.tr\/index.php\/wp-json\/wp\/v2\/product_cat?post=734315"},{"taxonomy":"product_tag","embeddable":true,"href":"https:\/\/roveyayinevi.com.tr\/index.php\/wp-json\/wp\/v2\/product_tag?post=734315"}],"curies":[{"name":"wp","href":"https:\/\/api.w.org\/{rel}","templated":true}]}}