{"id":734314,"date":"2025-08-27T22:25:57","date_gmt":"2025-08-27T19:25:57","guid":{"rendered":"https:\/\/roveyayinevi.com.tr\/index.php\/urun\/sefkat-korkaklara-gore-degil\/"},"modified":"2026-04-16T02:42:04","modified_gmt":"2026-04-15T23:42:04","slug":"sefkat-korkaklara-gore-degil","status":"publish","type":"product","link":"https:\/\/roveyayinevi.com.tr\/index.php\/urun\/sefkat-korkaklara-gore-degil\/","title":{"rendered":"\u015eefkat Korkaklara G\u00f6re De\u011fil"},"content":{"rendered":"<p>\u201cHaz\u0131rlanan bu kitap, yeni bak\u0131\u015f a\u00e7\u0131lar\u0131 sunarak, g\u00fcnl\u00fck hayat\u0131m\u0131z\u0131n manzaralar\u0131 aras\u0131nda gezinirken bize rehberlik ediyor. Bizi okumaya, sonras\u0131nda \u00fczerine d\u00fc\u015f\u00fcnmeye ve daha sonra da uygulama yapmaya davet ediyor. Ya\u015fam i\u00e7erisindeki al\u0131\u015fkanl\u0131klar\u0131 nas\u0131l tersine \u00e7evirebilece\u011fimizi ad\u0131m ad\u0131m ke\u015ffetmemize ve hem d\u0131\u015far\u0131ya, ba\u015fkalar\u0131na, hem de tazelenmek ve yenilenmek amac\u0131yla kendi i\u00e7imize olmak \u00fczere her iki y\u00f6ne do\u011fru \u015fefkat geli\u015ftirmemize yard\u0131mc\u0131 oluyor.\u201d \u2013 Mark Williams, Oxford \u00dcniversitesi, Klinik Psikoloji Profes\u00f6r\u00fc<\/p>\n","protected":false},"excerpt":{"rendered":"<p>\u201cHaz\u0131rlanan bu kitap, yeni bak\u0131\u015f a\u00e7\u0131lar\u0131 sunarak, g\u00fcnl\u00fck hayat\u0131m\u0131z\u0131n manzaralar\u0131 aras\u0131nda gezinirken bize rehberlik ediyor. Bizi okumaya, sonras\u0131nda \u00fczerine d\u00fc\u015f\u00fcnmeye ve daha sonra da uygulama yapmaya<span class=\"excerpt-hellip\"> [\u2026]<\/span><\/p>\n","protected":false},"featured_media":0,"template":"","meta":{"_monsterinsights_skip_tracking":false,"_monsterinsights_sitenote_active":false,"_monsterinsights_sitenote_note":"","_monsterinsights_sitenote_category":0},"product_brand":[],"product_cat":[12358,12357],"product_tag":[],"class_list":{"0":"post-734314","1":"product","2":"type-product","3":"status-publish","5":"product_cat-genel-psikoloji","6":"product_cat-psikoloji","7":"pa_cilt-ciltsiz","8":"pa_tur-kitap","9":"pa_yayinevi-inkilap-kitabevi","10":"pa_yazar-zumra-atalay","12":"first","13":"instock","14":"sale","15":"shipping-taxable","16":"purchasable","17":"product-type-simple"},"_links":{"self":[{"href":"https:\/\/roveyayinevi.com.tr\/index.php\/wp-json\/wp\/v2\/product\/734314","targetHints":{"allow":["GET"]}}],"collection":[{"href":"https:\/\/roveyayinevi.com.tr\/index.php\/wp-json\/wp\/v2\/product"}],"about":[{"href":"https:\/\/roveyayinevi.com.tr\/index.php\/wp-json\/wp\/v2\/types\/product"}],"wp:attachment":[{"href":"https:\/\/roveyayinevi.com.tr\/index.php\/wp-json\/wp\/v2\/media?parent=734314"}],"wp:term":[{"taxonomy":"product_brand","embeddable":true,"href":"https:\/\/roveyayinevi.com.tr\/index.php\/wp-json\/wp\/v2\/product_brand?post=734314"},{"taxonomy":"product_cat","embeddable":true,"href":"https:\/\/roveyayinevi.com.tr\/index.php\/wp-json\/wp\/v2\/product_cat?post=734314"},{"taxonomy":"product_tag","embeddable":true,"href":"https:\/\/roveyayinevi.com.tr\/index.php\/wp-json\/wp\/v2\/product_tag?post=734314"}],"curies":[{"name":"wp","href":"https:\/\/api.w.org\/{rel}","templated":true}]}}