{"id":734313,"date":"2025-08-27T22:25:55","date_gmt":"2025-08-27T19:25:55","guid":{"rendered":"https:\/\/roveyayinevi.com.tr\/index.php\/urun\/gece-kopekleri\/"},"modified":"2026-04-16T02:42:04","modified_gmt":"2026-04-15T23:42:04","slug":"gece-kopekleri","status":"publish","type":"product","link":"https:\/\/roveyayinevi.com.tr\/index.php\/urun\/gece-kopekleri\/","title":{"rendered":"Gece K\u00f6pekleri"},"content":{"rendered":"<p>\u201cKollar\u0131n\u0131z d\u00f6v\u00fc\u015fmek, ayaklar\u0131n\u0131z ko\u015fmak, akl\u0131n\u0131z d\u00fc\u015f\u00fcnmek i\u00e7in yeterince kuvvetli de\u011filse; par\u00e7a par\u00e7a olursunuz sizi sevenlerin (!) ellerinde&#8230;\u201d Elinizdeki roman okuyanlar\u0131 ya\u015fam\u0131n en keskin noktalar\u0131nda bir gezintiye \u00e7\u0131kar\u0131yor. Zaman-zamans\u0131zl\u0131k, korku-cesaret, merhamet-zul\u00fcm, hat\u0131rlama-unutma ikilemleri \u00fczerine d\u00fc\u015f\u00fcnd\u00fcren Gece K\u00f6pekleri, dikkat \u00e7ekici bir kurguya sahip. Okurlar\u0131n\u0131 aile de\u011ferlerinden ahlaki bask\u0131lara kadar b\u0131\u00e7ak s\u0131rt\u0131 pek \u00e7ok konuda korkusuz bir sohbetle kar\u015f\u0131layan yazar, kimi zaman bir sanr\u0131 kimi zaman bir haberci gibi g\u00f6r\u00fcnen Merek ile bizleri tan\u0131\u015ft\u0131r\u0131yor. Levent Karako\u00e7, yaz\u0131n d\u00fcnyas\u0131na giri\u015f yapt\u0131\u011f\u0131 roman\u0131 Gece K\u00f6pekleri ile hepimizi insan ruhunun karanl\u0131k dehlizlerine davet ediyor.<\/p>\n","protected":false},"excerpt":{"rendered":"<p>\u201cKollar\u0131n\u0131z d\u00f6v\u00fc\u015fmek, ayaklar\u0131n\u0131z ko\u015fmak, akl\u0131n\u0131z d\u00fc\u015f\u00fcnmek i\u00e7in yeterince kuvvetli de\u011filse; par\u00e7a par\u00e7a olursunuz sizi sevenlerin (!) ellerinde&#8230;\u201d Elinizdeki roman okuyanlar\u0131 ya\u015fam\u0131n en keskin noktalar\u0131nda bir gezintiye<span class=\"excerpt-hellip\"> [\u2026]<\/span><\/p>\n","protected":false},"featured_media":0,"template":"","meta":{"_monsterinsights_skip_tracking":false,"_monsterinsights_sitenote_active":false,"_monsterinsights_sitenote_note":"","_monsterinsights_sitenote_category":0},"product_brand":[],"product_cat":[12291,12711],"product_tag":[],"class_list":{"0":"post-734313","1":"product","2":"type-product","3":"status-publish","5":"product_cat-edebiyat","6":"product_cat-roman-oyku","7":"pa_cilt-ciltsiz","8":"pa_tur-kitap","9":"pa_yayinevi-inkilap-kitabevi","10":"pa_yazar-levent-karakoc","12":"first","13":"instock","14":"sale","15":"shipping-taxable","16":"purchasable","17":"product-type-simple"},"_links":{"self":[{"href":"https:\/\/roveyayinevi.com.tr\/index.php\/wp-json\/wp\/v2\/product\/734313","targetHints":{"allow":["GET"]}}],"collection":[{"href":"https:\/\/roveyayinevi.com.tr\/index.php\/wp-json\/wp\/v2\/product"}],"about":[{"href":"https:\/\/roveyayinevi.com.tr\/index.php\/wp-json\/wp\/v2\/types\/product"}],"wp:attachment":[{"href":"https:\/\/roveyayinevi.com.tr\/index.php\/wp-json\/wp\/v2\/media?parent=734313"}],"wp:term":[{"taxonomy":"product_brand","embeddable":true,"href":"https:\/\/roveyayinevi.com.tr\/index.php\/wp-json\/wp\/v2\/product_brand?post=734313"},{"taxonomy":"product_cat","embeddable":true,"href":"https:\/\/roveyayinevi.com.tr\/index.php\/wp-json\/wp\/v2\/product_cat?post=734313"},{"taxonomy":"product_tag","embeddable":true,"href":"https:\/\/roveyayinevi.com.tr\/index.php\/wp-json\/wp\/v2\/product_tag?post=734313"}],"curies":[{"name":"wp","href":"https:\/\/api.w.org\/{rel}","templated":true}]}}