{"id":734311,"date":"2025-08-27T22:25:53","date_gmt":"2025-08-27T19:25:53","guid":{"rendered":"https:\/\/roveyayinevi.com.tr\/index.php\/urun\/kum-saati-3\/"},"modified":"2026-04-16T02:42:04","modified_gmt":"2026-04-15T23:42:04","slug":"kum-saati-3","status":"publish","type":"product","link":"https:\/\/roveyayinevi.com.tr\/index.php\/urun\/kum-saati-3\/","title":{"rendered":"Kum Saati"},"content":{"rendered":"<p>Tahayy\u00fcl\u00fc kasvete sar\u0131nan bir yolculukta; yar\u0131m kalan a\u015fklar\u0131n, dilin ucunda soluklanan an\u0131lar\u0131n, iki yabanc\u0131n\u0131n beraberce tutundu\u011fu bir ba\u015f\u0131na ads\u0131z bir duygunun \u00f6yk\u00fcs\u00fc\u2026Kum Saati, Ege a\u00e7\u0131klar\u0131nda ba\u015flay\u0131p Akropolis&#8217;in yans\u0131malar\u0131nda kendini arayan \u201cyabanc\u0131l\u0131k\u201d kavram\u0131n\u0131 dostlukla s\u0131nayarak iki farkl\u0131 milletten insan\u0131 g\u00fc\u00e7l\u00fc bir duyguda birle\u015ftiren bir anlat\u0131.Her sayfada, \u00f6yk\u00fcn\u00fcn i\u00e7indeki \u00fc\u00e7\u00fcnc\u00fc ki\u015fi olarak olaylar\u0131 dinledi\u011finizi hissettiren i\u00e7sel bir yolculu\u011fun ortas\u0131nda, insanl\u0131\u011fa ait duygular\u0131, t\u00fcm \u00f6l\u00e7\u00fctleri geride b\u0131rakarak yaln\u0131zca dostluk kavram\u0131nda harmanlayan g\u00fc\u00e7l\u00fc bir kalemden bir denizcinin hik\u00e2yesi\u2026\u201cEleni susmu\u015ftu, y\u0131ld\u0131zlar susmu\u015ftu, Akropolis susmu\u015ftu. Sessizlik, ustura a\u011fz\u0131 gibi keskin gelip aram\u0131za durmu\u015ftu. Dokunsan, derin bir yara a\u00e7acak ve oluk oluk kan akacak gibiydi. Ve beni kan tutuyordu. Konuyu de\u011fi\u015ftirsem bir t\u00fcrl\u00fc, de\u011fi\u015ftirmesem bir t\u00fcrl\u00fc, ne diyece\u011fimi bilememek ayr\u0131 bir s\u0131k\u0131nt\u0131yd\u0131. Yalpal\u0131yordum ve bu yalpalardan kurtulmak zorundayd\u0131m. Kolumu kald\u0131rd\u0131m, Eleni&#8217;nin arkas\u0131ndan dola\u015ft\u0131r\u0131p omzundan tutup yava\u015f\u00e7a kendime do\u011fru \u00e7ektim. Sanki o da o anda ba\u015f\u0131n\u0131 koyacak bir omuz ar\u0131yormu\u015f\u00e7as\u0131na itiraz etmeden ba\u015f\u0131n\u0131 omzuma koydu.\u201d<\/p>\n","protected":false},"excerpt":{"rendered":"<p>Tahayy\u00fcl\u00fc kasvete sar\u0131nan bir yolculukta; yar\u0131m kalan a\u015fklar\u0131n, dilin ucunda soluklanan an\u0131lar\u0131n, iki yabanc\u0131n\u0131n beraberce tutundu\u011fu bir ba\u015f\u0131na ads\u0131z bir duygunun \u00f6yk\u00fcs\u00fc\u2026Kum Saati, Ege a\u00e7\u0131klar\u0131nda ba\u015flay\u0131p<span class=\"excerpt-hellip\"> [\u2026]<\/span><\/p>\n","protected":false},"featured_media":0,"template":"","meta":{"_monsterinsights_skip_tracking":false,"_monsterinsights_sitenote_active":false,"_monsterinsights_sitenote_note":"","_monsterinsights_sitenote_category":0},"product_brand":[],"product_cat":[12291,12711],"product_tag":[],"class_list":{"0":"post-734311","1":"product","2":"type-product","3":"status-publish","5":"product_cat-edebiyat","6":"product_cat-roman-oyku","7":"pa_cilt-ciltsiz","8":"pa_tur-kitap","9":"pa_yayinevi-vaveyla-yayincilik","10":"pa_yazar-zafer-yildirim","12":"first","13":"instock","14":"sale","15":"shipping-taxable","16":"purchasable","17":"product-type-simple"},"_links":{"self":[{"href":"https:\/\/roveyayinevi.com.tr\/index.php\/wp-json\/wp\/v2\/product\/734311","targetHints":{"allow":["GET"]}}],"collection":[{"href":"https:\/\/roveyayinevi.com.tr\/index.php\/wp-json\/wp\/v2\/product"}],"about":[{"href":"https:\/\/roveyayinevi.com.tr\/index.php\/wp-json\/wp\/v2\/types\/product"}],"wp:attachment":[{"href":"https:\/\/roveyayinevi.com.tr\/index.php\/wp-json\/wp\/v2\/media?parent=734311"}],"wp:term":[{"taxonomy":"product_brand","embeddable":true,"href":"https:\/\/roveyayinevi.com.tr\/index.php\/wp-json\/wp\/v2\/product_brand?post=734311"},{"taxonomy":"product_cat","embeddable":true,"href":"https:\/\/roveyayinevi.com.tr\/index.php\/wp-json\/wp\/v2\/product_cat?post=734311"},{"taxonomy":"product_tag","embeddable":true,"href":"https:\/\/roveyayinevi.com.tr\/index.php\/wp-json\/wp\/v2\/product_tag?post=734311"}],"curies":[{"name":"wp","href":"https:\/\/api.w.org\/{rel}","templated":true}]}}