{"id":734310,"date":"2025-08-27T22:25:52","date_gmt":"2025-08-27T19:25:52","guid":{"rendered":"https:\/\/roveyayinevi.com.tr\/index.php\/urun\/bozkirin-renkleri\/"},"modified":"2026-04-07T02:51:39","modified_gmt":"2026-04-06T23:51:39","slug":"bozkirin-renkleri","status":"publish","type":"product","link":"https:\/\/roveyayinevi.com.tr\/index.php\/urun\/bozkirin-renkleri\/","title":{"rendered":"Bozk\u0131r\u0131n Renkleri"},"content":{"rendered":"<p>Kupkuru, renksiz bir yer midir bozk\u0131r? Ye\u015fili olmayan, a\u011fac\u0131 olmayan? Yoksa kendine \u00f6zg\u00fc nice bitkiler, hayvanlar, renkler saklayan bir diyar m\u0131d\u0131r? Fadik&#8217;le birlikte bir yolculu\u011fa \u00e7\u0131kmaya, bozk\u0131r\u0131 ke\u015ffedip daha yak\u0131ndan tan\u0131maya sonra da bu kitab\u0131n \u015fark\u0131s\u0131n\u0131 s\u00f6ylemeye var m\u0131s\u0131n?   Fadik\u2019in bozk\u0131r\u0131 ke\u015ffetme \u00f6yk\u00fcs\u00fcn\u00fc B\u00fc\u015fra Demir yazd\u0131 ve Bengi Gen\u00e7er resimledi. <\/p>\n","protected":false},"excerpt":{"rendered":"<p>Kupkuru, renksiz bir yer midir bozk\u0131r? Ye\u015fili olmayan, a\u011fac\u0131 olmayan? Yoksa kendine \u00f6zg\u00fc nice bitkiler, hayvanlar, renkler saklayan bir diyar m\u0131d\u0131r? Fadik&#8217;le birlikte bir yolculu\u011fa \u00e7\u0131kmaya,<span class=\"excerpt-hellip\"> [\u2026]<\/span><\/p>\n","protected":false},"featured_media":0,"template":"","meta":{"_monsterinsights_skip_tracking":false,"_monsterinsights_sitenote_active":false,"_monsterinsights_sitenote_note":"","_monsterinsights_sitenote_category":0},"product_brand":[],"product_cat":[12274,12284],"product_tag":[],"class_list":{"0":"post-734310","1":"product","2":"type-product","3":"status-publish","5":"product_cat-cocuk-ve-genclik-kitaplari","6":"product_cat-hikayeler","7":"pa_cilt-ciltsiz","8":"pa_tur-kitap","9":"pa_yayinevi-potikare-yayincilik","10":"pa_yazar-busra-demir","12":"first","13":"instock","14":"sale","15":"shipping-taxable","16":"purchasable","17":"product-type-simple"},"_links":{"self":[{"href":"https:\/\/roveyayinevi.com.tr\/index.php\/wp-json\/wp\/v2\/product\/734310","targetHints":{"allow":["GET"]}}],"collection":[{"href":"https:\/\/roveyayinevi.com.tr\/index.php\/wp-json\/wp\/v2\/product"}],"about":[{"href":"https:\/\/roveyayinevi.com.tr\/index.php\/wp-json\/wp\/v2\/types\/product"}],"wp:attachment":[{"href":"https:\/\/roveyayinevi.com.tr\/index.php\/wp-json\/wp\/v2\/media?parent=734310"}],"wp:term":[{"taxonomy":"product_brand","embeddable":true,"href":"https:\/\/roveyayinevi.com.tr\/index.php\/wp-json\/wp\/v2\/product_brand?post=734310"},{"taxonomy":"product_cat","embeddable":true,"href":"https:\/\/roveyayinevi.com.tr\/index.php\/wp-json\/wp\/v2\/product_cat?post=734310"},{"taxonomy":"product_tag","embeddable":true,"href":"https:\/\/roveyayinevi.com.tr\/index.php\/wp-json\/wp\/v2\/product_tag?post=734310"}],"curies":[{"name":"wp","href":"https:\/\/api.w.org\/{rel}","templated":true}]}}