{"id":734309,"date":"2025-08-27T22:25:51","date_gmt":"2025-08-27T19:25:51","guid":{"rendered":"https:\/\/roveyayinevi.com.tr\/index.php\/urun\/davein-magarasi\/"},"modified":"2026-04-16T02:42:04","modified_gmt":"2026-04-15T23:42:04","slug":"davein-magarasi","status":"publish","type":"product","link":"https:\/\/roveyayinevi.com.tr\/index.php\/urun\/davein-magarasi\/","title":{"rendered":"Dave&#8217;in Ma\u011faras\u0131"},"content":{"rendered":"<p>Ma\u011fara adam\u0131 Dave ile tan\u0131\u015f\u0131n. Dave bir ma\u011farada ya\u015f\u0131yor. Dave\u2019in ma\u011faras\u0131 harika. Ama Dave hi\u00e7 mutlu de\u011fil ve\u2026 Yeni bir ma\u011fara istiyor. Bakal\u0131m Dave yeni ma\u011fara aray\u0131\u015f\u0131nda nelerle kar\u015f\u0131la\u015facak ve sonunda nereye yerle\u015fecek?   Frann Preston-Gannon\u2019\u0131n yaz\u0131p resimledi\u011fi Dave\u2019in Ma\u011faras\u0131\u2019n\u0131, Ay\u00e7a Ak\u0131n Hamarat T\u00fcrk\u00e7eye \u00e7evirdi. <\/p>\n","protected":false},"excerpt":{"rendered":"<p>Ma\u011fara adam\u0131 Dave ile tan\u0131\u015f\u0131n. Dave bir ma\u011farada ya\u015f\u0131yor. Dave\u2019in ma\u011faras\u0131 harika. Ama Dave hi\u00e7 mutlu de\u011fil ve\u2026 Yeni bir ma\u011fara istiyor. Bakal\u0131m Dave yeni ma\u011fara<span class=\"excerpt-hellip\"> [\u2026]<\/span><\/p>\n","protected":false},"featured_media":0,"template":"","meta":{"_monsterinsights_skip_tracking":false,"_monsterinsights_sitenote_active":false,"_monsterinsights_sitenote_note":"","_monsterinsights_sitenote_category":0},"product_brand":[],"product_cat":[12274,12284],"product_tag":[],"class_list":{"0":"post-734309","1":"product","2":"type-product","3":"status-publish","5":"product_cat-cocuk-ve-genclik-kitaplari","6":"product_cat-hikayeler","7":"pa_cilt-ciltsiz","8":"pa_tur-kitap","9":"pa_yayinevi-potikare-yayincilik","10":"pa_yazar-frann-preston-gannon","12":"first","13":"instock","14":"sale","15":"shipping-taxable","16":"purchasable","17":"product-type-simple"},"_links":{"self":[{"href":"https:\/\/roveyayinevi.com.tr\/index.php\/wp-json\/wp\/v2\/product\/734309","targetHints":{"allow":["GET"]}}],"collection":[{"href":"https:\/\/roveyayinevi.com.tr\/index.php\/wp-json\/wp\/v2\/product"}],"about":[{"href":"https:\/\/roveyayinevi.com.tr\/index.php\/wp-json\/wp\/v2\/types\/product"}],"wp:attachment":[{"href":"https:\/\/roveyayinevi.com.tr\/index.php\/wp-json\/wp\/v2\/media?parent=734309"}],"wp:term":[{"taxonomy":"product_brand","embeddable":true,"href":"https:\/\/roveyayinevi.com.tr\/index.php\/wp-json\/wp\/v2\/product_brand?post=734309"},{"taxonomy":"product_cat","embeddable":true,"href":"https:\/\/roveyayinevi.com.tr\/index.php\/wp-json\/wp\/v2\/product_cat?post=734309"},{"taxonomy":"product_tag","embeddable":true,"href":"https:\/\/roveyayinevi.com.tr\/index.php\/wp-json\/wp\/v2\/product_tag?post=734309"}],"curies":[{"name":"wp","href":"https:\/\/api.w.org\/{rel}","templated":true}]}}