{"id":734306,"date":"2025-08-27T22:25:47","date_gmt":"2025-08-27T19:25:47","guid":{"rendered":"https:\/\/roveyayinevi.com.tr\/index.php\/urun\/kanunsuz\/"},"modified":"2026-04-16T02:42:04","modified_gmt":"2026-04-15T23:42:04","slug":"kanunsuz","status":"publish","type":"product","link":"https:\/\/roveyayinevi.com.tr\/index.php\/urun\/kanunsuz\/","title":{"rendered":"Kanunsuz"},"content":{"rendered":"<p>Ka\u00e7ak bir k\u0131z\u0131n s\u00fcr\u00fckleyici yolculu\u011fu, gizemli bir soyguncular \u00e7etesi ve Vah\u015fi Bat\u0131\u2019y\u0131 de\u011fi\u015ftirmek i\u00e7in kalk\u0131\u015facaklar\u0131 tehlikeli macera, klasikle\u015fecek, s\u0131ra d\u0131\u015f\u0131 bir modern masal\u0131n izlerini ta\u015f\u0131yor.   1894 y\u0131l\u0131nda bir kanunsuz oldum.   Evlendi\u011fi g\u00fcn on yedi ya\u015f\u0131ndaki Ada\u2019n\u0131n hayat\u0131 g\u00fczel g\u00f6r\u00fcn\u00fcyordu. Kocas\u0131n\u0131 seviyordu, sayg\u0131 duyulan bir ebe olan annesinin yard\u0131mc\u0131s\u0131 olarak \u00e7al\u0131\u015fmaktan memnundu. Ama evlili\u011finde bir y\u0131l\u0131 geride b\u0131rak\u0131rken h\u00e2l\u00e2 hamile kalamam\u0131\u015ft\u0131. \u00c7ocu\u011fu olmayan kad\u0131nlar\u0131n cad\u0131 kabul edilip as\u0131ld\u0131\u011f\u0131 bir kasabada hayatta kalmas\u0131n\u0131n tek yolu, sevdi\u011fi her \u015feyi geride b\u0131rak\u0131p ka\u00e7makt\u0131.   Ada, bir s\u00fcre sonra herkesin Kid diye tan\u0131d\u0131\u011f\u0131 bir haydudun liderlik etti\u011fi me\u015fhur Duvardaki Delik \u00c7etesi\u2019ne kat\u0131ld\u0131. Karizmatik, g\u00f6rkemli, ruh hali de\u011fi\u015fken Kid, toplumdan d\u0131\u015flanan t\u00fcm kad\u0131nlar i\u00e7in g\u00fcvenli bir cennet yaratmaya kararl\u0131yd\u0131. Ama bu r\u00fcyay\u0131 ger\u00e7ekle\u015ftirmek i\u00e7in ak\u0131l almaz bir plan uygulamalar\u0131 gerekiyordu ve sonunda hepsi can\u0131ndan olabilirdi. Ada yeni bir gelecek ihtimali i\u00e7in hayat\u0131n\u0131 riske atabilecek miydi? Kar\u015f\u0131 konulmaz derecede ak\u0131ll\u0131, cesur ve kararl\u0131 bir kahramana sahip olan Kanunsuz, eski Bat\u0131 efsanesinin tozunu al\u0131yor ve insanc\u0131l, feminist bak\u0131\u015f a\u00e7\u0131s\u0131yla p\u0131r\u0131l p\u0131r\u0131l, yeni bir klasik vaat ediyor. Anna North \u00f6l\u00fcm\u00fcn k\u0131y\u0131s\u0131nda umudu ve dar g\u00f6r\u00fc\u015fl\u00fcl\u00fckle korku ikliminde ger\u00e7e\u011fi aramak \u00fczerine s\u00fcr\u00fckleyici bir hik\u00e2ye anlat\u0131yor. <\/p>\n","protected":false},"excerpt":{"rendered":"<p>Ka\u00e7ak bir k\u0131z\u0131n s\u00fcr\u00fckleyici yolculu\u011fu, gizemli bir soyguncular \u00e7etesi ve Vah\u015fi Bat\u0131\u2019y\u0131 de\u011fi\u015ftirmek i\u00e7in kalk\u0131\u015facaklar\u0131 tehlikeli macera, klasikle\u015fecek, s\u0131ra d\u0131\u015f\u0131 bir modern masal\u0131n izlerini ta\u015f\u0131yor. 1894<span class=\"excerpt-hellip\"> [\u2026]<\/span><\/p>\n","protected":false},"featured_media":0,"template":"","meta":{"_monsterinsights_skip_tracking":false,"_monsterinsights_sitenote_active":false,"_monsterinsights_sitenote_note":"","_monsterinsights_sitenote_category":0},"product_brand":[],"product_cat":[12291,12711],"product_tag":[],"class_list":{"0":"post-734306","1":"product","2":"type-product","3":"status-publish","5":"product_cat-edebiyat","6":"product_cat-roman-oyku","7":"pa_cilt-ciltsiz","8":"pa_tur-kitap","9":"pa_yayinevi-artemis-yayinlari","10":"pa_yazar-anna-north","12":"first","13":"instock","14":"sale","15":"shipping-taxable","16":"purchasable","17":"product-type-simple"},"_links":{"self":[{"href":"https:\/\/roveyayinevi.com.tr\/index.php\/wp-json\/wp\/v2\/product\/734306","targetHints":{"allow":["GET"]}}],"collection":[{"href":"https:\/\/roveyayinevi.com.tr\/index.php\/wp-json\/wp\/v2\/product"}],"about":[{"href":"https:\/\/roveyayinevi.com.tr\/index.php\/wp-json\/wp\/v2\/types\/product"}],"wp:attachment":[{"href":"https:\/\/roveyayinevi.com.tr\/index.php\/wp-json\/wp\/v2\/media?parent=734306"}],"wp:term":[{"taxonomy":"product_brand","embeddable":true,"href":"https:\/\/roveyayinevi.com.tr\/index.php\/wp-json\/wp\/v2\/product_brand?post=734306"},{"taxonomy":"product_cat","embeddable":true,"href":"https:\/\/roveyayinevi.com.tr\/index.php\/wp-json\/wp\/v2\/product_cat?post=734306"},{"taxonomy":"product_tag","embeddable":true,"href":"https:\/\/roveyayinevi.com.tr\/index.php\/wp-json\/wp\/v2\/product_tag?post=734306"}],"curies":[{"name":"wp","href":"https:\/\/api.w.org\/{rel}","templated":true}]}}