{"id":734305,"date":"2025-08-27T22:25:45","date_gmt":"2025-08-27T19:25:45","guid":{"rendered":"https:\/\/roveyayinevi.com.tr\/index.php\/urun\/emily-basari-yolunda\/"},"modified":"2026-04-16T02:42:04","modified_gmt":"2026-04-15T23:42:04","slug":"emily-basari-yolunda","status":"publish","type":"product","link":"https:\/\/roveyayinevi.com.tr\/index.php\/urun\/emily-basari-yolunda\/","title":{"rendered":"Emily &#8211; Ba\u015far\u0131 Yolunda"},"content":{"rendered":"<p>Ba\u015far\u0131 yolunda tutku ve azimle ilerleyen bir gen\u00e7 k\u0131z\u0131n ilham veren hik\u00e2yesi   Babas\u0131n\u0131n \u00f6l\u00fcm\u00fcn\u00fcn ard\u0131ndan akrabalar\u0131n\u0131n yan\u0131na yerle\u015fen Emily Starr y\u0131llar ge\u00e7se de yazma tutkusundan hi\u00e7 vazge\u00e7mez. Bu, gelip ge\u00e7ici bir \u00e7ocukluk hevesi de\u011fildir ve yazd\u0131klar\u0131 h\u00e2l\u00e2 en iyi yolda\u015f\u0131d\u0131r. Elizabeth teyzesi hi\u00e7 onaylamasa da Emily, defterlerini doldurmaya devam eder. Yazd\u0131klar\u0131 yava\u015f yava\u015f kabul g\u00f6rmeye ba\u015flar.   Di\u011fer arkada\u015flar\u0131 gibi e\u011fitimine devam etmek \u00fczere liseye gitmek isteyen Emily\u2019nin kar\u015f\u0131s\u0131nda kuralc\u0131 ve disiplinli Elizabeth teyze engeli vard\u0131r. Emily en tepeye t\u0131rman\u0131p o \u0131\u015f\u0131lt\u0131l\u0131 listeye bir kad\u0131n\u0131n ad\u0131n\u0131 yazd\u0131rman\u0131n hayalini kursa da ba\u015far\u0131 yolunda ilerlerken kar\u015f\u0131s\u0131na \u00e7\u0131kan engelleri a\u015fmak ve f\u0131rsatlar\u0131 de\u011ferlendirmek ba\u015fl\u0131 ba\u015f\u0131na bir s\u0131navd\u0131r. Emily\u2019nin, \u00f6n\u00fcnde uzanan bu yolu y\u00fcr\u00fcrken baz\u0131 kararlar vermesi ve aile b\u00fcy\u00fcklerinin koydu\u011fu \u015fartlara uymas\u0131 gerekecektir.    <\/p>\n","protected":false},"excerpt":{"rendered":"<p>Ba\u015far\u0131 yolunda tutku ve azimle ilerleyen bir gen\u00e7 k\u0131z\u0131n ilham veren hik\u00e2yesi Babas\u0131n\u0131n \u00f6l\u00fcm\u00fcn\u00fcn ard\u0131ndan akrabalar\u0131n\u0131n yan\u0131na yerle\u015fen Emily Starr y\u0131llar ge\u00e7se de yazma tutkusundan hi\u00e7<span class=\"excerpt-hellip\"> [\u2026]<\/span><\/p>\n","protected":false},"featured_media":0,"template":"","meta":{"_monsterinsights_skip_tracking":false,"_monsterinsights_sitenote_active":false,"_monsterinsights_sitenote_note":"","_monsterinsights_sitenote_category":0},"product_brand":[],"product_cat":[12291,12711],"product_tag":[],"class_list":{"0":"post-734305","1":"product","2":"type-product","3":"status-publish","5":"product_cat-edebiyat","6":"product_cat-roman-oyku","7":"pa_cilt-ciltsiz","8":"pa_tur-kitap","9":"pa_yayinevi-artemis-yayinlari","10":"pa_yazar-lucy-maud-montgomery","12":"first","13":"instock","14":"sale","15":"shipping-taxable","16":"purchasable","17":"product-type-simple"},"_links":{"self":[{"href":"https:\/\/roveyayinevi.com.tr\/index.php\/wp-json\/wp\/v2\/product\/734305","targetHints":{"allow":["GET"]}}],"collection":[{"href":"https:\/\/roveyayinevi.com.tr\/index.php\/wp-json\/wp\/v2\/product"}],"about":[{"href":"https:\/\/roveyayinevi.com.tr\/index.php\/wp-json\/wp\/v2\/types\/product"}],"wp:attachment":[{"href":"https:\/\/roveyayinevi.com.tr\/index.php\/wp-json\/wp\/v2\/media?parent=734305"}],"wp:term":[{"taxonomy":"product_brand","embeddable":true,"href":"https:\/\/roveyayinevi.com.tr\/index.php\/wp-json\/wp\/v2\/product_brand?post=734305"},{"taxonomy":"product_cat","embeddable":true,"href":"https:\/\/roveyayinevi.com.tr\/index.php\/wp-json\/wp\/v2\/product_cat?post=734305"},{"taxonomy":"product_tag","embeddable":true,"href":"https:\/\/roveyayinevi.com.tr\/index.php\/wp-json\/wp\/v2\/product_tag?post=734305"}],"curies":[{"name":"wp","href":"https:\/\/api.w.org\/{rel}","templated":true}]}}