{"id":734301,"date":"2025-08-27T22:25:41","date_gmt":"2025-08-27T19:25:41","guid":{"rendered":"https:\/\/roveyayinevi.com.tr\/index.php\/urun\/orgutlerin-karanlik-yuzu\/"},"modified":"2026-04-16T02:42:04","modified_gmt":"2026-04-15T23:42:04","slug":"orgutlerin-karanlik-yuzu","status":"publish","type":"product","link":"https:\/\/roveyayinevi.com.tr\/index.php\/urun\/orgutlerin-karanlik-yuzu\/","title":{"rendered":"\u00d6rg\u00fctlerin Karanl\u0131k Y\u00fcz\u00fc"},"content":{"rendered":"<p>Y\u00f6netim ve \u00f6rg\u00fctsel ara\u015ft\u0131rmalar yaz\u0131n\u0131nda Klasik D\u00f6nemin ard\u0131ndan Neoklasik ve devam\u0131nda gelen modern y\u00f6netim yakla\u015f\u0131mlar\u0131yla birlikte be\u015feri sermaye ve insana \u00f6nem vurgusu artm\u0131\u015ft\u0131r. \u00d6rg\u00fct\u00fcn sahip oldu\u011fu en \u00f6nemli kayna\u011f\u0131n insan oldu\u011funun anla\u015f\u0131lmas\u0131yla birlikte, bahse konu \u00f6rg\u00fct \u00fcyesi bireylerin i\u015fletme i\u00e7erisinde i\u015flerini icra ederken sergileyecekleri her t\u00fcrl\u00fc olumlu ve olumsuz davran\u0131\u015f da i\u015fletmenin faaliyetlerini s\u00fcrd\u00fcrebilmesi ve g\u00fcn\u00fcn sonunda rekabet \u00fcst\u00fcnl\u00fc\u011f\u00fc elde etmesinde kar\u015f\u0131la\u015f\u0131lan en \u00f6nemli unsur olarak kar\u015f\u0131m\u0131za \u00e7\u0131kmaktad\u0131r. Bireylerin sergiledikleri olumlu ve olumsuz her t\u00fcr davran\u0131\u015f\u0131n b\u00fct\u00fcnc\u00fcl bir bak\u0131\u015f a\u00e7\u0131s\u0131yla birlikte ele al\u0131nmas\u0131n\u0131n gereklili\u011fi ve insan do\u011fas\u0131 gere\u011fi sergilenen davran\u0131\u015flar\u0131n her zaman olumlu olmayaca\u011f\u0131 ve bu olumsuz tutumlar\u0131n da \u00f6rg\u00fctleri ve \u00f6rg\u00fct \u00fcyesi di\u011fer bireyleri farkl\u0131 alanlarda etkileyece\u011fi yads\u0131namaz bir olgudur. Bahse konu olumsuz tutum ve tav\u0131rlar \u00f6rg\u00fctsel alan\u0131n ya da daha \u00f6zelde \u00f6rg\u00fctsel davran\u0131\u015f alan\u0131n\u0131n karanl\u0131k y\u00fcz\u00fcn\u00fc temsil etmektedir. \u00d6rg\u00fctlerin karanl\u0131k y\u00fcz\u00fcn\u00fc olu\u015fturan baz\u0131 temel konular\u0131n ele al\u0131nd\u0131\u011f\u0131 bu kitapta, an\u0131lan davran\u0131\u015flar\u0131n \u00f6nc\u00fclleri, sebepleri ve \u00f6rg\u00fctsel alandaki yans\u0131malar\u0131 \u00fczerinde durulmu\u015ftur.<\/p>\n","protected":false},"excerpt":{"rendered":"<p>Y\u00f6netim ve \u00f6rg\u00fctsel ara\u015ft\u0131rmalar yaz\u0131n\u0131nda Klasik D\u00f6nemin ard\u0131ndan Neoklasik ve devam\u0131nda gelen modern y\u00f6netim yakla\u015f\u0131mlar\u0131yla birlikte be\u015feri sermaye ve insana \u00f6nem vurgusu artm\u0131\u015ft\u0131r. \u00d6rg\u00fct\u00fcn sahip oldu\u011fu<span class=\"excerpt-hellip\"> [\u2026]<\/span><\/p>\n","protected":false},"featured_media":0,"template":"","meta":{"_monsterinsights_skip_tracking":false,"_monsterinsights_sitenote_active":false,"_monsterinsights_sitenote_note":"","_monsterinsights_sitenote_category":0},"product_brand":[],"product_cat":[13043,14381],"product_tag":[],"class_list":{"0":"post-734301","1":"product","2":"type-product","3":"status-publish","5":"product_cat-ekonomi","6":"product_cat-isletme-muhasebe-maliye","7":"pa_cilt-ciltsiz","8":"pa_tur-kitap","9":"pa_yayinevi-siyasal-kitabevi-akademik-kitaplar","10":"pa_yazar-pinar-fayganoglu-rukiye-can-yalcin","12":"first","13":"instock","14":"sale","15":"shipping-taxable","16":"purchasable","17":"product-type-simple"},"_links":{"self":[{"href":"https:\/\/roveyayinevi.com.tr\/index.php\/wp-json\/wp\/v2\/product\/734301","targetHints":{"allow":["GET"]}}],"collection":[{"href":"https:\/\/roveyayinevi.com.tr\/index.php\/wp-json\/wp\/v2\/product"}],"about":[{"href":"https:\/\/roveyayinevi.com.tr\/index.php\/wp-json\/wp\/v2\/types\/product"}],"wp:attachment":[{"href":"https:\/\/roveyayinevi.com.tr\/index.php\/wp-json\/wp\/v2\/media?parent=734301"}],"wp:term":[{"taxonomy":"product_brand","embeddable":true,"href":"https:\/\/roveyayinevi.com.tr\/index.php\/wp-json\/wp\/v2\/product_brand?post=734301"},{"taxonomy":"product_cat","embeddable":true,"href":"https:\/\/roveyayinevi.com.tr\/index.php\/wp-json\/wp\/v2\/product_cat?post=734301"},{"taxonomy":"product_tag","embeddable":true,"href":"https:\/\/roveyayinevi.com.tr\/index.php\/wp-json\/wp\/v2\/product_tag?post=734301"}],"curies":[{"name":"wp","href":"https:\/\/api.w.org\/{rel}","templated":true}]}}