{"id":734298,"date":"2025-08-27T22:25:38","date_gmt":"2025-08-27T19:25:38","guid":{"rendered":"https:\/\/roveyayinevi.com.tr\/index.php\/urun\/yildizlara-giden-babalar\/"},"modified":"2026-04-16T02:42:04","modified_gmt":"2026-04-15T23:42:04","slug":"yildizlara-giden-babalar","status":"publish","type":"product","link":"https:\/\/roveyayinevi.com.tr\/index.php\/urun\/yildizlara-giden-babalar\/","title":{"rendered":"Y\u0131ld\u0131zlara Giden Babalar"},"content":{"rendered":"<p>&#8220;en g\u00fczel g\u00fcller \u00f6l\u00fcm\u00fcne a\u011fl\u0131yor \u015fimdi. her gece binlerce y\u0131ld\u0131z d\u00fc\u015ferken denize, sar\u0131l\u0131r ruhuma bir kedi sinsice beyaz yeleli atlar ki\u015fniyor cennette, ah o gece karas\u0131 \u00f6l\u00fcmle el ele. bu oba s\u0131r gibi g\u00f6m\u00fcld\u00fc, topra\u011fa seninle. g\u00f6n\u00fcller a\u015fka kand\u0131 \u00c7igan gecelerinde. b\u00f6yle bir gecede verdi, \u015feytan \u00f6ld\u00fcren t\u0131ls\u0131m\u0131n\u0131 sus! sus! ! susturun \u015fu \u00e7\u0131\u011fl\u0131\u011f\u0131! ate\u015fe d\u00fc\u015fen g\u00fcl art\u0131k yand\u0131!&#8221; <\/p>\n","protected":false},"excerpt":{"rendered":"<p>&#8220;en g\u00fczel g\u00fcller \u00f6l\u00fcm\u00fcne a\u011fl\u0131yor \u015fimdi. her gece binlerce y\u0131ld\u0131z d\u00fc\u015ferken denize, sar\u0131l\u0131r ruhuma bir kedi sinsice beyaz yeleli atlar ki\u015fniyor cennette, ah o gece karas\u0131<span class=\"excerpt-hellip\"> [\u2026]<\/span><\/p>\n","protected":false},"featured_media":0,"template":"","meta":{"_monsterinsights_skip_tracking":false,"_monsterinsights_sitenote_active":false,"_monsterinsights_sitenote_note":"","_monsterinsights_sitenote_category":0},"product_brand":[],"product_cat":[12291,12509],"product_tag":[],"class_list":{"0":"post-734298","1":"product","2":"type-product","3":"status-publish","5":"product_cat-edebiyat","6":"product_cat-siir","7":"pa_cilt-ciltsiz","8":"pa_tur-kitap","9":"pa_yayinevi-imgenin-cocuklari","10":"pa_yazar-nurhan-gokturk","12":"first","13":"instock","14":"sale","15":"shipping-taxable","16":"purchasable","17":"product-type-simple"},"_links":{"self":[{"href":"https:\/\/roveyayinevi.com.tr\/index.php\/wp-json\/wp\/v2\/product\/734298","targetHints":{"allow":["GET"]}}],"collection":[{"href":"https:\/\/roveyayinevi.com.tr\/index.php\/wp-json\/wp\/v2\/product"}],"about":[{"href":"https:\/\/roveyayinevi.com.tr\/index.php\/wp-json\/wp\/v2\/types\/product"}],"wp:attachment":[{"href":"https:\/\/roveyayinevi.com.tr\/index.php\/wp-json\/wp\/v2\/media?parent=734298"}],"wp:term":[{"taxonomy":"product_brand","embeddable":true,"href":"https:\/\/roveyayinevi.com.tr\/index.php\/wp-json\/wp\/v2\/product_brand?post=734298"},{"taxonomy":"product_cat","embeddable":true,"href":"https:\/\/roveyayinevi.com.tr\/index.php\/wp-json\/wp\/v2\/product_cat?post=734298"},{"taxonomy":"product_tag","embeddable":true,"href":"https:\/\/roveyayinevi.com.tr\/index.php\/wp-json\/wp\/v2\/product_tag?post=734298"}],"curies":[{"name":"wp","href":"https:\/\/api.w.org\/{rel}","templated":true}]}}