{"id":734297,"date":"2025-08-27T22:25:37","date_gmt":"2025-08-27T19:25:37","guid":{"rendered":"https:\/\/roveyayinevi.com.tr\/index.php\/urun\/si-sesi\/"},"modified":"2026-04-16T02:42:04","modified_gmt":"2026-04-15T23:42:04","slug":"si-sesi","status":"publish","type":"product","link":"https:\/\/roveyayinevi.com.tr\/index.php\/urun\/si-sesi\/","title":{"rendered":"Si Sesi"},"content":{"rendered":"<p>&#8220;Bulutlar soluk solu\u011fa, Sanki ayk\u0131r\u0131 maviliklere Bak g\u00f6ky\u00fcz\u00fcne ve denize Seni \u00e7a\u011f\u0131r\u0131yor i\u015fte. \u0130nan inan ki sen; Her \u015feyi de\u011fi\u015ftirebileceksin&#8230;&#8221; <\/p>\n","protected":false},"excerpt":{"rendered":"<p>&#8220;Bulutlar soluk solu\u011fa, Sanki ayk\u0131r\u0131 maviliklere Bak g\u00f6ky\u00fcz\u00fcne ve denize Seni \u00e7a\u011f\u0131r\u0131yor i\u015fte. \u0130nan inan ki sen; Her \u015feyi de\u011fi\u015ftirebileceksin&#8230;&#8221;<\/p>\n","protected":false},"featured_media":0,"template":"","meta":{"_monsterinsights_skip_tracking":false,"_monsterinsights_sitenote_active":false,"_monsterinsights_sitenote_note":"","_monsterinsights_sitenote_category":0},"product_brand":[],"product_cat":[12291,12509],"product_tag":[],"class_list":{"0":"post-734297","1":"product","2":"type-product","3":"status-publish","5":"product_cat-edebiyat","6":"product_cat-siir","7":"pa_cilt-ciltsiz","8":"pa_tur-kitap","9":"pa_yayinevi-imgenin-cocuklari","10":"pa_yazar-evdo-apeo","12":"first","13":"instock","14":"sale","15":"shipping-taxable","16":"purchasable","17":"product-type-simple"},"_links":{"self":[{"href":"https:\/\/roveyayinevi.com.tr\/index.php\/wp-json\/wp\/v2\/product\/734297","targetHints":{"allow":["GET"]}}],"collection":[{"href":"https:\/\/roveyayinevi.com.tr\/index.php\/wp-json\/wp\/v2\/product"}],"about":[{"href":"https:\/\/roveyayinevi.com.tr\/index.php\/wp-json\/wp\/v2\/types\/product"}],"wp:attachment":[{"href":"https:\/\/roveyayinevi.com.tr\/index.php\/wp-json\/wp\/v2\/media?parent=734297"}],"wp:term":[{"taxonomy":"product_brand","embeddable":true,"href":"https:\/\/roveyayinevi.com.tr\/index.php\/wp-json\/wp\/v2\/product_brand?post=734297"},{"taxonomy":"product_cat","embeddable":true,"href":"https:\/\/roveyayinevi.com.tr\/index.php\/wp-json\/wp\/v2\/product_cat?post=734297"},{"taxonomy":"product_tag","embeddable":true,"href":"https:\/\/roveyayinevi.com.tr\/index.php\/wp-json\/wp\/v2\/product_tag?post=734297"}],"curies":[{"name":"wp","href":"https:\/\/api.w.org\/{rel}","templated":true}]}}