{"id":734296,"date":"2025-08-27T22:25:36","date_gmt":"2025-08-27T19:25:36","guid":{"rendered":"https:\/\/roveyayinevi.com.tr\/index.php\/urun\/turkiye-solunun-kibris-cikmazi\/"},"modified":"2026-04-16T02:42:04","modified_gmt":"2026-04-15T23:42:04","slug":"turkiye-solunun-kibris-cikmazi","status":"publish","type":"product","link":"https:\/\/roveyayinevi.com.tr\/index.php\/urun\/turkiye-solunun-kibris-cikmazi\/","title":{"rendered":"T\u00fcrkiye Solunun K\u0131br\u0131s \u00c7\u0131kmaz\u0131"},"content":{"rendered":"<p>Bu kitapta, 1950-1980 y\u0131llar\u0131 aras\u0131nda T\u00fcrkiye solunun K\u0131br\u0131s sorununa bak\u0131\u015f\u0131 konu edilmektedir.   T\u00fcrk\u00e7ede K\u0131br\u0131s sorununu farkl\u0131 perspektiflerden ele alan \u00e7al\u0131\u015fmalar yer alsa da T\u00fcrkiye\u2019deki sol hareketlerin bu konuya y\u00f6nelik tutumlar\u0131na dair derli toplu bir \u00e7al\u0131\u015fma bulunmamaktad\u0131r.   Bu anlamda elinizdeki kitap 1950\u2019lerde K\u0131br\u0131s sorununun ortaya \u00e7\u0131k\u0131\u015f\u0131ndan itibaren T\u00fcrkiye\u2019deki sol \u00f6rg\u00fct ve hareketlerin konuya dair tutum ve yakla\u015f\u0131mlar\u0131n\u0131 de\u011ferlendirmeye y\u00f6nelik ilk \u00e7al\u0131\u015fmad\u0131r. Daha \u00f6nce K\u0131br\u0131s\u2019ta T\u00fcrk\u00e7e ve Yunanca olarak yay\u0131nlanan  kitap, K\u0131br\u0131s sorununun \u00f6zel bir boyutuna derinlikli bir bak\u0131\u015f sa\u011flamaktad\u0131r.<\/p>\n","protected":false},"excerpt":{"rendered":"<p>Bu kitapta, 1950-1980 y\u0131llar\u0131 aras\u0131nda T\u00fcrkiye solunun K\u0131br\u0131s sorununa bak\u0131\u015f\u0131 konu edilmektedir. T\u00fcrk\u00e7ede K\u0131br\u0131s sorununu farkl\u0131 perspektiflerden ele alan \u00e7al\u0131\u015fmalar yer alsa da T\u00fcrkiye\u2019deki sol hareketlerin<span class=\"excerpt-hellip\"> [\u2026]<\/span><\/p>\n","protected":false},"featured_media":0,"template":"","meta":{"_monsterinsights_skip_tracking":false,"_monsterinsights_sitenote_active":false,"_monsterinsights_sitenote_note":"","_monsterinsights_sitenote_category":0},"product_brand":[],"product_cat":[12337,14543],"product_tag":[],"class_list":{"0":"post-734296","1":"product","2":"type-product","3":"status-publish","5":"product_cat-politika-siyaset","6":"product_cat-turkiye-siyaseti-ve-politikasi","7":"pa_cilt-ciltsiz","8":"pa_tur-kitap","9":"pa_yayinevi-koyusiyah-kitap","10":"pa_yazar-abdullah-korkmazhan","12":"first","13":"instock","14":"sale","15":"shipping-taxable","16":"purchasable","17":"product-type-simple"},"_links":{"self":[{"href":"https:\/\/roveyayinevi.com.tr\/index.php\/wp-json\/wp\/v2\/product\/734296","targetHints":{"allow":["GET"]}}],"collection":[{"href":"https:\/\/roveyayinevi.com.tr\/index.php\/wp-json\/wp\/v2\/product"}],"about":[{"href":"https:\/\/roveyayinevi.com.tr\/index.php\/wp-json\/wp\/v2\/types\/product"}],"wp:attachment":[{"href":"https:\/\/roveyayinevi.com.tr\/index.php\/wp-json\/wp\/v2\/media?parent=734296"}],"wp:term":[{"taxonomy":"product_brand","embeddable":true,"href":"https:\/\/roveyayinevi.com.tr\/index.php\/wp-json\/wp\/v2\/product_brand?post=734296"},{"taxonomy":"product_cat","embeddable":true,"href":"https:\/\/roveyayinevi.com.tr\/index.php\/wp-json\/wp\/v2\/product_cat?post=734296"},{"taxonomy":"product_tag","embeddable":true,"href":"https:\/\/roveyayinevi.com.tr\/index.php\/wp-json\/wp\/v2\/product_tag?post=734296"}],"curies":[{"name":"wp","href":"https:\/\/api.w.org\/{rel}","templated":true}]}}