{"id":734295,"date":"2025-08-27T22:25:35","date_gmt":"2025-08-27T19:25:35","guid":{"rendered":"https:\/\/roveyayinevi.com.tr\/index.php\/urun\/ateizm-deizm\/"},"modified":"2026-04-16T02:42:03","modified_gmt":"2026-04-15T23:42:03","slug":"ateizm-deizm","status":"publish","type":"product","link":"https:\/\/roveyayinevi.com.tr\/index.php\/urun\/ateizm-deizm\/","title":{"rendered":"Ateizm &#8211; Deizm"},"content":{"rendered":"<p>Bu kitap; k\u00fcresel g\u00fc\u00e7lerin ateizm, deizm, T\u00fcrk &#8211; K\u00fcrt &#8211; Arap, Alevi &#8211; S\u00fcnni \u2013 \u015eii, laik \u2013 anti laik, sa\u011fsol vb. konularda ektikleri fitne tohumlar\u0131yla; FET\u00d6, DAE\u015e, PKK, PYD, YPG, DHKP-C gibi kurduklar\u0131 ter\u00f6r \u00f6rg\u00fctleriyle, bizi biz yapan toplumsal harc\u0131m\u0131z\u0131n \u00e7imentosu olan milli de\u011ferlerimizi yok ederek; \u00dclkemizi ve \u0130slam co\u011frafyas\u0131n\u0131 par\u00e7alama, b\u00f6lme, s\u00f6m\u00fcrme hedeflerinin bertaraf edilmesine, mazlum co\u011frafyalarda akan kan ve g\u00f6z ya\u015flar\u0131n\u0131n dinmesine, bar\u0131\u015f ve huzurun tesisine, \u00f6zg\u00fcrl\u00fc\u011f\u00fcm\u00fcz\u00fcn ve ba\u011f\u0131ms\u0131zl\u0131\u011f\u0131m\u0131z\u0131n sembol\u00fc olan bayra\u011f\u0131m\u0131z\u0131n vatan topraklar\u0131m\u0131z \u00fczerinde dalgalanmas\u0131na, insanlar\u0131m\u0131z\u0131n edebiyen huzurlu ve mutlu bir hayat s\u00fcrmelerine katk\u0131da bulunmas\u0131 amac\u0131yla yaz\u0131lm\u0131\u015ft\u0131r.<\/p>\n","protected":false},"excerpt":{"rendered":"<p>Bu kitap; k\u00fcresel g\u00fc\u00e7lerin ateizm, deizm, T\u00fcrk &#8211; K\u00fcrt &#8211; Arap, Alevi &#8211; S\u00fcnni \u2013 \u015eii, laik \u2013 anti laik, sa\u011fsol vb. konularda ektikleri fitne tohumlar\u0131yla;<span class=\"excerpt-hellip\"> [\u2026]<\/span><\/p>\n","protected":false},"featured_media":0,"template":"","meta":{"_monsterinsights_skip_tracking":false,"_monsterinsights_sitenote_active":false,"_monsterinsights_sitenote_note":"","_monsterinsights_sitenote_category":0},"product_brand":[],"product_cat":[16382,12718],"product_tag":[],"class_list":{"0":"post-734295","1":"product","2":"type-product","3":"status-publish","5":"product_cat-diger-inanclar","6":"product_cat-din","7":"pa_cilt-ciltsiz","8":"pa_tur-kitap","9":"pa_yayinevi-foliant-yayinlari","10":"pa_yazar-nazmi-bozoglan","12":"first","13":"instock","14":"sale","15":"shipping-taxable","16":"purchasable","17":"product-type-simple"},"_links":{"self":[{"href":"https:\/\/roveyayinevi.com.tr\/index.php\/wp-json\/wp\/v2\/product\/734295","targetHints":{"allow":["GET"]}}],"collection":[{"href":"https:\/\/roveyayinevi.com.tr\/index.php\/wp-json\/wp\/v2\/product"}],"about":[{"href":"https:\/\/roveyayinevi.com.tr\/index.php\/wp-json\/wp\/v2\/types\/product"}],"wp:attachment":[{"href":"https:\/\/roveyayinevi.com.tr\/index.php\/wp-json\/wp\/v2\/media?parent=734295"}],"wp:term":[{"taxonomy":"product_brand","embeddable":true,"href":"https:\/\/roveyayinevi.com.tr\/index.php\/wp-json\/wp\/v2\/product_brand?post=734295"},{"taxonomy":"product_cat","embeddable":true,"href":"https:\/\/roveyayinevi.com.tr\/index.php\/wp-json\/wp\/v2\/product_cat?post=734295"},{"taxonomy":"product_tag","embeddable":true,"href":"https:\/\/roveyayinevi.com.tr\/index.php\/wp-json\/wp\/v2\/product_tag?post=734295"}],"curies":[{"name":"wp","href":"https:\/\/api.w.org\/{rel}","templated":true}]}}