{"id":734294,"date":"2025-08-27T22:25:34","date_gmt":"2025-08-27T19:25:34","guid":{"rendered":"https:\/\/roveyayinevi.com.tr\/index.php\/urun\/papatya-koyunde-unutulmaz-yaris\/"},"modified":"2026-04-16T02:42:03","modified_gmt":"2026-04-15T23:42:03","slug":"papatya-koyunde-unutulmaz-yaris","status":"publish","type":"product","link":"https:\/\/roveyayinevi.com.tr\/index.php\/urun\/papatya-koyunde-unutulmaz-yaris\/","title":{"rendered":"Papatya K\u00f6y\u00fc&#8217;nde Unutulmaz Yar\u0131\u015f"},"content":{"rendered":"<p>Mis gibi \u00e7i\u00e7ek kokan Papatya K\u00f6y\u00fc, o bahar unutulmaz bir yar\u0131\u015fa ev sahipli\u011fi yapacakt\u0131. K\u00f6y\u00fcn gen\u00e7 spor \u00f6\u011fretmeni taz\u0131 Fi\u015fek, hepsi birbirinden yetenekli \u00f6\u011frencilerini s\u0131k\u0131 antrenmanlarla ko\u015fuya haz\u0131rlam\u0131\u015ft\u0131. Di\u011fer k\u00f6y sakinleri de \u015fenlikler, e\u011flenceler ve ziyafet i\u00e7in t\u00fcm eksikleri tamamlam\u0131\u015ft\u0131. Nihayet yar\u0131\u015f g\u00fcn\u00fc gelip \u00e7att\u0131\u011f\u0131nda ya\u015fanan kazalar ve beklenmedik \u015fekilde ger\u00e7ekle\u015fen bir birincilik Fi\u015fek\u2019i de di\u011fer herkes gibi \u015fa\u015f\u0131rtm\u0131\u015ft\u0131. Bir haks\u0131zl\u0131k oldu\u011fundan \u015f\u00fcphelenen gen\u00e7 spor \u00f6\u011fretmeninin olay\u0131n pe\u015fini b\u0131rakmaya niyeti yoktu. Ancak ortaya \u00e7\u0131kan ger\u00e7ekler, pek Fi\u015fek\u2019in d\u00fc\u015f\u00fcnd\u00fc\u011f\u00fc gibi olmayacakt\u0131. \u00d6\u011frencilerinden en sessiz, en i\u00e7ine kapan\u0131k olan\u0131n\u0131n anlatt\u0131\u011f\u0131 hik\u00e2yeyle birlikte Fi\u015fek, her \u015feye bamba\u015fka bir a\u00e7\u0131dan bakmaya ba\u015flayacakt\u0131. Papatya K\u00f6y\u00fc\u2019nde Unutulmaz Yar\u0131\u015f kitab\u0131; masal gibi bir k\u00f6yde, i\u00e7ten ve erdemli karakterleriyle bizleri, \u00e7e\u015fitli hayvanlardan olu\u015fan bir k\u00f6y halk\u0131n\u0131n s\u0131ms\u0131cak hik\u00e2yesine davet ediyor. <\/p>\n","protected":false},"excerpt":{"rendered":"<p>Mis gibi \u00e7i\u00e7ek kokan Papatya K\u00f6y\u00fc, o bahar unutulmaz bir yar\u0131\u015fa ev sahipli\u011fi yapacakt\u0131. K\u00f6y\u00fcn gen\u00e7 spor \u00f6\u011fretmeni taz\u0131 Fi\u015fek, hepsi birbirinden yetenekli \u00f6\u011frencilerini s\u0131k\u0131 antrenmanlarla<span class=\"excerpt-hellip\"> [\u2026]<\/span><\/p>\n","protected":false},"featured_media":0,"template":"","meta":{"_monsterinsights_skip_tracking":false,"_monsterinsights_sitenote_active":false,"_monsterinsights_sitenote_note":"","_monsterinsights_sitenote_category":0},"product_brand":[],"product_cat":[12275,12274],"product_tag":[],"class_list":{"0":"post-734294","1":"product","2":"type-product","3":"status-publish","5":"product_cat-6-12-yas-kitaplari","6":"product_cat-cocuk-ve-genclik-kitaplari","7":"pa_cilt-ciltsiz","8":"pa_tur-kitap","9":"pa_yayinevi-ithaki-yayinlari","10":"pa_yazar-banu-bahadir-savu","12":"first","13":"instock","14":"sale","15":"shipping-taxable","16":"purchasable","17":"product-type-simple"},"_links":{"self":[{"href":"https:\/\/roveyayinevi.com.tr\/index.php\/wp-json\/wp\/v2\/product\/734294","targetHints":{"allow":["GET"]}}],"collection":[{"href":"https:\/\/roveyayinevi.com.tr\/index.php\/wp-json\/wp\/v2\/product"}],"about":[{"href":"https:\/\/roveyayinevi.com.tr\/index.php\/wp-json\/wp\/v2\/types\/product"}],"wp:attachment":[{"href":"https:\/\/roveyayinevi.com.tr\/index.php\/wp-json\/wp\/v2\/media?parent=734294"}],"wp:term":[{"taxonomy":"product_brand","embeddable":true,"href":"https:\/\/roveyayinevi.com.tr\/index.php\/wp-json\/wp\/v2\/product_brand?post=734294"},{"taxonomy":"product_cat","embeddable":true,"href":"https:\/\/roveyayinevi.com.tr\/index.php\/wp-json\/wp\/v2\/product_cat?post=734294"},{"taxonomy":"product_tag","embeddable":true,"href":"https:\/\/roveyayinevi.com.tr\/index.php\/wp-json\/wp\/v2\/product_tag?post=734294"}],"curies":[{"name":"wp","href":"https:\/\/api.w.org\/{rel}","templated":true}]}}