{"id":734291,"date":"2025-08-27T22:25:29","date_gmt":"2025-08-27T19:25:29","guid":{"rendered":"https:\/\/roveyayinevi.com.tr\/index.php\/urun\/gogun-atesleri-zaman-carki-5\/"},"modified":"2026-04-16T02:42:03","modified_gmt":"2026-04-15T23:42:03","slug":"gogun-atesleri-zaman-carki-5","status":"publish","type":"product","link":"https:\/\/roveyayinevi.com.tr\/index.php\/urun\/gogun-atesleri-zaman-carki-5\/","title":{"rendered":"G\u00f6\u011f\u00fcn Ate\u015fleri &#8211; Zaman \u00c7ark\u0131 5"},"content":{"rendered":"<p>\u201cZaman \u00c7ark\u0131 d\u00f6ner, \u00c7a\u011flar gelip ge\u00e7er, efsanele\u015fen an\u0131lar b\u0131rak\u0131r ard\u0131nda. Efsaneler solarak mit olur ve onlar\u0131 do\u011furan \u00c7a\u011f yeniden geldi\u011finde mitler bile unutulur.\u201dFantastik edebiyat devi Robert Jordan\u2019\u0131n kaleminden \u00e7\u0131kan Zaman \u00c7ark\u0131 destan\u0131 d\u00fcnya \u00e7ap\u0131nda milyonlar\u0131n hayal g\u00fcc\u00fcnde yer etti. Ayr\u0131nt\u0131l\u0131 d\u00fcnyas\u0131, en ince detay\u0131na kadar d\u00fc\u015f\u00fcn\u00fclm\u00fc\u015f b\u00fcy\u00fc sistemi, g\u00f6n\u00fcllere taht kuran karakterleri, Zaman \u00c7ark\u0131\u2019n\u0131n okurlar taraf\u0131ndan bu kadar sevilmesinin sadece birka\u00e7 sebebi. Zaman \u00c7ark\u0131\u2019n\u0131n etkileri, Patrick Rothfuss, Brandon Sanderson, Brent Weeks gibi g\u00fcn\u00fcm\u00fcz\u00fcn en b\u00fcy\u00fck fantastik yazarlar\u0131n\u0131n eserlerinde g\u00f6r\u00fclebilir.   Karanl\u0131\u011f\u0131n Y\u00fcce Efendisi\u2019ni tutan kilitler yava\u015f yava\u015f k\u0131r\u0131lsa da hapishanesi h\u00e2l\u00e2 ayaktayd\u0131. On \u00fc\u00e7 Terkedilmi\u015f\u2019ten biri olan Rahvin, Ejder\u2019e kar\u015f\u0131 nihai bir galibiyet i\u00e7in di\u011fer \u00fc\u00e7 yolda\u015f\u0131yla bir araya gelecekti. Terkedilmi\u015fler, yak\u0131n zamanda efendilerinin serbest kalaca\u011f\u0131ndan emindiler ve insanlar\u0131n diyar\u0131nda etkilerini art\u0131rmak niyetindeydiler.   Yenidendo\u011fan Ejder, d\u00fc\u015fmana kar\u015f\u0131 harekete ge\u00e7mesi gerekti\u011fini biliyordu ama emrindeki g\u00fc\u00e7ler ihanet ve h\u0131rs y\u00fcz\u00fcnden b\u00f6l\u00fcnm\u00fc\u015ft\u00fc. I\u015f\u0131\u011f\u0131n kadim koruyucular\u0131 Aes Sedai dahi i\u00e7 sava\u015fla par\u00e7alanm\u0131\u015f durumdayd\u0131. Rand, m\u00fcttefiklerinin ihanetine, d\u00fc\u015fmanlar\u0131n\u0131n bitmeyen sald\u0131r\u0131lar\u0131na ve Tek G\u00fc\u00e7\u2019\u00fc y\u00f6neten erkeklere gelen delili\u011fe kar\u015f\u0131 durup g\u00f6\u011f\u00fcn ate\u015fleri d\u00fcnyay\u0131 kemirirken ayakta kalabilecek miydi?   Ejderha, bir kez daha zaman\u0131n r\u00fczg\u00e2rlar\u0131nda havalanacak.   \u201cRobert Jordan\u2019\u0131n fantastik edebiyat\u0131n k\u00fclt\u00fcr\u00fcm\u00fczde yer edinmesindeki etkisi muazzam.\u201d \u2013Guy Gavriel Kay   \u201cRobert Jordan, Tolkien\u2019in ortaya \u00e7\u0131kard\u0131\u011f\u0131 t\u00fcre h\u00fckmetmek i\u00e7in burada.\u201d \u2013The New York Times <\/p>\n","protected":false},"excerpt":{"rendered":"<p>\u201cZaman \u00c7ark\u0131 d\u00f6ner, \u00c7a\u011flar gelip ge\u00e7er, efsanele\u015fen an\u0131lar b\u0131rak\u0131r ard\u0131nda. Efsaneler solarak mit olur ve onlar\u0131 do\u011furan \u00c7a\u011f yeniden geldi\u011finde mitler bile unutulur.\u201dFantastik edebiyat devi Robert<span class=\"excerpt-hellip\"> [\u2026]<\/span><\/p>\n","protected":false},"featured_media":0,"template":"","meta":{"_monsterinsights_skip_tracking":false,"_monsterinsights_sitenote_active":false,"_monsterinsights_sitenote_note":"","_monsterinsights_sitenote_category":0},"product_brand":[],"product_cat":[12291,14777],"product_tag":[],"class_list":{"0":"post-734291","1":"product","2":"type-product","3":"status-publish","5":"product_cat-edebiyat","6":"product_cat-fantastik","7":"pa_cilt-ciltsiz","8":"pa_tur-kitap","9":"pa_yayinevi-ithaki-yayinlari","10":"pa_yazar-robert-jordan","12":"first","13":"instock","14":"sale","15":"shipping-taxable","16":"purchasable","17":"product-type-simple"},"_links":{"self":[{"href":"https:\/\/roveyayinevi.com.tr\/index.php\/wp-json\/wp\/v2\/product\/734291","targetHints":{"allow":["GET"]}}],"collection":[{"href":"https:\/\/roveyayinevi.com.tr\/index.php\/wp-json\/wp\/v2\/product"}],"about":[{"href":"https:\/\/roveyayinevi.com.tr\/index.php\/wp-json\/wp\/v2\/types\/product"}],"wp:attachment":[{"href":"https:\/\/roveyayinevi.com.tr\/index.php\/wp-json\/wp\/v2\/media?parent=734291"}],"wp:term":[{"taxonomy":"product_brand","embeddable":true,"href":"https:\/\/roveyayinevi.com.tr\/index.php\/wp-json\/wp\/v2\/product_brand?post=734291"},{"taxonomy":"product_cat","embeddable":true,"href":"https:\/\/roveyayinevi.com.tr\/index.php\/wp-json\/wp\/v2\/product_cat?post=734291"},{"taxonomy":"product_tag","embeddable":true,"href":"https:\/\/roveyayinevi.com.tr\/index.php\/wp-json\/wp\/v2\/product_tag?post=734291"}],"curies":[{"name":"wp","href":"https:\/\/api.w.org\/{rel}","templated":true}]}}