{"id":734288,"date":"2025-08-27T22:25:25","date_gmt":"2025-08-27T19:25:25","guid":{"rendered":"https:\/\/roveyayinevi.com.tr\/index.php\/urun\/gizli-kusur\/"},"modified":"2026-04-16T02:42:03","modified_gmt":"2026-04-15T23:42:03","slug":"gizli-kusur","status":"publish","type":"product","link":"https:\/\/roveyayinevi.com.tr\/index.php\/urun\/gizli-kusur\/","title":{"rendered":"Gizli Kusur"},"content":{"rendered":"<p>Thomas Pynchon yaln\u0131zca yazd\u0131klar\u0131yla de\u011fil, m\u00fcnzevi ya\u015fam tarz\u0131yla da yirminci y\u00fczy\u0131l\u0131n en b\u00fcy\u00fck edebiyat fig\u00fcrlerinden. Paranoya, \u0131rk\u00e7\u0131l\u0131k, kolonyalizm, komplo teorileri, e\u015fzamanl\u0131l\u0131k ve entropi gibi \u00e7e\u015fitli konularda verdi\u011fi postmodernist eserlerle edebiyat tarihini de\u011fi\u015ftirmekle kalmay\u0131p kendinden sonra gelen yazarlar\u0131 da derinden etkileyen Pynchon\u2019\u0131n, \u00e7a\u011f\u0131m\u0131z\u0131n en m\u00fchim y\u00f6netmenlerinden Paul Thomas Anderson taraf\u0131ndan sinemaya da uyarlanan roman\u0131 Gizli Kusur ise yazar\u0131n yak\u0131n d\u00f6nem alameti farikalar\u0131ndan biri.   Y\u0131l 1970, \u00e7i\u00e7ek \u00e7ocuklar\u0131n \u00e7a\u011f\u0131 bitiyor. D\u00fcnya de\u011fi\u015firken kendisi ayn\u0131 kalan bir \u00f6zel dedektif olan Doc Sportello, eski sevgilisi Shasta bir gece kap\u0131s\u0131n\u0131 \u00e7al\u0131p ondan yard\u0131m isteyince hay\u0131r diyemiyor. Ancak bu mevzu epey dolamba\u00e7l\u0131. Ya da Doc\u2019un dikkati fazla da\u011f\u0131n\u0131k. \u00dcstelik pe\u015findeki yar\u0131 zamanl\u0131 akt\u00f6r ve polis Kocaayak Bjornsen da tam bir bela.   Thomas Pynchon\u2019dan Gizli Kusur, m\u00fcteahhitlerin, mafya ile devletin, sahte sloganlar\u0131n ve eski a\u015fk\u0131n yemye\u015fil bir sis bulutunda dans etti\u011fi bir roman, paranoyan\u0131n kutsal kitab\u0131.   \u201cPynchon paranoyaya dair alg\u0131m\u0131z\u0131 de\u011fi\u015ftirdi, onu sapk\u0131n bir psi\u015fik uzant\u0131dan, kurumsal b\u00fcrokrasi a\u011f\u0131n\u0131n merkezi par\u00e7as\u0131na d\u00f6n\u00fc\u015ft\u00fcrd\u00fc.\u201d \u2013David Foster Wallace \u201cThomas Pynchon, \u00f6yle bir yaz\u0131m \u00fcslubuna sahip ki bizim bilmedi\u011fimiz \u015feyleri bildi\u011fini d\u00fc\u015f\u00fcnd\u00fcr\u00fcyor insana.\u201d \u2013Paul Thomas Anderson<\/p>\n","protected":false},"excerpt":{"rendered":"<p>Thomas Pynchon yaln\u0131zca yazd\u0131klar\u0131yla de\u011fil, m\u00fcnzevi ya\u015fam tarz\u0131yla da yirminci y\u00fczy\u0131l\u0131n en b\u00fcy\u00fck edebiyat fig\u00fcrlerinden. Paranoya, \u0131rk\u00e7\u0131l\u0131k, kolonyalizm, komplo teorileri, e\u015fzamanl\u0131l\u0131k ve entropi gibi \u00e7e\u015fitli konularda<span class=\"excerpt-hellip\"> [\u2026]<\/span><\/p>\n","protected":false},"featured_media":0,"template":"","meta":{"_monsterinsights_skip_tracking":false,"_monsterinsights_sitenote_active":false,"_monsterinsights_sitenote_note":"","_monsterinsights_sitenote_category":0},"product_brand":[],"product_cat":[12291,12711],"product_tag":[],"class_list":{"0":"post-734288","1":"product","2":"type-product","3":"status-publish","5":"product_cat-edebiyat","6":"product_cat-roman-oyku","7":"pa_cilt-ciltsiz","8":"pa_tur-kitap","9":"pa_yayinevi-ithaki-yayinlari","10":"pa_yazar-thomas-pynchon","12":"first","13":"instock","14":"sale","15":"shipping-taxable","16":"purchasable","17":"product-type-simple"},"_links":{"self":[{"href":"https:\/\/roveyayinevi.com.tr\/index.php\/wp-json\/wp\/v2\/product\/734288","targetHints":{"allow":["GET"]}}],"collection":[{"href":"https:\/\/roveyayinevi.com.tr\/index.php\/wp-json\/wp\/v2\/product"}],"about":[{"href":"https:\/\/roveyayinevi.com.tr\/index.php\/wp-json\/wp\/v2\/types\/product"}],"wp:attachment":[{"href":"https:\/\/roveyayinevi.com.tr\/index.php\/wp-json\/wp\/v2\/media?parent=734288"}],"wp:term":[{"taxonomy":"product_brand","embeddable":true,"href":"https:\/\/roveyayinevi.com.tr\/index.php\/wp-json\/wp\/v2\/product_brand?post=734288"},{"taxonomy":"product_cat","embeddable":true,"href":"https:\/\/roveyayinevi.com.tr\/index.php\/wp-json\/wp\/v2\/product_cat?post=734288"},{"taxonomy":"product_tag","embeddable":true,"href":"https:\/\/roveyayinevi.com.tr\/index.php\/wp-json\/wp\/v2\/product_tag?post=734288"}],"curies":[{"name":"wp","href":"https:\/\/api.w.org\/{rel}","templated":true}]}}