{"id":734285,"date":"2025-08-27T22:25:22","date_gmt":"2025-08-27T19:25:22","guid":{"rendered":"https:\/\/roveyayinevi.com.tr\/index.php\/urun\/harika-teknoloji\/"},"modified":"2026-03-18T02:52:37","modified_gmt":"2026-03-17T23:52:37","slug":"harika-teknoloji","status":"publish","type":"product","link":"https:\/\/roveyayinevi.com.tr\/index.php\/urun\/harika-teknoloji\/","title":{"rendered":"Harika Teknoloji"},"content":{"rendered":"<p>Tamir i\u015flerine merakl\u0131 m\u0131s\u0131n? Makinelerin nas\u0131l \u00e7al\u0131\u015ft\u0131\u011f\u0131n\u0131 bilmek mi istiyorsun? O zaman teknoloji tam sana g\u00f6re! Seni okyanusun derinliklerinden al\u0131p Mars\u2019taki uzay istasyonuna g\u00f6t\u00fcrecek bir etkinlik maceras\u0131na haz\u0131rlan! Metaller testini \u00e7\u00f6z, u\u00e7a\u011f\u0131 havaliman\u0131na indir ve baz\u0131 modern cihazlarla tan\u0131\u015f. Bunlar\u0131n yan\u0131 s\u0131ra motor g\u00fcc\u00fcn\u00fc inceleyecek, ak\u0131ll\u0131 malzemelerle tan\u0131\u015facak, ola\u011fan\u00fcst\u00fc uygulamalar ke\u015ffedecek ve daha fazlas\u0131n\u0131 bulacaks\u0131n\u2026 <\/p>\n","protected":false},"excerpt":{"rendered":"<p>Tamir i\u015flerine merakl\u0131 m\u0131s\u0131n? Makinelerin nas\u0131l \u00e7al\u0131\u015ft\u0131\u011f\u0131n\u0131 bilmek mi istiyorsun? O zaman teknoloji tam sana g\u00f6re! Seni okyanusun derinliklerinden al\u0131p Mars\u2019taki uzay istasyonuna g\u00f6t\u00fcrecek bir etkinlik<span class=\"excerpt-hellip\"> [\u2026]<\/span><\/p>\n","protected":false},"featured_media":0,"template":"","meta":{"_monsterinsights_skip_tracking":false,"_monsterinsights_sitenote_active":false,"_monsterinsights_sitenote_note":"","_monsterinsights_sitenote_category":0},"product_brand":[],"product_cat":[12275,12274],"product_tag":[],"class_list":{"0":"post-734285","1":"product","2":"type-product","3":"status-publish","5":"product_cat-6-12-yas-kitaplari","6":"product_cat-cocuk-ve-genclik-kitaplari","7":"pa_cilt-ciltsiz","8":"pa_tur-kitap","9":"pa_yayinevi-dogan-egmont-yayincilik","10":"pa_yazar-dogan-egmont-yayincilik-kolektif","12":"first","13":"instock","14":"sale","15":"shipping-taxable","16":"purchasable","17":"product-type-simple"},"_links":{"self":[{"href":"https:\/\/roveyayinevi.com.tr\/index.php\/wp-json\/wp\/v2\/product\/734285","targetHints":{"allow":["GET"]}}],"collection":[{"href":"https:\/\/roveyayinevi.com.tr\/index.php\/wp-json\/wp\/v2\/product"}],"about":[{"href":"https:\/\/roveyayinevi.com.tr\/index.php\/wp-json\/wp\/v2\/types\/product"}],"wp:attachment":[{"href":"https:\/\/roveyayinevi.com.tr\/index.php\/wp-json\/wp\/v2\/media?parent=734285"}],"wp:term":[{"taxonomy":"product_brand","embeddable":true,"href":"https:\/\/roveyayinevi.com.tr\/index.php\/wp-json\/wp\/v2\/product_brand?post=734285"},{"taxonomy":"product_cat","embeddable":true,"href":"https:\/\/roveyayinevi.com.tr\/index.php\/wp-json\/wp\/v2\/product_cat?post=734285"},{"taxonomy":"product_tag","embeddable":true,"href":"https:\/\/roveyayinevi.com.tr\/index.php\/wp-json\/wp\/v2\/product_tag?post=734285"}],"curies":[{"name":"wp","href":"https:\/\/api.w.org\/{rel}","templated":true}]}}