{"id":734283,"date":"2025-08-27T22:25:19","date_gmt":"2025-08-27T19:25:19","guid":{"rendered":"https:\/\/roveyayinevi.com.tr\/index.php\/urun\/son-defa\/"},"modified":"2026-04-16T02:42:03","modified_gmt":"2026-04-15T23:42:03","slug":"son-defa","status":"publish","type":"product","link":"https:\/\/roveyayinevi.com.tr\/index.php\/urun\/son-defa\/","title":{"rendered":"Son Defa"},"content":{"rendered":"<p>Hayatta olmak, ya\u015famakla bir de\u011fildi.  Gidi\u015finin \u00f6\u011fretti\u011fi en b\u00fcy\u00fck yara bu olmu\u015ftu.   Aylin, \u00e2\u015f\u0131k oldu\u011fu adam\u0131n kendisini terk edi\u015fine duydu\u011fu \u00f6fkeyi \u0130talya\u2019n\u0131n b\u00fcy\u00fcl\u00fc sokaklar\u0131nda ge\u00e7ecek bir intikam plan\u0131na d\u00f6n\u00fc\u015ft\u00fcr\u00fcr. Cesaretini toplar, Uraz\u2019\u0131n kar\u015f\u0131s\u0131na \u00e7\u0131kar ve onu birbirlerini son defa g\u00f6recekleri \u00fc\u00e7 g\u00fcnl\u00fck bir seyahate ikna eder. Aylin\u2019in tek bir \u015fart\u0131 vard\u0131r: Nereden geldi\u011fi, neden orada oldu\u011fu ve daha sonra nereye gidece\u011fi asla sorulmayacakt\u0131r. Venedik\u2019e ad\u0131m atmalar\u0131yla birlikte unutulmaz bir macera ba\u015flar.    Bu plan Uraz\u2019a a\u015fktan vazge\u00e7erek ne kadar b\u00fcy\u00fck bir hata yapt\u0131\u011f\u0131n\u0131 m\u0131 g\u00f6sterecektir, yoksa Aylin tutku ve \u00f6fkenin birbiriyle harmanland\u0131\u011f\u0131 bu \u00fc\u00e7 g\u00fcnl\u00fck intikam masal\u0131nda kendi koydu\u011fu kurallar\u0131 m\u0131 y\u0131kacakt\u0131r? \u201cGelmekle \u00e7ok aptalca bir \u015fey yapt\u0131n.\u201d \u201cSen de gitmekle.\u201d   Ba\u015fkas\u0131n\u0131 sevebilirim sand\u0131m. \u00c7ok k\u00f6t\u00fc yan\u0131ld\u0131m. Solmakta olan bir \u00e7i\u00e7e\u011fe su verdim. Hi\u00e7bir \u015fey seni sesinden \u00f6nce kokundan tan\u0131yan kad\u0131n\u0131n a\u015fk\u0131ndan daha uzun bir hik\u00e2ye de\u011fildi, kalbinse bunu anlamayacak kadar benden yoksundu.  Her \u015fey bitmek \u00fczereydi. \u0130ntikam ve tutku, hik\u00e2yemize hep e\u015flik etmi\u015fti. Daha \u00f6nce defalarca kez bitmi\u015f olsak da bu seferki farkl\u0131 olacakt\u0131. Bu seferki veda son defayd\u0131. <\/p>\n","protected":false},"excerpt":{"rendered":"<p>Hayatta olmak, ya\u015famakla bir de\u011fildi. Gidi\u015finin \u00f6\u011fretti\u011fi en b\u00fcy\u00fck yara bu olmu\u015ftu. Aylin, \u00e2\u015f\u0131k oldu\u011fu adam\u0131n kendisini terk edi\u015fine duydu\u011fu \u00f6fkeyi \u0130talya\u2019n\u0131n b\u00fcy\u00fcl\u00fc sokaklar\u0131nda ge\u00e7ecek bir<span class=\"excerpt-hellip\"> [\u2026]<\/span><\/p>\n","protected":false},"featured_media":0,"template":"","meta":{"_monsterinsights_skip_tracking":false,"_monsterinsights_sitenote_active":false,"_monsterinsights_sitenote_note":"","_monsterinsights_sitenote_category":0},"product_brand":[],"product_cat":[14643,12291],"product_tag":[],"class_list":{"0":"post-734283","1":"product","2":"type-product","3":"status-publish","5":"product_cat-ask","6":"product_cat-edebiyat","7":"pa_cilt-ciltsiz","8":"pa_tur-kitap","9":"pa_yayinevi-dex-yayinevi","10":"pa_yazar-alya-oztanyel","12":"first","13":"instock","14":"sale","15":"shipping-taxable","16":"purchasable","17":"product-type-simple"},"_links":{"self":[{"href":"https:\/\/roveyayinevi.com.tr\/index.php\/wp-json\/wp\/v2\/product\/734283","targetHints":{"allow":["GET"]}}],"collection":[{"href":"https:\/\/roveyayinevi.com.tr\/index.php\/wp-json\/wp\/v2\/product"}],"about":[{"href":"https:\/\/roveyayinevi.com.tr\/index.php\/wp-json\/wp\/v2\/types\/product"}],"wp:attachment":[{"href":"https:\/\/roveyayinevi.com.tr\/index.php\/wp-json\/wp\/v2\/media?parent=734283"}],"wp:term":[{"taxonomy":"product_brand","embeddable":true,"href":"https:\/\/roveyayinevi.com.tr\/index.php\/wp-json\/wp\/v2\/product_brand?post=734283"},{"taxonomy":"product_cat","embeddable":true,"href":"https:\/\/roveyayinevi.com.tr\/index.php\/wp-json\/wp\/v2\/product_cat?post=734283"},{"taxonomy":"product_tag","embeddable":true,"href":"https:\/\/roveyayinevi.com.tr\/index.php\/wp-json\/wp\/v2\/product_tag?post=734283"}],"curies":[{"name":"wp","href":"https:\/\/api.w.org\/{rel}","templated":true}]}}