{"id":734282,"date":"2025-08-27T22:25:19","date_gmt":"2025-08-27T19:25:19","guid":{"rendered":"https:\/\/roveyayinevi.com.tr\/index.php\/urun\/dilsizin-dile-gelisi\/"},"modified":"2026-04-16T02:42:03","modified_gmt":"2026-04-15T23:42:03","slug":"dilsizin-dile-gelisi","status":"publish","type":"product","link":"https:\/\/roveyayinevi.com.tr\/index.php\/urun\/dilsizin-dile-gelisi\/","title":{"rendered":"Dilsiz&#8217;in Dile Geli\u015fi"},"content":{"rendered":"<p>Susmak, dile getirmeden konu\u015fmak demektir. Konu\u015fmak f\u0131triyse susmak tercihtir.Murat Pay\u2019\u0131n Dilsiz\u2019i, bu anlamda tercih edilmi\u015f bir s\u00f6ze d\u00f6kmeyi\u015ftir. Susmak derinle\u015ftik\u00e7e hik\u00e2ye geri \u00e7ekilmeye; metaforlar, simgeler, remizler \u00f6ne \u00e7\u0131kmaya ba\u015flar.Dilsiz\u2019in Dile Geli\u015fi\u2019nde, bir yandan senaryosuyla, y\u00f6netmenin film hakk\u0131nda tuttu\u011fu notlarla, s\u00f6yle\u015fileriyle Dilsiz\u2019in mutfa\u011f\u0131 okura a\u00e7\u0131l\u0131rken, di\u011fer yandan da film \u00fczerine yap\u0131lan \u00e7\u00f6z\u00fcmlemelerle dilsizlik h\u00e2li dile getirilmeye \u00e7al\u0131\u015f\u0131ld\u0131.Bu kitap g\u00f6rsel dille yaz\u0131sal dilin birbirini a\u00e7ma, birbirinde sakl\u0131 kimi imk\u00e2nlar\u0131 m\u00fcmk\u00fcn k\u0131lma gayretidir.<\/p>\n","protected":false},"excerpt":{"rendered":"<p>Susmak, dile getirmeden konu\u015fmak demektir. Konu\u015fmak f\u0131triyse susmak tercihtir.Murat Pay\u2019\u0131n Dilsiz\u2019i, bu anlamda tercih edilmi\u015f bir s\u00f6ze d\u00f6kmeyi\u015ftir. Susmak derinle\u015ftik\u00e7e hik\u00e2ye geri \u00e7ekilmeye; metaforlar, simgeler, remizler<span class=\"excerpt-hellip\"> [\u2026]<\/span><\/p>\n","protected":false},"featured_media":0,"template":"","meta":{"_monsterinsights_skip_tracking":false,"_monsterinsights_sitenote_active":false,"_monsterinsights_sitenote_note":"","_monsterinsights_sitenote_category":0},"product_brand":[],"product_cat":[44608,12408],"product_tag":[],"class_list":{"0":"post-734282","1":"product","2":"type-product","3":"status-publish","5":"product_cat-diger-sanat","6":"product_cat-sanat","7":"pa_cilt-ciltsiz","8":"pa_tur-kitap","9":"pa_yayinevi-albaraka-yayinlari","10":"pa_yazar-cemal-sakar","12":"first","13":"instock","14":"sale","15":"shipping-taxable","16":"purchasable","17":"product-type-simple"},"_links":{"self":[{"href":"https:\/\/roveyayinevi.com.tr\/index.php\/wp-json\/wp\/v2\/product\/734282","targetHints":{"allow":["GET"]}}],"collection":[{"href":"https:\/\/roveyayinevi.com.tr\/index.php\/wp-json\/wp\/v2\/product"}],"about":[{"href":"https:\/\/roveyayinevi.com.tr\/index.php\/wp-json\/wp\/v2\/types\/product"}],"wp:attachment":[{"href":"https:\/\/roveyayinevi.com.tr\/index.php\/wp-json\/wp\/v2\/media?parent=734282"}],"wp:term":[{"taxonomy":"product_brand","embeddable":true,"href":"https:\/\/roveyayinevi.com.tr\/index.php\/wp-json\/wp\/v2\/product_brand?post=734282"},{"taxonomy":"product_cat","embeddable":true,"href":"https:\/\/roveyayinevi.com.tr\/index.php\/wp-json\/wp\/v2\/product_cat?post=734282"},{"taxonomy":"product_tag","embeddable":true,"href":"https:\/\/roveyayinevi.com.tr\/index.php\/wp-json\/wp\/v2\/product_tag?post=734282"}],"curies":[{"name":"wp","href":"https:\/\/api.w.org\/{rel}","templated":true}]}}