{"id":734281,"date":"2025-08-27T22:25:18","date_gmt":"2025-08-27T19:25:18","guid":{"rendered":"https:\/\/roveyayinevi.com.tr\/index.php\/urun\/ticarete-giris-tacirler-ve-ticari-mallar\/"},"modified":"2026-04-16T02:42:03","modified_gmt":"2026-04-15T23:42:03","slug":"ticarete-giris-tacirler-ve-ticari-mallar","status":"publish","type":"product","link":"https:\/\/roveyayinevi.com.tr\/index.php\/urun\/ticarete-giris-tacirler-ve-ticari-mallar\/","title":{"rendered":"Ticarete Giri\u015f &#8211; Tacirler ve Ticari Mallar"},"content":{"rendered":"<p>T\u00fcrk\u00e7ede ilk defa yay\u0131nlanan D\u0131me\u015fk\u00ee\u2019nin bu klasik eseri, Orta \u00c7a\u011f \u0130slam ticaret anlay\u0131\u015f\u0131n\u0131 yans\u0131tmas\u0131 bak\u0131m\u0131ndan zengin bir i\u00e7eri\u011fe sahiptir. Eser her ne kadar d\u00f6nemin M\u00fcsl\u00fcman tacirleri i\u00e7in pratik bir el kitab\u0131 olarak d\u00fc\u015f\u00fcn\u00fclm\u00fc\u015f ve haz\u0131rlanm\u0131\u015f olsa da Akdeniz havzas\u0131ndaki ticaretin alt\u0131n \u00e7a\u011f\u0131n\u0131n ayr\u0131nt\u0131l\u0131 bir tasvirini sunmas\u0131 a\u00e7\u0131s\u0131ndan da b\u00fcy\u00fck \u00f6nem ta\u015f\u0131maktad\u0131r.\u0130ki ana b\u00f6l\u00fcmden olu\u015fan eserin ilk b\u00f6l\u00fcm\u00fcnde tacir ve ticaret t\u00fcrlerinden bahsedilmekte, ikinci b\u00f6l\u00fcmde ise mal kavram\u0131 incelenmektedir. Tacirleri istif\u00e7i (hazz\u00e2n), gezgin (rekk\u00e2z) ve ihracat\u00e7\u0131 (m\u00fccehhiz) \u015feklinde tasnif eden D\u0131me\u015fk\u00ee, mal\u0131 ucuzken al\u0131p depolayan ve fiyatlar y\u00fckselince piyasaya s\u00fcren ilk t\u00fcrden tacire, siyasi iktidar\u0131n muhtemel m\u00fcdahaleleri veya ba\u015fka sebeplerle olu\u015fan fiyat dalgalanmalar\u0131 konusunda nasihatlerde bulunmaktad\u0131r. Mal\u0131n tan\u0131m\u0131, korunmas\u0131, depolanmas\u0131, paketlenmesi ve piyasaya s\u00fcr\u00fclmesi konular\u0131n\u0131 ikinci b\u00f6l\u00fcmde ele alan yazar, konuya tam bir i\u015fletmeci ve pazarlamac\u0131 mant\u0131\u011f\u0131yla yakla\u015fmaktad\u0131r.<\/p>\n","protected":false},"excerpt":{"rendered":"<p>T\u00fcrk\u00e7ede ilk defa yay\u0131nlanan D\u0131me\u015fk\u00ee\u2019nin bu klasik eseri, Orta \u00c7a\u011f \u0130slam ticaret anlay\u0131\u015f\u0131n\u0131 yans\u0131tmas\u0131 bak\u0131m\u0131ndan zengin bir i\u00e7eri\u011fe sahiptir. Eser her ne kadar d\u00f6nemin M\u00fcsl\u00fcman tacirleri<span class=\"excerpt-hellip\"> [\u2026]<\/span><\/p>\n","protected":false},"featured_media":0,"template":"","meta":{"_monsterinsights_skip_tracking":false,"_monsterinsights_sitenote_active":false,"_monsterinsights_sitenote_note":"","_monsterinsights_sitenote_category":0},"product_brand":[],"product_cat":[12718,12719,18109],"product_tag":[],"class_list":{"0":"post-734281","1":"product","2":"type-product","3":"status-publish","5":"product_cat-din","6":"product_cat-islam","7":"product_cat-islam-tarihi","8":"pa_cilt-ciltsiz","9":"pa_tur-kitap","10":"pa_yayinevi-albaraka-yayinlari","11":"pa_yazar-ebul-fazl-cafer-b-ali-ed-dimeski","13":"first","14":"instock","15":"sale","16":"shipping-taxable","17":"purchasable","18":"product-type-simple"},"_links":{"self":[{"href":"https:\/\/roveyayinevi.com.tr\/index.php\/wp-json\/wp\/v2\/product\/734281","targetHints":{"allow":["GET"]}}],"collection":[{"href":"https:\/\/roveyayinevi.com.tr\/index.php\/wp-json\/wp\/v2\/product"}],"about":[{"href":"https:\/\/roveyayinevi.com.tr\/index.php\/wp-json\/wp\/v2\/types\/product"}],"wp:attachment":[{"href":"https:\/\/roveyayinevi.com.tr\/index.php\/wp-json\/wp\/v2\/media?parent=734281"}],"wp:term":[{"taxonomy":"product_brand","embeddable":true,"href":"https:\/\/roveyayinevi.com.tr\/index.php\/wp-json\/wp\/v2\/product_brand?post=734281"},{"taxonomy":"product_cat","embeddable":true,"href":"https:\/\/roveyayinevi.com.tr\/index.php\/wp-json\/wp\/v2\/product_cat?post=734281"},{"taxonomy":"product_tag","embeddable":true,"href":"https:\/\/roveyayinevi.com.tr\/index.php\/wp-json\/wp\/v2\/product_tag?post=734281"}],"curies":[{"name":"wp","href":"https:\/\/api.w.org\/{rel}","templated":true}]}}