{"id":734279,"date":"2025-08-27T22:25:16","date_gmt":"2025-08-27T19:25:16","guid":{"rendered":"https:\/\/roveyayinevi.com.tr\/index.php\/urun\/moonwalk\/"},"modified":"2026-04-16T02:42:03","modified_gmt":"2026-04-15T23:42:03","slug":"moonwalk","status":"publish","type":"product","link":"https:\/\/roveyayinevi.com.tr\/index.php\/urun\/moonwalk\/","title":{"rendered":"Moonwalk"},"content":{"rendered":"<p>Daha \u00f6nce &#8220;Ko\u015fan Ay&#8221; ismiyle yay\u0131mlanan &#8220;Moonwalk&#8221; \u015fimdi de \u0130ngilizce olarak yay\u0131mlanm\u0131\u015ft\u0131r. Yazar\u0131n 1950&#8217;li y\u0131llarda ya\u015fad\u0131\u011f\u0131 ho\u015f an\u0131lar \u00f6yk\u00fcler \u015feklinde anlat\u0131lm\u0131\u015ft\u0131r kitapta. Rojan Mevsim \u00d6zkan&#8217;\u0131n \u00e7evirisiyle \u0130ngilizce seviyesi 2&#8217;den itibaren herkese uygundur.<\/p>\n","protected":false},"excerpt":{"rendered":"<p>Daha \u00f6nce &#8220;Ko\u015fan Ay&#8221; ismiyle yay\u0131mlanan &#8220;Moonwalk&#8221; \u015fimdi de \u0130ngilizce olarak yay\u0131mlanm\u0131\u015ft\u0131r. Yazar\u0131n 1950&#8217;li y\u0131llarda ya\u015fad\u0131\u011f\u0131 ho\u015f an\u0131lar \u00f6yk\u00fcler \u015feklinde anlat\u0131lm\u0131\u015ft\u0131r kitapta. Rojan Mevsim \u00d6zkan&#8217;\u0131n \u00e7evirisiyle<span class=\"excerpt-hellip\"> [\u2026]<\/span><\/p>\n","protected":false},"featured_media":0,"template":"","meta":{"_monsterinsights_skip_tracking":false,"_monsterinsights_sitenote_active":false,"_monsterinsights_sitenote_note":"","_monsterinsights_sitenote_category":0},"product_brand":[],"product_cat":[12472],"product_tag":[],"class_list":{"0":"post-734279","1":"product","2":"type-product","3":"status-publish","5":"product_cat-yabanci-dilde-kitaplar","6":"pa_cilt-ciltsiz","7":"pa_tur-kitap","8":"pa_yayinevi-fa-yayinlari","9":"pa_yazar-abdullah-kundakci","11":"first","12":"instock","13":"sale","14":"shipping-taxable","15":"purchasable","16":"product-type-simple"},"_links":{"self":[{"href":"https:\/\/roveyayinevi.com.tr\/index.php\/wp-json\/wp\/v2\/product\/734279","targetHints":{"allow":["GET"]}}],"collection":[{"href":"https:\/\/roveyayinevi.com.tr\/index.php\/wp-json\/wp\/v2\/product"}],"about":[{"href":"https:\/\/roveyayinevi.com.tr\/index.php\/wp-json\/wp\/v2\/types\/product"}],"wp:attachment":[{"href":"https:\/\/roveyayinevi.com.tr\/index.php\/wp-json\/wp\/v2\/media?parent=734279"}],"wp:term":[{"taxonomy":"product_brand","embeddable":true,"href":"https:\/\/roveyayinevi.com.tr\/index.php\/wp-json\/wp\/v2\/product_brand?post=734279"},{"taxonomy":"product_cat","embeddable":true,"href":"https:\/\/roveyayinevi.com.tr\/index.php\/wp-json\/wp\/v2\/product_cat?post=734279"},{"taxonomy":"product_tag","embeddable":true,"href":"https:\/\/roveyayinevi.com.tr\/index.php\/wp-json\/wp\/v2\/product_tag?post=734279"}],"curies":[{"name":"wp","href":"https:\/\/api.w.org\/{rel}","templated":true}]}}